{"id":9793,"date":"2025-08-22T11:32:10","date_gmt":"2025-08-22T03:32:10","guid":{"rendered":"https:\/\/www.hvbio.com\/?post_type=product&#038;p=9793"},"modified":"2025-08-22T11:32:10","modified_gmt":"2025-08-22T03:32:10","slug":"hawthorn-leaf-flavonoids-80","status":"publish","type":"product","link":"https:\/\/www.hvbio.com\/de\/produkt\/hawthorn-leaf-flavonoids-80\/","title":{"rendered":"Wei\u00dfdornblatt-Flavonoide 80%"},"content":{"rendered":"<table style=\"height: 390px;\" width=\"1218\">\n<thead>\n<tr>\n<th><strong>Artikel<\/strong><\/th>\n<th><strong>Beschreibung<\/strong><\/th>\n<\/tr>\n<\/thead>\n<tbody>\n<tr>\n<td>Produktname<\/td>\n<td>Wei\u00dfdornblatt-Flavonoide 80%<\/td>\n<\/tr>\n<tr>\n<td>Hauptzutaten<\/td>\n<td>Flavonoide, Vitexin Rhamnosid<\/td>\n<\/tr>\n<tr>\n<td>Extraktionsquelle<\/td>\n<td>Extrakt aus getrockneten Bl\u00e4ttern von\u00a0<em>Crataegus pinnatifida<\/em>\u00a0Bge. var.\u00a0<em>wesentlich<\/em>\u00a0NEBr. oder\u00a0<em>Crataegus pinnatifida<\/em>\u00a0Bge. (Familie der Rosengew\u00e4chse)<\/td>\n<\/tr>\n<tr>\n<td>Aussehen<\/td>\n<td>Braunes Pulver<\/td>\n<\/tr>\n<tr>\n<td>Nachweismethode<\/td>\n<td>HPLC\/UV<\/td>\n<\/tr>\n<tr>\n<td>Anwendung Dosierungsform<\/td>\n<td>Pflanzenextrakt<\/td>\n<\/tr>\n<tr>\n<td>Lieferzeit<\/td>\n<td>Ganzj\u00e4hrig<\/td>\n<\/tr>\n<tr>\n<td>Lagerbedingungen<\/td>\n<td>In einem verschlossenen Beh\u00e4lter an einem k\u00fchlen, trockenen und dunklen Ort aufbewahren, fern von W\u00e4rmequellen und feuchten Umgebungen.<\/td>\n<\/tr>\n<tr>\n<td>Haltbarkeit<\/td>\n<td>Zwei Jahre<\/td>\n<\/tr>\n<\/tbody>\n<\/table>","protected":false},"excerpt":{"rendered":"<h3 class=\"header-vfC6AV auto-hide-last-sibling-br\">Produktname: Wei\u00dfdornblatt-Flavonoide 80%<\/h3>\n<ul class=\"auto-hide-last-sibling-br\">\n<li><strong>Hauptzutaten<\/strong>: Flavonoide, Vitexin Rhamnosid<\/li>\n<li><strong>Extraktionsquelle<\/strong>: Wei\u00dfdornblattextrakt, gewonnen aus den getrockneten Bl\u00e4ttern von\u00a0<em>Crataegus pinnatifida<\/em>\u00a0Bge. var.\u00a0<em>wesentlich<\/em>\u00a0NEBr. oder\u00a0<em>Crataegus pinnatifida<\/em>\u00a0Bge. (Familie der Rosengew\u00e4chse)<\/li>\n<li><strong>Aussehen<\/strong>: Braunes Pulver<\/li>\n<li><strong>Testmethode<\/strong>: HPLC\/UV<\/li>\n<li><strong>Anwendung Dosierungsform<\/strong>: Pflanzenextrakt<\/li>\n<li><strong>Lieferzeit<\/strong>: Ganzj\u00e4hrig verf\u00fcgbar<\/li>\n<\/ul>\n<h3 class=\"header-vfC6AV auto-hide-last-sibling-br\">Einkaufsbedingungen<\/h3>\n<ul class=\"auto-hide-last-sibling-br\">\n<li><strong>Verpackungsmethode<\/strong>: 25 kg\/Kartonfass oder Alufolienbeutel<\/li>\n<li><strong>Lagerbedingungen<\/strong>: Sollte versiegelt und vor Licht gesch\u00fctzt sein; an einem trockenen, k\u00fchlen und gut bel\u00fcfteten Ort gelagert werden<\/li>\n<li><strong>Haltbarkeit<\/strong>: 2 Jahre<\/li>\n<li><strong>Probenbereitstellung<\/strong>: Im Allgemeinen werden f\u00fcr die meisten Produkte kleine Proben von 5\u201320 g bereitgestellt. F\u00fcr einige Produkte k\u00f6nnen Probengeb\u00fchren anfallen.<\/li>\n<li><strong>Produktverpackung<\/strong>: Kartontrommel oder Aluminiumfolienbeutel (individuelle Verpackung auf Kundenwunsch m\u00f6glich)<\/li>\n<li><strong>Lieferzeit<\/strong>: Nicht kundenspezifische Produkte werden innerhalb von 48 Stunden versendet; die Lieferzeit f\u00fcr kundenspezifische Produkte wird je nach tats\u00e4chlichem Bedarf angepasst.<\/li>\n<li><strong>Transportmethode<\/strong>: Inl\u00e4ndische Expresslogistik; der angegebene Preis beinhaltet die Transportkosten.<\/li>\n<\/ul>","protected":false},"featured_media":9794,"comment_status":"closed","ping_status":"closed","template":"","meta":[],"product_brand":[],"product_cat":[17,23],"product_tag":[],"class_list":{"0":"post-9793","1":"product","2":"type-product","3":"status-publish","4":"has-post-thumbnail","6":"product_cat-plant-extract","7":"product_cat-standard-extract","9":"first","10":"instock","11":"shipping-taxable","12":"product-type-simple"},"_links":{"self":[{"href":"https:\/\/www.hvbio.com\/de\/wp-json\/wp\/v2\/product\/9793","targetHints":{"allow":["GET"]}}],"collection":[{"href":"https:\/\/www.hvbio.com\/de\/wp-json\/wp\/v2\/product"}],"about":[{"href":"https:\/\/www.hvbio.com\/de\/wp-json\/wp\/v2\/types\/product"}],"replies":[{"embeddable":true,"href":"https:\/\/www.hvbio.com\/de\/wp-json\/wp\/v2\/comments?post=9793"}],"wp:featuredmedia":[{"embeddable":true,"href":"https:\/\/www.hvbio.com\/de\/wp-json\/wp\/v2\/media\/9794"}],"wp:attachment":[{"href":"https:\/\/www.hvbio.com\/de\/wp-json\/wp\/v2\/media?parent=9793"}],"wp:term":[{"taxonomy":"product_brand","embeddable":true,"href":"https:\/\/www.hvbio.com\/de\/wp-json\/wp\/v2\/product_brand?post=9793"},{"taxonomy":"product_cat","embeddable":true,"href":"https:\/\/www.hvbio.com\/de\/wp-json\/wp\/v2\/product_cat?post=9793"},{"taxonomy":"product_tag","embeddable":true,"href":"https:\/\/www.hvbio.com\/de\/wp-json\/wp\/v2\/product_tag?post=9793"}],"curies":[{"name":"wp","href":"https:\/\/api.w.org\/{rel}","templated":true}]}}