{"id":9811,"date":"2025-08-22T14:19:31","date_gmt":"2025-08-22T06:19:31","guid":{"rendered":"https:\/\/www.hvbio.com\/?post_type=product&#038;p=9811"},"modified":"2025-08-22T14:19:31","modified_gmt":"2025-08-22T06:19:31","slug":"ligustilide-1","status":"publish","type":"product","link":"https:\/\/www.hvbio.com\/de\/produkt\/ligustilide-1\/","title":{"rendered":"\u00a0Ligustilid 1%"},"content":{"rendered":"<table style=\"height: 394px;\" width=\"965\">\n<tbody>\n<tr>\n<td>Produktname<\/td>\n<td>\u00a0Ligustilid 1%<\/td>\n<\/tr>\n<tr>\n<td>Hauptkomponente<\/td>\n<td>Ligustilid<\/td>\n<\/tr>\n<tr>\n<td>Extraktionsquelle<\/td>\n<td>Die getrockneten Wurzeln von Angelica sinensis, einer Pflanze aus der Familie der Doldenbl\u00fctler<\/td>\n<\/tr>\n<tr>\n<td>Aussehen<\/td>\n<td>Gelblich-braunes Pulver<\/td>\n<\/tr>\n<tr>\n<td>Nachweismethode<\/td>\n<td>HPLC<\/td>\n<\/tr>\n<tr>\n<td>Antragsformulare<\/td>\n<td>Weit verbreitet<\/td>\n<\/tr>\n<tr>\n<td>Lieferzeit<\/td>\n<td>Das ganze Jahr \u00fcber<\/td>\n<\/tr>\n<tr>\n<td>Lagerung<\/td>\n<td>In einem verschlossenen Beh\u00e4lter an einem k\u00fchlen, trockenen und dunklen Ort aufbewahren, fern von W\u00e4rmequellen und feuchten Umgebungen.<\/td>\n<\/tr>\n<tr>\n<td>Haltbarkeit<\/td>\n<td>Zwei Jahre<\/td>\n<\/tr>\n<\/tbody>\n<\/table>","protected":false},"excerpt":{"rendered":"<h4 class=\"header-vfC6AV auto-hide-last-sibling-br\">Produktname: Ligustilid 1%<\/h4>\n<ul class=\"auto-hide-last-sibling-br\">\n<li><strong>Hauptzutat<\/strong>: Ligustilid<\/li>\n<li><strong>Extraktionsquelle<\/strong>: Haupts\u00e4chlich aus den getrockneten Wurzeln von\u00a0<em>Angelica sinensis<\/em>\u00a0(Oliv.) Diels, eine Pflanze aus der Familie der Doldenbl\u00fctler.<\/li>\n<li><strong>Aussehen<\/strong>: Ingwergelbes Pulver<\/li>\n<li><strong>Nachweismethode<\/strong>: HPLC<\/li>\n<li><strong>Anwendungsdosierungsformen<\/strong>: Breites Anwendungsspektrum<\/li>\n<li><strong>Lieferzeit<\/strong>: Ganzj\u00e4hrig verf\u00fcgbar<\/li>\n<\/ul>\n<h4 class=\"header-vfC6AV auto-hide-last-sibling-br\">Kaufanleitung<\/h4>\n<ul class=\"auto-hide-last-sibling-br\">\n<li><strong>Verpackungsmethode<\/strong>: 25 kg pro Fiberfass oder Alufoliensack<\/li>\n<li><strong>Lagerbedingungen<\/strong>: Sollte versiegelt und vor Licht gesch\u00fctzt an einem trockenen, k\u00fchlen und gut bel\u00fcfteten Ort gelagert werden<\/li>\n<li><strong>Haltbarkeit<\/strong>: 2 Jahre<\/li>\n<li><strong>Probenbereitstellung<\/strong>: Im Allgemeinen werden f\u00fcr die meisten Produkte 5\u201320 g Proben bereitgestellt. F\u00fcr einige Produkte k\u00f6nnen Probengeb\u00fchren anfallen.<\/li>\n<li><strong>Produktverpackung<\/strong>: Verpackt in Fiberf\u00e4ssern oder Aluminiumfolienbeuteln (Sonderverpackungen auf Kundenwunsch erh\u00e4ltlich)<\/li>\n<li><strong>Lieferzeit<\/strong>: Nicht kundenspezifische Produkte werden innerhalb von 48 Stunden versendet; die Lieferzeit f\u00fcr kundenspezifische Produkte wird je nach tats\u00e4chlichem Bedarf angepasst.<\/li>\n<li><strong>Transportmethode<\/strong>: Inl\u00e4ndische Expresslieferung\/Logistik; der angegebene Preis beinhaltet die Transportkosten.<\/li>\n<\/ul>","protected":false},"featured_media":9812,"comment_status":"closed","ping_status":"closed","template":"","meta":[],"product_brand":[],"product_cat":[17,23],"product_tag":[],"class_list":{"0":"post-9811","1":"product","2":"type-product","3":"status-publish","4":"has-post-thumbnail","6":"product_cat-plant-extract","7":"product_cat-standard-extract","9":"first","10":"instock","11":"shipping-taxable","12":"product-type-simple"},"_links":{"self":[{"href":"https:\/\/www.hvbio.com\/de\/wp-json\/wp\/v2\/product\/9811","targetHints":{"allow":["GET"]}}],"collection":[{"href":"https:\/\/www.hvbio.com\/de\/wp-json\/wp\/v2\/product"}],"about":[{"href":"https:\/\/www.hvbio.com\/de\/wp-json\/wp\/v2\/types\/product"}],"replies":[{"embeddable":true,"href":"https:\/\/www.hvbio.com\/de\/wp-json\/wp\/v2\/comments?post=9811"}],"wp:featuredmedia":[{"embeddable":true,"href":"https:\/\/www.hvbio.com\/de\/wp-json\/wp\/v2\/media\/9812"}],"wp:attachment":[{"href":"https:\/\/www.hvbio.com\/de\/wp-json\/wp\/v2\/media?parent=9811"}],"wp:term":[{"taxonomy":"product_brand","embeddable":true,"href":"https:\/\/www.hvbio.com\/de\/wp-json\/wp\/v2\/product_brand?post=9811"},{"taxonomy":"product_cat","embeddable":true,"href":"https:\/\/www.hvbio.com\/de\/wp-json\/wp\/v2\/product_cat?post=9811"},{"taxonomy":"product_tag","embeddable":true,"href":"https:\/\/www.hvbio.com\/de\/wp-json\/wp\/v2\/product_tag?post=9811"}],"curies":[{"name":"wp","href":"https:\/\/api.w.org\/{rel}","templated":true}]}}