{"id":9817,"date":"2025-08-22T14:35:02","date_gmt":"2025-08-22T06:35:02","guid":{"rendered":"https:\/\/www.hvbio.com\/?post_type=product&#038;p=9817"},"modified":"2025-08-22T14:35:02","modified_gmt":"2025-08-22T06:35:02","slug":"tribulus-terrestris-saponins-40","status":"publish","type":"product","link":"https:\/\/www.hvbio.com\/de\/produkt\/tribulus-terrestris-saponins-40\/","title":{"rendered":"Tribulus Terrestris Saponine 40%"},"content":{"rendered":"<table style=\"height: 326px;\" width=\"1095\">\n<thead>\n<tr>\n<th><strong>Artikel<\/strong><\/th>\n<th><strong>Beschreibung<\/strong><\/th>\n<\/tr>\n<\/thead>\n<tbody>\n<tr>\n<td>Produktname<\/td>\n<td>Tribulus Terrestris Saponine 40%<\/td>\n<\/tr>\n<tr>\n<td>Hauptzutat<\/td>\n<td>Steroidale Saponinverbindungen<\/td>\n<\/tr>\n<tr>\n<td>Extraktionsquelle<\/td>\n<td>Haupts\u00e4chlich aus den getrockneten reifen Fr\u00fcchten von\u00a0<em>Erd-Burzeldorn<\/em>\u00a0L. (Familie Zygophyllaceae)<\/td>\n<\/tr>\n<tr>\n<td>Aussehen<\/td>\n<td>Braunes Pulver<\/td>\n<\/tr>\n<tr>\n<td>Nachweismethode<\/td>\n<td>HPLC\/UV<\/td>\n<\/tr>\n<tr>\n<td>Anwendungsdosierungsformen<\/td>\n<td>Breites Anwendungsspektrum<\/td>\n<\/tr>\n<tr>\n<td>Lieferzeit<\/td>\n<td>Ganzj\u00e4hrig verf\u00fcgbar<\/td>\n<\/tr>\n<tr>\n<td>Lagerbedingungen<\/td>\n<td>In einem verschlossenen Beh\u00e4lter an einem k\u00fchlen, trockenen und lichtgesch\u00fctzten Ort aufbewahren, fern von W\u00e4rmequellen und feuchten Umgebungen.<\/td>\n<\/tr>\n<tr>\n<td>Haltbarkeit<\/td>\n<td>Zwei Jahre<\/td>\n<\/tr>\n<\/tbody>\n<\/table>","protected":false},"excerpt":{"rendered":"<h3 class=\"header-vfC6AV auto-hide-last-sibling-br\">Produktname: Tribulus Terrestris Saponine 40%<\/h3>\n<ul class=\"auto-hide-last-sibling-br\">\n<li><strong>Hauptzutaten<\/strong>: Steroidale Saponinverbindungen<\/li>\n<li><strong>Extraktionsquelle<\/strong>: Vor allem die getrockneten und reifen Fr\u00fcchte von\u00a0<em>Erd-Burzeldorn<\/em>\u00a0L. (eine Pflanze aus der Familie der Zygophyllaceae)<\/li>\n<li><strong>Aussehen<\/strong>: Braunes Pulver<\/li>\n<li><strong>Testmethode<\/strong>: HPLC\/UV<\/li>\n<li><strong>Anwendungsdosierungsformen<\/strong>: Gro\u00dfe Auswahl<\/li>\n<li><strong>Lieferzeit<\/strong>: Ganzj\u00e4hrig<\/li>\n<\/ul>\n<h1 class=\"header-vfC6AV auto-hide-last-sibling-br\">Kaufhinweise<\/h1>\n<ul class=\"auto-hide-last-sibling-br\">\n<li><strong>Verpackungsmethode<\/strong>: 25 kg pro Papierfass oder Alufolienbeutel<\/li>\n<li><strong>Lagerbedingungen<\/strong>: Sollte versiegelt und vor Licht gesch\u00fctzt sein; an einem trockenen, k\u00fchlen und gut bel\u00fcfteten Ort gelagert werden<\/li>\n<li><strong>Haltbarkeit<\/strong>: 2 Jahre<\/li>\n<li><strong>Probenbereitstellung<\/strong>: Im Allgemeinen werden f\u00fcr die meisten Produkte 5\u201320 g kleine Proben bereitgestellt. F\u00fcr einige Produkte wird eine Probengeb\u00fchr erhoben.<\/li>\n<li><strong>Produktverpackung<\/strong>: Verpackt in Papierf\u00e4ssern oder Aluminiumfolienbeuteln (anpassbar nach Kundenwunsch)<\/li>\n<li><strong>Lieferzeit<\/strong>: Nicht kundenspezifische Produkte werden innerhalb von 48 Stunden versendet; die Lieferzeit f\u00fcr kundenspezifische Produkte wird je nach tats\u00e4chlichem Bedarf angepasst.<\/li>\n<li><strong>Transportmethode<\/strong>: Inl\u00e4ndische Expresslogistik; das Angebot beinhaltet die Transportkosten.<\/li>\n<\/ul>","protected":false},"featured_media":9819,"comment_status":"closed","ping_status":"closed","template":"","meta":[],"product_brand":[],"product_cat":[17,23],"product_tag":[],"class_list":{"0":"post-9817","1":"product","2":"type-product","3":"status-publish","4":"has-post-thumbnail","6":"product_cat-plant-extract","7":"product_cat-standard-extract","9":"first","10":"instock","11":"shipping-taxable","12":"product-type-simple"},"_links":{"self":[{"href":"https:\/\/www.hvbio.com\/de\/wp-json\/wp\/v2\/product\/9817","targetHints":{"allow":["GET"]}}],"collection":[{"href":"https:\/\/www.hvbio.com\/de\/wp-json\/wp\/v2\/product"}],"about":[{"href":"https:\/\/www.hvbio.com\/de\/wp-json\/wp\/v2\/types\/product"}],"replies":[{"embeddable":true,"href":"https:\/\/www.hvbio.com\/de\/wp-json\/wp\/v2\/comments?post=9817"}],"wp:featuredmedia":[{"embeddable":true,"href":"https:\/\/www.hvbio.com\/de\/wp-json\/wp\/v2\/media\/9819"}],"wp:attachment":[{"href":"https:\/\/www.hvbio.com\/de\/wp-json\/wp\/v2\/media?parent=9817"}],"wp:term":[{"taxonomy":"product_brand","embeddable":true,"href":"https:\/\/www.hvbio.com\/de\/wp-json\/wp\/v2\/product_brand?post=9817"},{"taxonomy":"product_cat","embeddable":true,"href":"https:\/\/www.hvbio.com\/de\/wp-json\/wp\/v2\/product_cat?post=9817"},{"taxonomy":"product_tag","embeddable":true,"href":"https:\/\/www.hvbio.com\/de\/wp-json\/wp\/v2\/product_tag?post=9817"}],"curies":[{"name":"wp","href":"https:\/\/api.w.org\/{rel}","templated":true}]}}