{"id":9834,"date":"2025-08-26T14:43:49","date_gmt":"2025-08-26T06:43:49","guid":{"rendered":"https:\/\/www.hvbio.com\/?post_type=product&#038;p=9834"},"modified":"2025-08-26T14:43:49","modified_gmt":"2025-08-26T06:43:49","slug":"amygdalin-5","status":"publish","type":"product","link":"https:\/\/www.hvbio.com\/de\/produkt\/amygdalin-5\/","title":{"rendered":"Amygdalin 5%"},"content":{"rendered":"<table style=\"height: 477px;\" width=\"1166\">\n<thead>\n<tr>\n<th><strong>Attribut<\/strong><\/th>\n<th><strong>Beschreibung<\/strong><\/th>\n<\/tr>\n<\/thead>\n<tbody>\n<tr>\n<td><strong>Produktname<\/strong><\/td>\n<td>Amygdalin 5%<\/td>\n<\/tr>\n<tr>\n<td><strong>Hauptzutat<\/strong><\/td>\n<td>Amygdalin (auch bekannt als Prunasin, Vitamin B17 oder Laetril, C\u2082\u2080H\u2082\u2087NO\u2081\u2081, Molekulargewicht 457,43)<span class=\"container-Oc5zuD\">oh.wsjkw.sh.gov.cn:8443<\/span><\/td>\n<\/tr>\n<tr>\n<td><strong>Extraktionsquelle<\/strong><\/td>\n<td>Gewonnen aus den getrockneten, reifen Samen von Rosengew\u00e4chsen, darunter:<br class=\"container-utlnW2 wrapper-d0Cc1k undefined\" \/>&#8211;\u00a0<em>Prunus armeniaca<\/em>\u00a0var.\u00a0<em>ansu<\/em>\u00a0(Berg-Aprikose)<br class=\"container-utlnW2 wrapper-d0Cc1k undefined\" \/>&#8211;\u00a0<em>Sibirische Prunus<\/em>\u00a0(Sibirische Aprikose)<br class=\"container-utlnW2 wrapper-d0Cc1k undefined\" \/>&#8211;\u00a0<em>Prunus mandshurica<\/em>\u00a0(Mandschurische Aprikose)<br class=\"container-utlnW2 wrapper-d0Cc1k undefined\" \/>&#8211;\u00a0<em>Prunus armeniaca<\/em>\u00a0(Gew\u00f6hnliche Aprikose)<\/td>\n<\/tr>\n<tr>\n<td><strong>Aussehen<\/strong><\/td>\n<td>Braunes Pulver<\/td>\n<\/tr>\n<tr>\n<td><strong>Nachweismethode<\/strong><\/td>\n<td>HPLC (Hochleistungsfl\u00fcssigkeitschromatographie)<\/td>\n<\/tr>\n<tr>\n<td><strong>Antragsformulare<\/strong><\/td>\n<td>Vielf\u00e4ltig (geeignet f\u00fcr verschiedene pharmazeutische, nutrazeutische und industrielle Anwendungen)<\/td>\n<\/tr>\n<tr>\n<td><strong>Lieferzeit<\/strong><\/td>\n<td>Ganzj\u00e4hrig<\/td>\n<\/tr>\n<tr>\n<td><strong>Lagerbedingungen<\/strong><\/td>\n<td>In einem verschlossenen Beh\u00e4lter an einem k\u00fchlen, trockenen und dunklen Ort aufbewahren, fern von W\u00e4rmequellen und Feuchtigkeit.<\/td>\n<\/tr>\n<tr>\n<td><strong>Haltbarkeit<\/strong><\/td>\n<td>Zwei Jahre<\/td>\n<\/tr>\n<\/tbody>\n<\/table>","protected":false},"excerpt":{"rendered":"<h4 class=\"header-vfC6AV auto-hide-last-sibling-br\">Produktname: Amygdalin 5%<\/h4>\n<h4 class=\"header-vfC6AV auto-hide-last-sibling-br\">Hauptbestandteil: Amygdalin<\/h4>\n<h4 class=\"header-vfC6AV auto-hide-last-sibling-br\">Extraktionsquelle: Haupts\u00e4chlich aus den getrockneten reifen Samen von Rosaceae-Pflanzen gewonnen, wie z. B.\u00a0<em>Prunus armeniaca<\/em>\u00a0var.\u00a0<em>ansu<\/em>\u00a0(Berg-Aprikose),\u00a0<em>Sibirische Prunus<\/em>\u00a0(Sibirische Aprikose),\u00a0<em>Prunus mandshurica<\/em>\u00a0(Mandschurische Aprikose) oder\u00a0<em>Prunus armeniaca<\/em>\u00a0(Gew\u00f6hnliche Aprikose).<\/h4>\n<h4 class=\"header-vfC6AV auto-hide-last-sibling-br\">Aussehen: Braunes Pulver<\/h4>\n<h4 class=\"header-vfC6AV auto-hide-last-sibling-br\">Nachweismethode: HPLC (Hochleistungsfl\u00fcssigkeitschromatographie)<\/h4>\n<h4 class=\"header-vfC6AV auto-hide-last-sibling-br\">Anwendungsformen: Vielf\u00e4ltig<\/h4>\n<h4 class=\"header-vfC6AV auto-hide-last-sibling-br\">Lieferzeit: ganzj\u00e4hrig<\/h4>\n<h4 class=\"header-vfC6AV auto-hide-last-sibling-br\">Kaufanleitung<\/h4>\n<ul class=\"auto-hide-last-sibling-br\">\n<li>\n<h4>\u3010Verpackungsmethode\u301125 kg pro Kartontrommel oder Aluminiumfolienbeutel<\/h4>\n<\/li>\n<li>\n<h4>\u3010Lagerbedingungen\u3011Sollte versiegelt und vor Licht gesch\u00fctzt an einem trockenen, k\u00fchlen und gut bel\u00fcfteten Ort gelagert werden<\/h4>\n<\/li>\n<li>\n<h4>\u3010Haltbarkeit\u30112 Jahre<\/h4>\n<\/li>\n<li>\n<h4>\u3010Probenbereitstellung\u3011 Im Allgemeinen werden f\u00fcr Produkte 5\u201320 g kleine Proben bereitgestellt. F\u00fcr einige Produkte wird eine Probengeb\u00fchr erhoben.<\/h4>\n<\/li>\n<li>\n<h4>\u3010Produktverpackung\u3011Verpackt in Pappf\u00e4ssern oder Aluminiumfolienbeuteln (kundenspezifische Verpackung auf Kundenwunsch erh\u00e4ltlich)<\/h4>\n<\/li>\n<li>\n<h4>\u3010Lieferzeit\u3011 Nicht kundenspezifische Produkte werden innerhalb von 48 Stunden versendet; die Lieferzeit f\u00fcr kundenspezifische Produkte wird entsprechend dem tats\u00e4chlichen Bedarf angepasst.<\/h4>\n<\/li>\n<li>\n<h4>\u3010Verpackungsmethode\u301125 kg pro Pappfass oder Aluminiumfolienbeutel; die Verpackung kann den tats\u00e4chlichen Umst\u00e4nden angepasst werden.<\/h4>\n<\/li>\n<li>\n<h4>\u3010Transportmethode\u3011 Inl\u00e4ndische Expresslieferung oder Logistik; der angegebene Preis beinhaltet die Transportkosten.<\/h4>\n<\/li>\n<li>\n<h4>\u3010Lagerbedingungen\u3011 Versiegelt und vor Licht gesch\u00fctzt, an einem trockenen, k\u00fchlen und gut bel\u00fcfteten Ort gelagert<\/h4>\n<\/li>\n<\/ul>","protected":false},"featured_media":9832,"comment_status":"closed","ping_status":"closed","template":"","meta":[],"product_brand":[],"product_cat":[17,23],"product_tag":[],"class_list":{"0":"post-9834","1":"product","2":"type-product","3":"status-publish","4":"has-post-thumbnail","6":"product_cat-plant-extract","7":"product_cat-standard-extract","9":"first","10":"instock","11":"shipping-taxable","12":"product-type-simple"},"_links":{"self":[{"href":"https:\/\/www.hvbio.com\/de\/wp-json\/wp\/v2\/product\/9834","targetHints":{"allow":["GET"]}}],"collection":[{"href":"https:\/\/www.hvbio.com\/de\/wp-json\/wp\/v2\/product"}],"about":[{"href":"https:\/\/www.hvbio.com\/de\/wp-json\/wp\/v2\/types\/product"}],"replies":[{"embeddable":true,"href":"https:\/\/www.hvbio.com\/de\/wp-json\/wp\/v2\/comments?post=9834"}],"wp:featuredmedia":[{"embeddable":true,"href":"https:\/\/www.hvbio.com\/de\/wp-json\/wp\/v2\/media\/9832"}],"wp:attachment":[{"href":"https:\/\/www.hvbio.com\/de\/wp-json\/wp\/v2\/media?parent=9834"}],"wp:term":[{"taxonomy":"product_brand","embeddable":true,"href":"https:\/\/www.hvbio.com\/de\/wp-json\/wp\/v2\/product_brand?post=9834"},{"taxonomy":"product_cat","embeddable":true,"href":"https:\/\/www.hvbio.com\/de\/wp-json\/wp\/v2\/product_cat?post=9834"},{"taxonomy":"product_tag","embeddable":true,"href":"https:\/\/www.hvbio.com\/de\/wp-json\/wp\/v2\/product_tag?post=9834"}],"curies":[{"name":"wp","href":"https:\/\/api.w.org\/{rel}","templated":true}]}}