{"id":9840,"date":"2025-08-26T15:00:59","date_gmt":"2025-08-26T07:00:59","guid":{"rendered":"https:\/\/www.hvbio.com\/?post_type=product&#038;p=9840"},"modified":"2025-08-26T15:01:18","modified_gmt":"2025-08-26T07:01:18","slug":"zucchini-powder","status":"publish","type":"product","link":"https:\/\/www.hvbio.com\/de\/produkt\/zucchini-powder\/","title":{"rendered":"Zucchinipulver"},"content":{"rendered":"<table>\n<tbody>\n<tr>\n<td>Produktname<\/td>\n<td>Zucchinipulver<\/td>\n<\/tr>\n<tr>\n<td>Pflanzenquelle<\/td>\n<td>Die zarte Frucht von\u00a0<em>Cucurbita pepo<\/em>\u00a0L. (Zucchini), eine Pflanze der Gattung\u00a0<em>K\u00fcrbis<\/em>\u00a0aus der Familie der K\u00fcrbisgew\u00e4chse.<\/td>\n<\/tr>\n<tr>\n<td>Wirkstoffe<\/td>\n<td>Enth\u00e4lt Carotin, Kalium, Vitamin C, Phosphor, Kalzium sowie geringe Mengen Riboflavin, Niacin, Thiamin, Kohlenhydrate und andere N\u00e4hrstoffe.<\/td>\n<\/tr>\n<tr>\n<td>Produktcharakter<\/td>\n<td>Gelbes feines Pulver<\/td>\n<\/tr>\n<tr>\n<td>Nachweismethode<\/td>\n<td>TLC<\/td>\n<\/tr>\n<tr>\n<td>Speichermethode<\/td>\n<td>Verschlie\u00dfen und an einem k\u00fchlen, trockenen Ort aufbewahren, gesch\u00fctzt vor Feuchtigkeit und Motten.<\/td>\n<\/tr>\n<tr>\n<td>Produktverpackung<\/td>\n<td>25 kg\/Kartonfass; 1 kg\/Aluminiumfolienbeutel<\/td>\n<\/tr>\n<\/tbody>\n<\/table>","protected":false},"excerpt":{"rendered":"<p>Zucchinipulver wird aus den jungen Fr\u00fcchten der Zucchinipflanze gewonnen, die zur Familie der K\u00fcrbisgew\u00e4chse und der Gattung Cucurbita geh\u00f6rt. Es enth\u00e4lt verschiedene N\u00e4hrstoffe wie Beta-Carotin, Kalium, Vitamin C, Phosphor, Kalzium, Riboflavin, Salzs\u00e4ure, Thiamin und Kohlenhydrate.<\/p>\n<p>&nbsp;<\/p>","protected":false},"featured_media":9845,"comment_status":"closed","ping_status":"closed","template":"","meta":[],"product_brand":[],"product_cat":[18,19],"product_tag":[39],"class_list":{"0":"post-9840","1":"product","2":"type-product","3":"status-publish","4":"has-post-thumbnail","6":"product_cat-fruit-and-vegetable-powder","7":"product_cat-vegetable-powders","8":"product_tag-zucchini-powder","10":"first","11":"instock","12":"shipping-taxable","13":"product-type-simple"},"_links":{"self":[{"href":"https:\/\/www.hvbio.com\/de\/wp-json\/wp\/v2\/product\/9840","targetHints":{"allow":["GET"]}}],"collection":[{"href":"https:\/\/www.hvbio.com\/de\/wp-json\/wp\/v2\/product"}],"about":[{"href":"https:\/\/www.hvbio.com\/de\/wp-json\/wp\/v2\/types\/product"}],"replies":[{"embeddable":true,"href":"https:\/\/www.hvbio.com\/de\/wp-json\/wp\/v2\/comments?post=9840"}],"wp:featuredmedia":[{"embeddable":true,"href":"https:\/\/www.hvbio.com\/de\/wp-json\/wp\/v2\/media\/9845"}],"wp:attachment":[{"href":"https:\/\/www.hvbio.com\/de\/wp-json\/wp\/v2\/media?parent=9840"}],"wp:term":[{"taxonomy":"product_brand","embeddable":true,"href":"https:\/\/www.hvbio.com\/de\/wp-json\/wp\/v2\/product_brand?post=9840"},{"taxonomy":"product_cat","embeddable":true,"href":"https:\/\/www.hvbio.com\/de\/wp-json\/wp\/v2\/product_cat?post=9840"},{"taxonomy":"product_tag","embeddable":true,"href":"https:\/\/www.hvbio.com\/de\/wp-json\/wp\/v2\/product_tag?post=9840"}],"curies":[{"name":"wp","href":"https:\/\/api.w.org\/{rel}","templated":true}]}}