{"id":9844,"date":"2025-08-26T15:08:38","date_gmt":"2025-08-26T07:08:38","guid":{"rendered":"https:\/\/www.hvbio.com\/?post_type=product&#038;p=9844"},"modified":"2025-08-26T15:14:04","modified_gmt":"2025-08-26T07:14:04","slug":"angelica-dahurica-extract","status":"publish","type":"product","link":"https:\/\/www.hvbio.com\/de\/produkt\/angelica-dahurica-extract\/","title":{"rendered":"Angelica Dahurica-Extrakt"},"content":{"rendered":"<table style=\"height: 417px;\" width=\"1279\">\n<thead>\n<tr>\n<th><strong>Attribut<\/strong><\/th>\n<th><strong>Beschreibung<\/strong><\/th>\n<\/tr>\n<\/thead>\n<tbody>\n<tr>\n<td><strong>Produktname<\/strong><\/td>\n<td>Angelica Dahurica-Extrakt<\/td>\n<\/tr>\n<tr>\n<td><strong>Hauptzutaten<\/strong><\/td>\n<td>\u2013 Cumarine<br class=\"container-utlnW2 wrapper-d0Cc1k undefined\" \/>\u2013 Fl\u00fcchtige \u00d6lbestandteile<\/td>\n<\/tr>\n<tr>\n<td><strong>Extraktionsquelle<\/strong><\/td>\n<td>Haupts\u00e4chlich aus den getrockneten Wurzeln von\u00a0<em>Angelica dahurica<\/em>\u00a0(Fisch. ex Hoffm.) Benth. et Hook. f. (Familie: Apiaceae)<\/td>\n<\/tr>\n<tr>\n<td><strong>Aussehen<\/strong><\/td>\n<td>Braunes Pulver<\/td>\n<\/tr>\n<tr>\n<td><strong>Nachweismethode<\/strong><\/td>\n<td>HPLC (Hochleistungsfl\u00fcssigkeitschromatographie)<\/td>\n<\/tr>\n<tr>\n<td><strong>Anwendungsdosierungsformen<\/strong><\/td>\n<td>Umfangreich (geeignet f\u00fcr pharmazeutische, kosmetische, nutraceutische und andere verwandte Darreichungsformen nach Bedarf)<\/td>\n<\/tr>\n<tr>\n<td><strong>Lieferzeit<\/strong><\/td>\n<td>Ganzj\u00e4hrig<\/td>\n<\/tr>\n<tr>\n<td><strong>Lagerbedingungen<\/strong><\/td>\n<td>In einem verschlossenen Beh\u00e4lter an einem k\u00fchlen, trockenen und lichtgesch\u00fctzten Ort aufbewahren und von W\u00e4rmequellen und feuchten Umgebungen fernhalten.<\/td>\n<\/tr>\n<tr>\n<td><strong>Haltbarkeit<\/strong><\/td>\n<td>Zwei Jahre<\/td>\n<\/tr>\n<\/tbody>\n<\/table>","protected":false},"excerpt":{"rendered":"<h4 class=\"header-vfC6AV auto-hide-last-sibling-br\">Produktname: Angelica Dahurica Extrakt<\/h4>\n<h4 class=\"header-vfC6AV auto-hide-last-sibling-br\">Hauptinhaltsstoffe: Cumarine, fl\u00fcchtige \u00d6lbestandteile<\/h4>\n<h4 class=\"header-vfC6AV auto-hide-last-sibling-br\">Extraktionsquelle: Haupts\u00e4chlich aus den getrockneten Wurzeln von\u00a0<em>Angelica dahurica<\/em>\u00a0(Fisch. ex Hoffm.) Benth. et Hook. f. (Familie: Apiaceae)<\/h4>\n<h4 class=\"header-vfC6AV auto-hide-last-sibling-br\">Aussehen: Braunes Pulver<\/h4>\n<h4 class=\"header-vfC6AV auto-hide-last-sibling-br\">Nachweismethode: HPLC (Hochleistungsfl\u00fcssigkeitschromatographie)<\/h4>\n<h4 class=\"header-vfC6AV auto-hide-last-sibling-br\">Anwendungsformen: Vielf\u00e4ltig<\/h4>\n<h4 class=\"header-vfC6AV auto-hide-last-sibling-br\">Lieferzeit: ganzj\u00e4hrig<\/h4>\n<h4 class=\"header-vfC6AV auto-hide-last-sibling-br\">Kaufanleitung<\/h4>\n<ul class=\"auto-hide-last-sibling-br\">\n<li>\n<h4>\u3010Verpackungsmethode\u301125 kg pro Kartontrommel oder Aluminiumfolienbeutel<\/h4>\n<\/li>\n<li>\n<h4>\u3010Lagerbedingungen\u3011Sollte versiegelt und vor Licht gesch\u00fctzt an einem trockenen, k\u00fchlen und gut bel\u00fcfteten Ort gelagert werden<\/h4>\n<\/li>\n<li>\n<h4>\u3010Haltbarkeit\u30112 Jahre<\/h4>\n<\/li>\n<li>\n<h4>\u3010Probenbereitstellung\u3011 Im Allgemeinen werden f\u00fcr Produkte 5\u201320 g kleine Proben bereitgestellt. F\u00fcr einige Produkte wird eine Probengeb\u00fchr erhoben.<\/h4>\n<\/li>\n<li>\n<h4>\u3010Produktverpackung\u3011Verpackt in Pappf\u00e4ssern oder Aluminiumfolienbeuteln (kundenspezifische Verpackung auf Kundenwunsch erh\u00e4ltlich)<\/h4>\n<\/li>\n<li>\n<h4>\u3010Lieferzeit\u3011 Nicht kundenspezifische Produkte werden innerhalb von 48 Stunden versendet; die Lieferzeit f\u00fcr kundenspezifische Produkte wird entsprechend dem tats\u00e4chlichen Bedarf angepasst.<\/h4>\n<\/li>\n<li>\n<h4>\u3010Verpackungsmethode\u301125 kg pro Pappfass oder Aluminiumfolienbeutel; die Verpackung kann den tats\u00e4chlichen Umst\u00e4nden angepasst werden.<\/h4>\n<\/li>\n<li>\n<h4>\u3010Transportmethode\u3011 Inl\u00e4ndische Expresslieferung oder Logistik; der angegebene Preis beinhaltet die Transportkosten.<\/h4>\n<\/li>\n<li>\n<h4>\u3010Lagerbedingungen\u3011 Versiegelt und vor Licht gesch\u00fctzt, an einem trockenen, k\u00fchlen und gut bel\u00fcfteten Ort gelagert<\/h4>\n<\/li>\n<\/ul>","protected":false},"featured_media":9851,"comment_status":"closed","ping_status":"closed","template":"","meta":[],"product_brand":[],"product_cat":[17,24],"product_tag":[],"class_list":{"0":"post-9844","1":"product","2":"type-product","3":"status-publish","4":"has-post-thumbnail","6":"product_cat-plant-extract","7":"product_cat-ratio-extract","9":"first","10":"instock","11":"shipping-taxable","12":"product-type-simple"},"_links":{"self":[{"href":"https:\/\/www.hvbio.com\/de\/wp-json\/wp\/v2\/product\/9844","targetHints":{"allow":["GET"]}}],"collection":[{"href":"https:\/\/www.hvbio.com\/de\/wp-json\/wp\/v2\/product"}],"about":[{"href":"https:\/\/www.hvbio.com\/de\/wp-json\/wp\/v2\/types\/product"}],"replies":[{"embeddable":true,"href":"https:\/\/www.hvbio.com\/de\/wp-json\/wp\/v2\/comments?post=9844"}],"wp:featuredmedia":[{"embeddable":true,"href":"https:\/\/www.hvbio.com\/de\/wp-json\/wp\/v2\/media\/9851"}],"wp:attachment":[{"href":"https:\/\/www.hvbio.com\/de\/wp-json\/wp\/v2\/media?parent=9844"}],"wp:term":[{"taxonomy":"product_brand","embeddable":true,"href":"https:\/\/www.hvbio.com\/de\/wp-json\/wp\/v2\/product_brand?post=9844"},{"taxonomy":"product_cat","embeddable":true,"href":"https:\/\/www.hvbio.com\/de\/wp-json\/wp\/v2\/product_cat?post=9844"},{"taxonomy":"product_tag","embeddable":true,"href":"https:\/\/www.hvbio.com\/de\/wp-json\/wp\/v2\/product_tag?post=9844"}],"curies":[{"name":"wp","href":"https:\/\/api.w.org\/{rel}","templated":true}]}}