{"id":9854,"date":"2025-08-26T16:05:57","date_gmt":"2025-08-26T08:05:57","guid":{"rendered":"https:\/\/www.hvbio.com\/?post_type=product&#038;p=9854"},"modified":"2025-08-26T16:05:57","modified_gmt":"2025-08-26T08:05:57","slug":"stellera-chamaejasme-extract","status":"publish","type":"product","link":"https:\/\/www.hvbio.com\/de\/produkt\/stellera-chamaejasme-extract\/","title":{"rendered":"Stellera Chamaejasme-Extrakt"},"content":{"rendered":"<table>\n<thead>\n<tr>\n<th>Artikel<\/th>\n<th>Details<\/th>\n<\/tr>\n<\/thead>\n<tbody>\n<tr>\n<td><strong>Produktname<\/strong><\/td>\n<td>Stellera Chamaejasme-Extrakt<\/td>\n<\/tr>\n<tr>\n<td><strong>Aliase<\/strong><\/td>\n<td>Langdu Geda, Langdu, Maoyanjing (Katzenauge), Shan Hongluo (Bergkarotte)<\/td>\n<\/tr>\n<tr>\n<td><strong>Produktdarstellung<\/strong><\/td>\n<td>Braunes feines Pulver<\/td>\n<\/tr>\n<tr>\n<td><strong>Verpackung<\/strong><\/td>\n<td>\u2013 F\u00fcr \u22645 kg: Doppelte Kunststoffverpackung mit \u00e4u\u00dferer Aluminiumfolienverpackung.<br class=\"container-utlnW2 wrapper-d0Cc1k undefined\" \/>\u2013 F\u00fcr \u226525 kg: Papiertrommelverpackung.<br class=\"container-utlnW2 wrapper-d0Cc1k undefined\" \/>\u2013 Standardverpackung: 25 kg\/Fass<\/td>\n<\/tr>\n<tr>\n<td><strong>Lagerbedingungen<\/strong><\/td>\n<td>Sollte versiegelt und vor Licht gesch\u00fctzt an einem trockenen, k\u00fchlen und gut bel\u00fcfteten Ort gelagert werden.<br class=\"container-utlnW2 wrapper-d0Cc1k undefined\" \/>Haltbarkeit: 2 Jahre<\/td>\n<\/tr>\n<\/tbody>\n<\/table>","protected":false},"excerpt":{"rendered":"<p>Produktname\u3011Euphorbia Fischeriana-Extrakt<\/p>\n<p>\u3010Aliasnamen\u3011Langdu Geda, Langdu, Maoyanjing (Katzenauge), Shan Hongluo (Bergkarotte)<br class=\"container-utlnW2 wrapper-d0Cc1k undefined\" \/>Beschreibung: Br\u00e4unlich-gelbes Pulver. Getestet mittels DC (D\u00fcnnschichtchromatographie).<\/p>","protected":false},"featured_media":9855,"comment_status":"closed","ping_status":"closed","template":"","meta":[],"product_brand":[],"product_cat":[17,24],"product_tag":[40],"class_list":{"0":"post-9854","1":"product","2":"type-product","3":"status-publish","4":"has-post-thumbnail","6":"product_cat-plant-extract","7":"product_cat-ratio-extract","8":"product_tag-stellera-chamaejasme-extract","10":"first","11":"instock","12":"shipping-taxable","13":"product-type-simple"},"_links":{"self":[{"href":"https:\/\/www.hvbio.com\/de\/wp-json\/wp\/v2\/product\/9854","targetHints":{"allow":["GET"]}}],"collection":[{"href":"https:\/\/www.hvbio.com\/de\/wp-json\/wp\/v2\/product"}],"about":[{"href":"https:\/\/www.hvbio.com\/de\/wp-json\/wp\/v2\/types\/product"}],"replies":[{"embeddable":true,"href":"https:\/\/www.hvbio.com\/de\/wp-json\/wp\/v2\/comments?post=9854"}],"wp:featuredmedia":[{"embeddable":true,"href":"https:\/\/www.hvbio.com\/de\/wp-json\/wp\/v2\/media\/9855"}],"wp:attachment":[{"href":"https:\/\/www.hvbio.com\/de\/wp-json\/wp\/v2\/media?parent=9854"}],"wp:term":[{"taxonomy":"product_brand","embeddable":true,"href":"https:\/\/www.hvbio.com\/de\/wp-json\/wp\/v2\/product_brand?post=9854"},{"taxonomy":"product_cat","embeddable":true,"href":"https:\/\/www.hvbio.com\/de\/wp-json\/wp\/v2\/product_cat?post=9854"},{"taxonomy":"product_tag","embeddable":true,"href":"https:\/\/www.hvbio.com\/de\/wp-json\/wp\/v2\/product_tag?post=9854"}],"curies":[{"name":"wp","href":"https:\/\/api.w.org\/{rel}","templated":true}]}}