{"id":9884,"date":"2025-08-27T10:21:21","date_gmt":"2025-08-27T02:21:21","guid":{"rendered":"https:\/\/www.hvbio.com\/?post_type=product&#038;p=9884"},"modified":"2025-08-27T10:21:21","modified_gmt":"2025-08-27T02:21:21","slug":"dandelion-flavonoids-5","status":"publish","type":"product","link":"https:\/\/www.hvbio.com\/de\/produkt\/dandelion-flavonoids-5\/","title":{"rendered":"L\u00f6wenzahnflavonoide 5%"},"content":{"rendered":"<table style=\"height: 403px;\" width=\"1027\">\n<thead>\n<tr>\n<th><strong>Artikel<\/strong><\/th>\n<th><strong>Beschreibung<\/strong><\/th>\n<\/tr>\n<\/thead>\n<tbody>\n<tr>\n<td>Produktname<\/td>\n<td>L\u00f6wenzahnflavonoide 5%<\/td>\n<\/tr>\n<tr>\n<td>Hauptzutat<\/td>\n<td>Dandelion Flavonoids<\/td>\n<\/tr>\n<tr>\n<td>Extraktionsquelle<\/td>\n<td>The extract is mainly derived from dandelion (Taraxacum mongolicum Hand.-Mazz. or related species)<\/td>\n<\/tr>\n<tr>\n<td>Aussehen<\/td>\n<td>Braunes Pulver<\/td>\n<\/tr>\n<tr>\n<td>Nachweismethode<\/td>\n<td>HPLC (Hochleistungsfl\u00fcssigkeitschromatographie)<\/td>\n<\/tr>\n<tr>\n<td>Anwendungsdosierungsformen<\/td>\n<td>Wide range of applications (e.g., health care products, dietary supplements, herbal preparations, etc.)<\/td>\n<\/tr>\n<tr>\n<td>Lieferzeit<\/td>\n<td>Das ganze Jahr \u00fcber verf\u00fcgbar<\/td>\n<\/tr>\n<tr>\n<td>Lagerbedingungen<\/td>\n<td>In einem verschlossenen Beh\u00e4lter an einem k\u00fchlen, trockenen und dunklen Ort aufbewahren, fern von W\u00e4rmequellen und feuchten Umgebungen.<\/td>\n<\/tr>\n<tr>\n<td>Haltbarkeit<\/td>\n<td>Zwei Jahre<\/td>\n<\/tr>\n<\/tbody>\n<\/table>","protected":false},"excerpt":{"rendered":"<h4 class=\"header-vfC6AV auto-hide-last-sibling-br\">Product Name: Dandelion Flavone 5%<\/h4>\n<ul class=\"auto-hide-last-sibling-br\">\n<li>\n<h4><strong>Hauptzutat<\/strong>: Dandelion Flavone<\/h4>\n<\/li>\n<li>\n<h4><strong>Extraktionsquelle<\/strong>: The extract is mainly derived from dandelion<\/h4>\n<\/li>\n<li>\n<h4><strong>Aussehen<\/strong>: Braunes Pulver<\/h4>\n<\/li>\n<li>\n<h4><strong>Nachweismethode<\/strong>: HPLC (Hochleistungsfl\u00fcssigkeitschromatographie)<\/h4>\n<\/li>\n<li>\n<h4><strong>Anwendungsdosierungsformen<\/strong>: Breites Anwendungsspektrum<\/h4>\n<\/li>\n<li>\n<h4><strong>Lieferzeit<\/strong>: Ganzj\u00e4hrig verf\u00fcgbar<\/h4>\n<\/li>\n<\/ul>\n<h4 class=\"header-vfC6AV auto-hide-last-sibling-br\">Kaufanleitung<\/h4>\n<ul class=\"auto-hide-last-sibling-br\">\n<li>\n<h4><strong>Verpackungsmethode<\/strong>: 25 kg pro Pappfass oder Alufolienbeutel<\/h4>\n<\/li>\n<li>\n<h4><strong>Lagerbedingungen<\/strong>: Sollte versiegelt und vor Licht gesch\u00fctzt an einem trockenen, k\u00fchlen und gut bel\u00fcfteten Ort gelagert werden<\/h4>\n<\/li>\n<li>\n<h4><strong>Haltbarkeit<\/strong>: 2 Jahre<\/h4>\n<\/li>\n<li>\n<h4><strong>Probenbereitstellung<\/strong>: Generally, 5-20g small samples are provided for products; sample fees may be charged for some products.<\/h4>\n<\/li>\n<li>\n<h4><strong>Produktverpackung<\/strong>: Verpackt in Pappf\u00e4ssern oder Aluminiumfolienbeuteln (individuelle Verpackung auf Kundenwunsch erh\u00e4ltlich)<\/h4>\n<\/li>\n<li>\n<h4><strong>Lieferzeit<\/strong>: Non-customized products will be shipped within 48 hours; the delivery time for customized products will be adjusted according to actual needs.<\/h4>\n<\/li>\n<li>\n<h4><strong>Verpackungsanpassung<\/strong>: 25kg per cardboard drum or aluminum foil bag; packaging can be adjusted based on actual circumstances.<\/h4>\n<\/li>\n<li>\n<h4><strong>Transportmethode<\/strong>: Inlandsexpresslieferung oder Logistik; der angegebene Preis beinhaltet die Transportkosten.<\/h4>\n<\/li>\n<li>\n<h4><strong>Repeated Storage Note<\/strong>: Seal and protect from light, and store in a dry, cool, and well-ventilated place.<\/h4>\n<\/li>\n<\/ul>","protected":false},"featured_media":9885,"comment_status":"closed","ping_status":"closed","template":"","meta":[],"product_brand":[],"product_cat":[17,23],"product_tag":[],"class_list":{"0":"post-9884","1":"product","2":"type-product","3":"status-publish","4":"has-post-thumbnail","6":"product_cat-plant-extract","7":"product_cat-standard-extract","9":"first","10":"instock","11":"shipping-taxable","12":"product-type-simple"},"_links":{"self":[{"href":"https:\/\/www.hvbio.com\/de\/wp-json\/wp\/v2\/product\/9884","targetHints":{"allow":["GET"]}}],"collection":[{"href":"https:\/\/www.hvbio.com\/de\/wp-json\/wp\/v2\/product"}],"about":[{"href":"https:\/\/www.hvbio.com\/de\/wp-json\/wp\/v2\/types\/product"}],"replies":[{"embeddable":true,"href":"https:\/\/www.hvbio.com\/de\/wp-json\/wp\/v2\/comments?post=9884"}],"wp:featuredmedia":[{"embeddable":true,"href":"https:\/\/www.hvbio.com\/de\/wp-json\/wp\/v2\/media\/9885"}],"wp:attachment":[{"href":"https:\/\/www.hvbio.com\/de\/wp-json\/wp\/v2\/media?parent=9884"}],"wp:term":[{"taxonomy":"product_brand","embeddable":true,"href":"https:\/\/www.hvbio.com\/de\/wp-json\/wp\/v2\/product_brand?post=9884"},{"taxonomy":"product_cat","embeddable":true,"href":"https:\/\/www.hvbio.com\/de\/wp-json\/wp\/v2\/product_cat?post=9884"},{"taxonomy":"product_tag","embeddable":true,"href":"https:\/\/www.hvbio.com\/de\/wp-json\/wp\/v2\/product_tag?post=9884"}],"curies":[{"name":"wp","href":"https:\/\/api.w.org\/{rel}","templated":true}]}}