{"id":9895,"date":"2025-08-27T10:45:32","date_gmt":"2025-08-27T02:45:32","guid":{"rendered":"https:\/\/www.hvbio.com\/?post_type=product&#038;p=9895"},"modified":"2025-08-27T10:45:32","modified_gmt":"2025-08-27T02:45:32","slug":"polydatin-5","status":"publish","type":"product","link":"https:\/\/www.hvbio.com\/de\/produkt\/polydatin-5\/","title":{"rendered":"Polydatin 5%"},"content":{"rendered":"<table>\n<tbody>\n<tr>\n<td><strong>Produktname<\/strong><\/td>\n<td>Polydatin 5%<\/td>\n<\/tr>\n<tr>\n<td><strong>Pflanzenquelle<\/strong><\/td>\n<td>Getrocknete Rhizome und Wurzeln von\u00a0<em>Polygonum cuspidatum<\/em>\u00a0Sieb. et Zucc. (eine Pflanze aus der Familie der Polygonaceae)<\/td>\n<\/tr>\n<tr>\n<td><strong>Alternative Namen<\/strong><\/td>\n<td>Resveratrol-Glykosid, Piceid<\/td>\n<\/tr>\n<tr>\n<td><strong>Wirkstoff<\/strong><\/td>\n<td>Polydatin<\/td>\n<\/tr>\n<tr>\n<td><strong>Produktinhalt<\/strong><\/td>\n<td>5%<\/td>\n<\/tr>\n<tr>\n<td><strong>Produktcharakter<\/strong><\/td>\n<td>Wei\u00dfes Pulver<\/td>\n<\/tr>\n<tr>\n<td><strong>Nachweismethode<\/strong><\/td>\n<td>Hochleistungsfl\u00fcssigkeitschromatographie (HPLC)<\/td>\n<\/tr>\n<tr>\n<td><strong>Speichermethode<\/strong><\/td>\n<td>Gut verschlie\u00dfen, k\u00fchl und trocken lagern, vor Feuchtigkeit und Motten sch\u00fctzen<\/td>\n<\/tr>\n<tr>\n<td><strong>Produktverpackung<\/strong><\/td>\n<td>25 kg\/Kartonfass; 1 kg\/Aluminiumfolienbeutel; oder individuell nach Kundenwunsch<\/td>\n<\/tr>\n<\/tbody>\n<\/table>","protected":false},"excerpt":{"rendered":"<h1 class=\"header-iWP5WJ auto-hide-last-sibling-br\">Polydatin 5%<\/h1>\n<ul class=\"auto-hide-last-sibling-br\">\n<li><strong>Farbe<\/strong>: Erscheint typischerweise als hellgelbes bis gelblich-braunes feines Pulver.<\/li>\n<li><strong>Haltbarkeit<\/strong>: Im Allgemeinen 24 Monate bei Lagerung an einem k\u00fchlen, trockenen und dunklen Ort, versiegelt, um Feuchtigkeit und Licht zu vermeiden.<\/li>\n<li><strong>Nachweismethode<\/strong>: Hochleistungsfl\u00fcssigkeitschromatographie (HPLC) \u2013 wird verwendet, um den Polydatingehalt genau zu bestimmen und sicherzustellen, dass er der 5%-Spezifikation entspricht, indem die aktive Komponente in der Probe getrennt, identifiziert und quantifiziert wird.<\/li>\n<\/ul>","protected":false},"featured_media":9896,"comment_status":"closed","ping_status":"closed","template":"","meta":[],"product_brand":[],"product_cat":[17,23],"product_tag":[],"class_list":{"0":"post-9895","1":"product","2":"type-product","3":"status-publish","4":"has-post-thumbnail","6":"product_cat-plant-extract","7":"product_cat-standard-extract","9":"first","10":"instock","11":"shipping-taxable","12":"product-type-simple"},"_links":{"self":[{"href":"https:\/\/www.hvbio.com\/de\/wp-json\/wp\/v2\/product\/9895","targetHints":{"allow":["GET"]}}],"collection":[{"href":"https:\/\/www.hvbio.com\/de\/wp-json\/wp\/v2\/product"}],"about":[{"href":"https:\/\/www.hvbio.com\/de\/wp-json\/wp\/v2\/types\/product"}],"replies":[{"embeddable":true,"href":"https:\/\/www.hvbio.com\/de\/wp-json\/wp\/v2\/comments?post=9895"}],"wp:featuredmedia":[{"embeddable":true,"href":"https:\/\/www.hvbio.com\/de\/wp-json\/wp\/v2\/media\/9896"}],"wp:attachment":[{"href":"https:\/\/www.hvbio.com\/de\/wp-json\/wp\/v2\/media?parent=9895"}],"wp:term":[{"taxonomy":"product_brand","embeddable":true,"href":"https:\/\/www.hvbio.com\/de\/wp-json\/wp\/v2\/product_brand?post=9895"},{"taxonomy":"product_cat","embeddable":true,"href":"https:\/\/www.hvbio.com\/de\/wp-json\/wp\/v2\/product_cat?post=9895"},{"taxonomy":"product_tag","embeddable":true,"href":"https:\/\/www.hvbio.com\/de\/wp-json\/wp\/v2\/product_tag?post=9895"}],"curies":[{"name":"wp","href":"https:\/\/api.w.org\/{rel}","templated":true}]}}