{"id":9900,"date":"2025-08-27T10:51:03","date_gmt":"2025-08-27T02:51:03","guid":{"rendered":"https:\/\/www.hvbio.com\/?post_type=product&#038;p=9900"},"modified":"2025-08-27T10:51:04","modified_gmt":"2025-08-27T02:51:04","slug":"instant-coffee-powder","status":"publish","type":"product","link":"https:\/\/www.hvbio.com\/de\/produkt\/instant-coffee-powder\/","title":{"rendered":"Instant-Kaffeepulver"},"content":{"rendered":"<table style=\"height: 483px;\" width=\"1592\">\n<thead>\n<tr>\n<th><strong>Artikel<\/strong><\/th>\n<th><strong>Details<\/strong><\/th>\n<\/tr>\n<\/thead>\n<tbody>\n<tr>\n<td>Produktname<\/td>\n<td>Instant-Kaffeepulver<\/td>\n<\/tr>\n<tr>\n<td>Hauptzutat<\/td>\n<td>Kaffeepulver<\/td>\n<\/tr>\n<tr>\n<td>Extraktionsquelle<\/td>\n<td>Die Extraktionsquelle f\u00fcr Instant-Kaffeepulver sind gr\u00fcne Kaffeebohnen. Gr\u00fcne Kaffeebohnen werden ger\u00f6stet, gemahlen, anschlie\u00dfend werden die l\u00f6slichen Substanzen mit Wasser extrahiert und schlie\u00dflich durch Verfahren wie Hei\u00dflufttrocknung oder Gefriertrocknung zu Instant-Kaffeepulver verarbeitet.<\/td>\n<\/tr>\n<tr>\n<td>Aussehen<\/td>\n<td>Dunkelbraunes Pulver<\/td>\n<\/tr>\n<tr>\n<td>Nachweismethode<\/td>\n<td>DC (D\u00fcnnschichtchromatographie)<\/td>\n<\/tr>\n<tr>\n<td>Anwendungsdosierungsformen<\/td>\n<td>Vielseitig einsetzbar (f\u00fcr verschiedene Darreichungsformen)<\/td>\n<\/tr>\n<tr>\n<td>Lieferzeit<\/td>\n<td>Ganzj\u00e4hrig verf\u00fcgbar<\/td>\n<\/tr>\n<tr>\n<td>Lagerbedingungen<\/td>\n<td>In einem verschlossenen Beh\u00e4lter an einem k\u00fchlen, trockenen und lichtgesch\u00fctzten Ort aufbewahren, fern von W\u00e4rmequellen und feuchten Umgebungen<\/td>\n<\/tr>\n<tr>\n<td>Haltbarkeit<\/td>\n<td>Zwei Jahre<\/td>\n<\/tr>\n<\/tbody>\n<\/table>","protected":false},"excerpt":{"rendered":"<h4 class=\"header-vfC6AV auto-hide-last-sibling-br\">Produktname: Instant-Kaffeepulver<\/h4>\n<h4 class=\"header-vfC6AV auto-hide-last-sibling-br\">Hauptbestandteil: Kaffeepulver<\/h4>\n<h4 class=\"header-vfC6AV auto-hide-last-sibling-br\">Extraktionsquelle: Die Extraktionsquelle f\u00fcr Instantkaffeepulver sind gr\u00fcne Kaffeebohnen. Gr\u00fcne Kaffeebohnen werden ger\u00f6stet, zerkleinert, dann werden die l\u00f6slichen Substanzen mit Wasser extrahiert und schlie\u00dflich durch Prozesse wie Hei\u00dflufttrocknung oder Gefriertrocknung zu Instantkaffeepulver verarbeitet.<\/h4>\n<h4 class=\"header-vfC6AV auto-hide-last-sibling-br\">Aussehen: Dunkelbraunes Pulver<\/h4>\n<h4 class=\"header-vfC6AV auto-hide-last-sibling-br\">Nachweismethode: DC (D\u00fcnnschichtchromatographie)<\/h4>\n<h4 class=\"header-vfC6AV auto-hide-last-sibling-br\">Anwendung Darreichungsform: Breites Anwendungsspektrum<\/h4>\n<h4 class=\"header-vfC6AV auto-hide-last-sibling-br\">Lieferzeit: Ganzj\u00e4hrig<\/h4>\n<h4 class=\"header-vfC6AV auto-hide-last-sibling-br\">Kaufanleitung<\/h4>\n<ul class=\"auto-hide-last-sibling-br\">\n<li>\n<h4>\u3010Verpackungsmethode\u3011 25 kg pro Papiertrommel oder Aluminiumfolienbeutel<\/h4>\n<\/li>\n<li>\n<h4>\u3010Lagerbedingungen\u3011Sollte versiegelt und vor Licht gesch\u00fctzt an einem trockenen, k\u00fchlen und gut bel\u00fcfteten Ort gelagert werden<\/h4>\n<\/li>\n<li>\n<h4>\u3010Haltbarkeit\u30112 Jahre<\/h4>\n<\/li>\n<li>\n<h4>\u3010Probenbereitstellung\u3011 Im Allgemeinen werden f\u00fcr Produkte 5\u201320 g Proben bereitgestellt. F\u00fcr einige Produkte wird eine Probengeb\u00fchr erhoben.<\/h4>\n<\/li>\n<li>\n<h4>\u3010Produktverpackung\u3011Verpackt in Papierf\u00e4ssern oder Aluminiumfolienbeuteln (kundenspezifische Verpackung auf Kundenwunsch erh\u00e4ltlich)<\/h4>\n<\/li>\n<li>\n<h4>\u3010Lieferzeit\u3011 Nicht kundenspezifische Produkte werden innerhalb von 48 Stunden versendet; die Lieferzeit f\u00fcr kundenspezifische Produkte wird entsprechend dem tats\u00e4chlichen Bedarf angepasst.<\/h4>\n<\/li>\n<li>\n<h4>\u3010Verpackungsmethode\u3011 25 kg pro Papierfass oder Aluminiumfolienbeutel; die Verpackung kann den tats\u00e4chlichen Bedingungen angepasst werden.<\/h4>\n<\/li>\n<li>\n<h4>\u3010Transportmethode\u3011 Inl\u00e4ndische Expresslogistik; das Angebot beinhaltet die Transportkosten.<\/h4>\n<\/li>\n<li>\n<h4>\u3010Lagerbedingungen\u3011Versiegelt und vor Licht gesch\u00fctzt, an einem trockenen, k\u00fchlen und gut bel\u00fcfteten Ort lagern.<\/h4>\n<\/li>\n<\/ul>","protected":false},"featured_media":9901,"comment_status":"closed","ping_status":"closed","template":"","meta":[],"product_brand":[],"product_cat":[17,24],"product_tag":[],"class_list":{"0":"post-9900","1":"product","2":"type-product","3":"status-publish","4":"has-post-thumbnail","6":"product_cat-plant-extract","7":"product_cat-ratio-extract","9":"first","10":"instock","11":"shipping-taxable","12":"product-type-simple"},"_links":{"self":[{"href":"https:\/\/www.hvbio.com\/de\/wp-json\/wp\/v2\/product\/9900","targetHints":{"allow":["GET"]}}],"collection":[{"href":"https:\/\/www.hvbio.com\/de\/wp-json\/wp\/v2\/product"}],"about":[{"href":"https:\/\/www.hvbio.com\/de\/wp-json\/wp\/v2\/types\/product"}],"replies":[{"embeddable":true,"href":"https:\/\/www.hvbio.com\/de\/wp-json\/wp\/v2\/comments?post=9900"}],"wp:featuredmedia":[{"embeddable":true,"href":"https:\/\/www.hvbio.com\/de\/wp-json\/wp\/v2\/media\/9901"}],"wp:attachment":[{"href":"https:\/\/www.hvbio.com\/de\/wp-json\/wp\/v2\/media?parent=9900"}],"wp:term":[{"taxonomy":"product_brand","embeddable":true,"href":"https:\/\/www.hvbio.com\/de\/wp-json\/wp\/v2\/product_brand?post=9900"},{"taxonomy":"product_cat","embeddable":true,"href":"https:\/\/www.hvbio.com\/de\/wp-json\/wp\/v2\/product_cat?post=9900"},{"taxonomy":"product_tag","embeddable":true,"href":"https:\/\/www.hvbio.com\/de\/wp-json\/wp\/v2\/product_tag?post=9900"}],"curies":[{"name":"wp","href":"https:\/\/api.w.org\/{rel}","templated":true}]}}