{"id":9918,"date":"2025-08-27T11:01:44","date_gmt":"2025-08-27T03:01:44","guid":{"rendered":"https:\/\/www.hvbio.com\/?post_type=product&#038;p=9918"},"modified":"2025-08-27T11:01:44","modified_gmt":"2025-08-27T03:01:44","slug":"mimosa-pudica-root-extract","status":"publish","type":"product","link":"https:\/\/www.hvbio.com\/de\/produkt\/mimosa-pudica-root-extract\/","title":{"rendered":"Mimosa Pudica Wurzelextrakt"},"content":{"rendered":"<table>\n<tbody>\n<tr>\n<td><strong>Produktname<\/strong><\/td>\n<td>Mimosa Pudica Wurzelextrakt<\/td>\n<\/tr>\n<tr>\n<td><strong>Alternative Namen<\/strong><\/td>\n<td>Sensitive Pflanzenextrakt, Schampflanzenextrakt, Bescheidenheitspflanzenextrakt, Sch\u00fcchternheitspflanzenextrakt<\/td>\n<\/tr>\n<tr>\n<td><strong>Lateinischer wissenschaftlicher Name<\/strong><\/td>\n<td>Mimosa pudica Linn.<\/td>\n<\/tr>\n<tr>\n<td><strong>Pflanzenquelle<\/strong><\/td>\n<td>Wurzelrinde von mehrj\u00e4hrigen Kr\u00e4utern oder Halbstr\u00e4uchern, die zu\u00a0<em>Mimose<\/em>\u00a0Gattung, Unterfamilie Mimosoideae, Familie Fabaceae<\/td>\n<\/tr>\n<tr>\n<td><strong>Rohstoffherkunft<\/strong><\/td>\n<td>Urspr\u00fcnglich aus den tropischen Regionen S\u00fcdamerikas; wird in verschiedenen Regionen Chinas angebaut.<\/td>\n<\/tr>\n<tr>\n<td><strong>Spezifikation<\/strong><\/td>\n<td>1:1. F\u00fcr andere Spezifikationen wenden Sie sich bitte an den Kundendienst.<\/td>\n<\/tr>\n<tr>\n<td><strong>Eigenschaften<\/strong><\/td>\n<td>Br\u00e4unlich-rotes Pulver, leicht feuchtigkeitsabsorbierend, wasserl\u00f6slich, getestet mittels D\u00fcnnschichtchromatographie (DC).<\/td>\n<\/tr>\n<tr>\n<td><strong>Farbe &amp; Charakter<\/strong><\/td>\n<td>Braunes Pulver<\/td>\n<\/tr>\n<tr>\n<td><strong>Produktmaschenweite<\/strong><\/td>\n<td>98% geht durch ein 80-Maschen-Sieb<\/td>\n<\/tr>\n<tr>\n<td><strong>Verpackungsmethode<\/strong><\/td>\n<td>25 kg\/Kartonfass oder Alufoliensack<\/td>\n<\/tr>\n<tr>\n<td><strong>Lagerbedingungen<\/strong><\/td>\n<td>Sollte versiegelt und vor Licht gesch\u00fctzt sein; an einem trockenen, k\u00fchlen und gut bel\u00fcfteten Ort gelagert werden<\/td>\n<\/tr>\n<tr>\n<td><strong>Haltbarkeit<\/strong><\/td>\n<td>24 Monate<\/td>\n<\/tr>\n<tr>\n<td><strong>Express &amp; Logistik<\/strong><\/td>\n<td>Lieferung per Express oder Logistik. Expresslieferungen innerhalb Deutschlands erfolgen in der Regel innerhalb von 3 Tagen, Logistiklieferungen innerhalb von 5 Tagen. Die Kosten f\u00fcr den nationalen Transport sind in der Regel im Angebot enthalten.<\/td>\n<\/tr>\n<tr>\n<td><strong>Probenbereitstellung<\/strong><\/td>\n<td>Im Allgemeinen werden f\u00fcr die meisten Produkte kleine Muster von 5-20 g bereitgestellt; f\u00fcr einige Produkte werden Mustergeb\u00fchren erhoben.<\/td>\n<\/tr>\n<tr>\n<td><strong>Produktverpackung<\/strong><\/td>\n<td>Verpackt in Kartontrommeln oder Aluminiumfolienbeuteln (kundenspezifische Verpackung nach Kundenwunsch erh\u00e4ltlich)<\/td>\n<\/tr>\n<\/tbody>\n<\/table>","protected":false},"excerpt":{"rendered":"<p>Produktname Mimosa Pudica Wurzelextrakt Alternative Namen Sensitive Plant Extract, Shameplant Extract, Humble Plant Extract, Bashful Plant Extract Latein<\/p>","protected":false},"featured_media":9919,"comment_status":"closed","ping_status":"closed","template":"","meta":[],"product_brand":[],"product_cat":[17,24],"product_tag":[],"class_list":{"0":"post-9918","1":"product","2":"type-product","3":"status-publish","4":"has-post-thumbnail","6":"product_cat-plant-extract","7":"product_cat-ratio-extract","9":"first","10":"instock","11":"shipping-taxable","12":"product-type-simple"},"_links":{"self":[{"href":"https:\/\/www.hvbio.com\/de\/wp-json\/wp\/v2\/product\/9918","targetHints":{"allow":["GET"]}}],"collection":[{"href":"https:\/\/www.hvbio.com\/de\/wp-json\/wp\/v2\/product"}],"about":[{"href":"https:\/\/www.hvbio.com\/de\/wp-json\/wp\/v2\/types\/product"}],"replies":[{"embeddable":true,"href":"https:\/\/www.hvbio.com\/de\/wp-json\/wp\/v2\/comments?post=9918"}],"wp:featuredmedia":[{"embeddable":true,"href":"https:\/\/www.hvbio.com\/de\/wp-json\/wp\/v2\/media\/9919"}],"wp:attachment":[{"href":"https:\/\/www.hvbio.com\/de\/wp-json\/wp\/v2\/media?parent=9918"}],"wp:term":[{"taxonomy":"product_brand","embeddable":true,"href":"https:\/\/www.hvbio.com\/de\/wp-json\/wp\/v2\/product_brand?post=9918"},{"taxonomy":"product_cat","embeddable":true,"href":"https:\/\/www.hvbio.com\/de\/wp-json\/wp\/v2\/product_cat?post=9918"},{"taxonomy":"product_tag","embeddable":true,"href":"https:\/\/www.hvbio.com\/de\/wp-json\/wp\/v2\/product_tag?post=9918"}],"curies":[{"name":"wp","href":"https:\/\/api.w.org\/{rel}","templated":true}]}}