{"id":9941,"date":"2025-09-01T15:03:55","date_gmt":"2025-09-01T07:03:55","guid":{"rendered":"https:\/\/www.hvbio.com\/?post_type=product&#038;p=9941"},"modified":"2025-09-01T15:03:55","modified_gmt":"2025-09-01T07:03:55","slug":"welsh-onion-white-bulb-extract","status":"publish","type":"product","link":"https:\/\/www.hvbio.com\/de\/produkt\/welsh-onion-white-bulb-extract\/","title":{"rendered":"Extrakt aus wei\u00dfen Zwiebeln der walisischen Zwiebel"},"content":{"rendered":"<div class=\"inter-H_fm37\">\n<div class=\"container-PvPoAn\">\n<div class=\"item-kDun2N\">\n<div class=\"container-SrVXPg chrome70-container\">\n<div class=\"inner-Qo5lJS inner-item-Nz3mG4\" data-target-id=\"message-box-target-id\" data-testid=\"union_message\">\n<div class=\"message-block-container-PggqdK\" data-testid=\"message-block-container\">\n<div class=\"flex flex-row w-full w-full max-w-full s-font-base text-s-color-text-secondary p-0 rounded-s-radius-s bg-transparent group data-[attr=select-mode]:-mt-10 data-[attr=select-mode]:py-10 data-[attr=select-mode]:px-16 data-[attr=select-mode]:sm:p-10 data-[attr=select-mode]:hover:bg-s-color-bg-base data-[attr=select-mode]:hover:rounded-s-radius-xs data-[attr=select-mode]:has-[:checked]:bg-s-color-bg-trans data-[attr=select-mode]:has-[:checked]:rounded-s-radius-xs data-[attr=select-mode]:pointer-events-none\" data-testid=\"receive_message\">\n<div class=\"flex flex-col flex-grow max-w-full min-w-0\">\n<div class=\"flex flex-row w-full\" data-testid=\"message_content\" data-message-id=\"18828662565148930\">\n<div class=\"w-full\" data-plugin-identifier=\"Symbol(infra:receive-message-box:text)\">\n<div class=\"container-P2rR72 flow-markdown-body theme-samantha-uDexJL\" dir=\"ltr\" data-testid=\"message_text_content\" data-show-indicator=\"false\">\n<div class=\"auto-hide-last-sibling-br mdbox-table-root table-container-cYf_5N\" data-scroll-inline-overflow=\"false\" data-scroll-inline-at-start=\"true\" data-scroll-inline-start-overflow=\"false\" data-scroll-inline-at-end=\"true\" data-scroll-inline-end-overflow=\"false\">\n<div class=\"table-scroll-container-Gyf4hQ mdbox-table-scroll-container\">\n<table>\n<thead>\n<tr>\n<th>Kategorie<\/th>\n<th>Englische \u00dcbersetzung<\/th>\n<\/tr>\n<\/thead>\n<tbody>\n<tr>\n<td><strong>Produktname<\/strong><\/td>\n<td>Extrakt aus wei\u00dfen Zwiebeln der walisischen Zwiebel<\/td>\n<\/tr>\n<tr>\n<td><strong>Alternative Namen<\/strong><\/td>\n<td>Getrockneter Fistelzwiebelstiel, wei\u00dfer Fistelzwiebelkopf<\/td>\n<\/tr>\n<tr>\n<td><strong>Quelle<\/strong><\/td>\n<td>Getrocknete Zwiebeln von\u00a0<em>Allium fistulosum<\/em>\u00a0L. (eine Pflanze aus der Familie der Liliengew\u00e4chse)<\/td>\n<\/tr>\n<tr>\n<td><strong>Pflanzenmorphologie<\/strong><\/td>\n<td>Mehrj\u00e4hriges Kraut, bis zu 50 cm hoch. W\u00e4chst normalerweise in B\u00fcscheln und verstr\u00f6mt einen durchgehend stechenden Geruch. Beim Brechen tritt eine stechende, klebrige Fl\u00fcssigkeit aus. Die faserigen Wurzeln sind b\u00fcschelig und wei\u00df. Die Zwiebeln sind zylindrisch, an der Spitze leicht vergr\u00f6\u00dfert, mit geschichteten Zwiebelschuppen, die wei\u00df und mit wei\u00dfen L\u00e4ngsstreifen gezeichnet sind. Die Bl\u00e4tter sind grundst\u00e4ndig, zylindrisch, hohl, ungef\u00e4hr 45 cm lang und 1,5\u20132 cm im Durchmesser, mit einer spitzen Spitze, gr\u00fcner Farbe und L\u00e4ngsadern; die Blattscheiden sind hellgr\u00fcn. Der Bl\u00fctenschaft ist ungef\u00e4hr so lang wie die Bl\u00e4tter; die H\u00fclle ist wei\u00df und zweilappig; die Dolde ist kugelf\u00f6rmig und tr\u00e4gt viele dichte Bl\u00fcten. Die Bl\u00fctenstiele sind so lang wie die Bl\u00fctenh\u00fclle oder machen zwei Drittel ihrer L\u00e4nge aus und haben keine Hochbl\u00e4tter. Die Bl\u00fctenh\u00fclle ist glockenf\u00f6rmig und wei\u00df, mit 6 Bl\u00fctenh\u00fcllensegmenten, die schmal eif\u00f6rmig sind, sich an der Spitze spitz zulaufen und mit kleinen, zur\u00fcckgebogenen Enden versehen sind. Die Staubf\u00e4den sind 1,5-2 mal so lang wie die Bl\u00fctenh\u00fcllensegmente, konisch, basal verwachsen und mit der Bl\u00fctenh\u00fclle verwachsen. Die Kapsel ist dreieckig. Die Samen sind schwarz, dreieckig-halbrund. Bl\u00fctezeit: Juli-September; Fruchtzeit: August-Oktober.<\/td>\n<\/tr>\n<tr>\n<td><strong>Herkunft &amp; Verbreitung<\/strong><\/td>\n<td>In allen Regionen Chinas angebaut<\/td>\n<\/tr>\n<tr>\n<td><strong>Ernte &amp; Verarbeitung<\/strong><\/td>\n<td>Im Sommer und Herbst geerntet; faserige Wurzeln, Bl\u00e4tter und \u00e4u\u00dfere Membranen werden entfernt; frisch verwendet.<\/td>\n<\/tr>\n<tr>\n<td><strong>Kr\u00e4utereigenschaften<\/strong><\/td>\n<td>Zylindrische Zwiebeln, umh\u00fcllt von mehreren Schichten h\u00e4utiger Schuppen. Die Oberfl\u00e4che ist cremefarben, glatt und mit L\u00e4ngsstreifen versehen. Hat das scharfe Aroma von Zwiebeln; der Geschmack ist scharf.<\/td>\n<\/tr>\n<tr>\n<td><strong>Natur, Geschmack und Meridiantropismus<\/strong><\/td>\n<td>Von Natur aus warm, mit scharfem Geschmack. Eingehende Meridiane: Lungenmeridian, Magenmeridian.<\/td>\n<\/tr>\n<tr>\n<td><strong>Verpackungsspezifikation<\/strong><\/td>\n<td>1 kg\/Aluminiumfolienbeutel, 25 kg\/Papierfass oder individuelle Verpackung nach Kundenwunsch<\/td>\n<\/tr>\n<tr>\n<td><strong>Speichermethode<\/strong><\/td>\n<td>K\u00fchl und trocken lagern; verschlossen halten; bei Zimmertemperatur lagern<\/td>\n<\/tr>\n<tr>\n<td><strong>Haltbarkeit<\/strong><\/td>\n<td>24 Monate<\/td>\n<\/tr>\n<\/tbody>\n<\/table>\n<\/div>\n<\/div>\n<\/div>\n<\/div>\n<\/div>\n<div class=\"suggest-message-list-wrapper-QLdGFg\" data-testid=\"suggest_message_list\"><\/div>\n<\/div>\n<\/div>\n<\/div>\n<\/div>\n<\/div>\n<\/div>\n<\/div>\n<\/div>\n<div class=\"top-FLPRDF\">\n<div class=\"container-SrVXPg chrome70-container\"><\/div>\n<\/div>","protected":false},"excerpt":{"rendered":"<p>Category English Translation Product Name Welsh Onion White Bulb Extract Alternative Names Dried Fistular Onion Stalk, White Head of Fistular<\/p>","protected":false},"featured_media":9942,"comment_status":"closed","ping_status":"closed","template":"","meta":[],"product_brand":[],"product_cat":[24,17],"product_tag":[],"class_list":{"0":"post-9941","1":"product","2":"type-product","3":"status-publish","4":"has-post-thumbnail","6":"product_cat-ratio-extract","7":"product_cat-plant-extract","9":"first","10":"instock","11":"shipping-taxable","12":"product-type-simple"},"_links":{"self":[{"href":"https:\/\/www.hvbio.com\/de\/wp-json\/wp\/v2\/product\/9941","targetHints":{"allow":["GET"]}}],"collection":[{"href":"https:\/\/www.hvbio.com\/de\/wp-json\/wp\/v2\/product"}],"about":[{"href":"https:\/\/www.hvbio.com\/de\/wp-json\/wp\/v2\/types\/product"}],"replies":[{"embeddable":true,"href":"https:\/\/www.hvbio.com\/de\/wp-json\/wp\/v2\/comments?post=9941"}],"wp:featuredmedia":[{"embeddable":true,"href":"https:\/\/www.hvbio.com\/de\/wp-json\/wp\/v2\/media\/9942"}],"wp:attachment":[{"href":"https:\/\/www.hvbio.com\/de\/wp-json\/wp\/v2\/media?parent=9941"}],"wp:term":[{"taxonomy":"product_brand","embeddable":true,"href":"https:\/\/www.hvbio.com\/de\/wp-json\/wp\/v2\/product_brand?post=9941"},{"taxonomy":"product_cat","embeddable":true,"href":"https:\/\/www.hvbio.com\/de\/wp-json\/wp\/v2\/product_cat?post=9941"},{"taxonomy":"product_tag","embeddable":true,"href":"https:\/\/www.hvbio.com\/de\/wp-json\/wp\/v2\/product_tag?post=9941"}],"curies":[{"name":"wp","href":"https:\/\/api.w.org\/{rel}","templated":true}]}}