{"id":9961,"date":"2025-09-01T15:46:41","date_gmt":"2025-09-01T07:46:41","guid":{"rendered":"https:\/\/www.hvbio.com\/?post_type=product&#038;p=9961"},"modified":"2025-09-01T15:46:42","modified_gmt":"2025-09-01T07:46:42","slug":"tuber-fleeceflower-vine-extract","status":"publish","type":"product","link":"https:\/\/www.hvbio.com\/de\/produkt\/tuber-fleeceflower-vine-extract\/","title":{"rendered":"Tuber Fleeceflower Vine Extrakt"},"content":{"rendered":"<table>\n<thead>\n<tr>\n<th>Artikel<\/th>\n<th>Beschreibung<\/th>\n<\/tr>\n<\/thead>\n<tbody>\n<tr>\n<td><strong>Produktname<\/strong><\/td>\n<td>Tuber Fleeceflower Vine Extrakt<\/td>\n<\/tr>\n<tr>\n<td><strong>Alias<\/strong><\/td>\n<td>Ye Jiaoteng (Nachtbl\u00fchende Kletterpflanze)<\/td>\n<\/tr>\n<tr>\n<td><strong>Quelle<\/strong><\/td>\n<td>Dieses Produkt ist der getrocknete Weinstamm von\u00a0<em>Vielbl\u00fctiger Kn\u00f6terich<\/em>\u00a0Thunb., eine Pflanze aus der Familie der Kn\u00f6terichgew\u00e4chse. Sie wird im Herbst und Winter geerntet, von den restlichen Bl\u00e4ttern befreit, zu Garben geb\u00fcndelt und getrocknet.<\/td>\n<\/tr>\n<tr>\n<td><strong>Eigenschaften<\/strong><\/td>\n<td>Braunes Pulver, hygroskopisch (nimmt leicht Feuchtigkeit auf), wasserl\u00f6slich, getestet durch D\u00fcnnschichtchromatographie (DC).<\/td>\n<\/tr>\n<tr>\n<td><strong>Produktmaschenweite<\/strong><\/td>\n<td>98% des Produkts passieren ein 80-Maschen-Sieb.<\/td>\n<\/tr>\n<tr>\n<td><strong>Verpackungsmethode<\/strong><\/td>\n<td>25 kg pro Papierfass oder Alufolienbeutel.<\/td>\n<\/tr>\n<tr>\n<td><strong>Lagerbedingungen<\/strong><\/td>\n<td>Sollte versiegelt und vor Licht gesch\u00fctzt an einem trockenen, k\u00fchlen und gut bel\u00fcfteten Ort gelagert werden.<\/td>\n<\/tr>\n<tr>\n<td><strong>Haltbarkeit<\/strong><\/td>\n<td>24 Monate<\/td>\n<\/tr>\n<tr>\n<td><strong>Express &amp; Logistik<\/strong><\/td>\n<td>Lieferung per Express oder Logistik. Inl\u00e4ndische Expresslieferungen kommen in der Regel innerhalb von 3 Tagen an, Logistiklieferungen in der Regel innerhalb von 5 Tagen. Angebote beinhalten in der Regel die Inlandstransportkosten.<\/td>\n<\/tr>\n<\/tbody>\n<\/table>","protected":false},"excerpt":{"rendered":"<p>Item Description Product Name Tuber Fleeceflower Vine Extract Alias Ye Jiaoteng (Night-Blooming Creeper Vine) Source This product is the dried<\/p>","protected":false},"featured_media":9962,"comment_status":"closed","ping_status":"closed","template":"","meta":[],"product_brand":[],"product_cat":[24,17],"product_tag":[],"class_list":{"0":"post-9961","1":"product","2":"type-product","3":"status-publish","4":"has-post-thumbnail","6":"product_cat-ratio-extract","7":"product_cat-plant-extract","9":"first","10":"instock","11":"shipping-taxable","12":"product-type-simple"},"_links":{"self":[{"href":"https:\/\/www.hvbio.com\/de\/wp-json\/wp\/v2\/product\/9961","targetHints":{"allow":["GET"]}}],"collection":[{"href":"https:\/\/www.hvbio.com\/de\/wp-json\/wp\/v2\/product"}],"about":[{"href":"https:\/\/www.hvbio.com\/de\/wp-json\/wp\/v2\/types\/product"}],"replies":[{"embeddable":true,"href":"https:\/\/www.hvbio.com\/de\/wp-json\/wp\/v2\/comments?post=9961"}],"wp:featuredmedia":[{"embeddable":true,"href":"https:\/\/www.hvbio.com\/de\/wp-json\/wp\/v2\/media\/9962"}],"wp:attachment":[{"href":"https:\/\/www.hvbio.com\/de\/wp-json\/wp\/v2\/media?parent=9961"}],"wp:term":[{"taxonomy":"product_brand","embeddable":true,"href":"https:\/\/www.hvbio.com\/de\/wp-json\/wp\/v2\/product_brand?post=9961"},{"taxonomy":"product_cat","embeddable":true,"href":"https:\/\/www.hvbio.com\/de\/wp-json\/wp\/v2\/product_cat?post=9961"},{"taxonomy":"product_tag","embeddable":true,"href":"https:\/\/www.hvbio.com\/de\/wp-json\/wp\/v2\/product_tag?post=9961"}],"curies":[{"name":"wp","href":"https:\/\/api.w.org\/{rel}","templated":true}]}}