{"id":9974,"date":"2025-09-01T16:13:20","date_gmt":"2025-09-01T08:13:20","guid":{"rendered":"https:\/\/www.hvbio.com\/?post_type=product&#038;p=9974"},"modified":"2025-09-01T16:13:20","modified_gmt":"2025-09-01T08:13:20","slug":"cornus-officinalis-fruit-extract","status":"publish","type":"product","link":"https:\/\/www.hvbio.com\/de\/produkt\/cornus-officinalis-fruit-extract\/","title":{"rendered":"Cornus Officinalis-Fruchtextrakt"},"content":{"rendered":"<table style=\"height: 448px;\" width=\"1145\">\n<thead>\n<tr>\n<th><strong>Artikel<\/strong><\/th>\n<th><strong>Beschreibung<\/strong><\/th>\n<\/tr>\n<\/thead>\n<tbody>\n<tr>\n<td>Produktname<\/td>\n<td>Cornus Officinalis-Fruchtextrakt<\/td>\n<\/tr>\n<tr>\n<td>Hauptzutaten<\/td>\n<td>Polysaccharide, Triterpenoide<\/td>\n<\/tr>\n<tr>\n<td>Extraktionsquelle<\/td>\n<td>Gewonnen aus dem getrockneten reifen Fruchtfleisch von\u00a0<em>Cornus officinalis<\/em>\u00a0Sieb. et Zucc. (eine Pflanze aus der Familie der Cornaceae)<\/td>\n<\/tr>\n<tr>\n<td>Aussehen<\/td>\n<td>Braunes Pulver<\/td>\n<\/tr>\n<tr>\n<td>Nachweismethode<\/td>\n<td>DC (D\u00fcnnschichtchromatographie)<\/td>\n<\/tr>\n<tr>\n<td>Anwendungsdosierungsformen<\/td>\n<td>Breites Anwendungsspektrum<\/td>\n<\/tr>\n<tr>\n<td>Lieferzeit<\/td>\n<td>Ganzj\u00e4hrig verf\u00fcgbar<\/td>\n<\/tr>\n<tr>\n<td>Lagerbedingungen<\/td>\n<td>In einem verschlossenen Beh\u00e4lter an einem k\u00fchlen, trockenen und lichtgesch\u00fctzten Ort aufbewahren, fern von W\u00e4rmequellen und feuchten Umgebungen<\/td>\n<\/tr>\n<tr>\n<td>Haltbarkeit<\/td>\n<td>2 Jahre<\/td>\n<\/tr>\n<\/tbody>\n<\/table>","protected":false},"excerpt":{"rendered":"<h4 class=\"header-vfC6AV auto-hide-last-sibling-br\">Produktname: Cornus Officinalis Fruchtextrakt<\/h4>\n<h4 class=\"header-vfC6AV auto-hide-last-sibling-br\">Hauptbestandteile: Polysaccharide, Triterpenoide<\/h4>\n<h4 class=\"header-vfC6AV auto-hide-last-sibling-br\">Extraktionsquelle: Der Extrakt wird aus der getrockneten und reifen fleischigen Frucht von\u00a0<em>Cornus officinalis<\/em>\u00a0Sieb. et Zucc. (eine Pflanze aus der Familie der Cornaceae)<\/h4>\n<h4 class=\"header-vfC6AV auto-hide-last-sibling-br\">Aussehen: Braunes Pulver<\/h4>\n<h4 class=\"header-vfC6AV auto-hide-last-sibling-br\">Nachweismethode: DC (D\u00fcnnschichtchromatographie)<\/h4>\n<h4 class=\"header-vfC6AV auto-hide-last-sibling-br\">Anwendungsformen: Breites Anwendungsspektrum<\/h4>\n<h4 class=\"header-vfC6AV auto-hide-last-sibling-br\">Lieferzeit: Ganzj\u00e4hrig verf\u00fcgbar<\/h4>\n<h4 class=\"header-vfC6AV auto-hide-last-sibling-br\">Kaufhinweise<\/h4>\n<ul class=\"auto-hide-last-sibling-br\">\n<li>\n<h4><strong>Verpackungsmethode<\/strong>: 25 kg pro Pappfass oder Alufolienbeutel<\/h4>\n<\/li>\n<li>\n<h4><strong>Lagerbedingungen<\/strong>: Sollte versiegelt und vor Licht gesch\u00fctzt an einem trockenen, k\u00fchlen und gut bel\u00fcfteten Ort gelagert werden<\/h4>\n<\/li>\n<li>\n<h4><strong>Haltbarkeit<\/strong>: 2 Jahre<\/h4>\n<\/li>\n<li>\n<h4><strong>Probenbereitstellung<\/strong>: Im Allgemeinen werden f\u00fcr jedes Produkt 5\u201320 g Probe bereitgestellt. F\u00fcr einige Produkte wird eine Probegeb\u00fchr erhoben.<\/h4>\n<\/li>\n<li>\n<h4><strong>Produktverpackung<\/strong>: Verpackt in Pappf\u00e4ssern oder Aluminiumfolienbeuteln (anpassbar nach Kundenwunsch)<\/h4>\n<\/li>\n<li>\n<h4><strong>Lieferzeit<\/strong>: Nicht kundenspezifische Produkte werden innerhalb von 48 Stunden versendet; die Lieferzeit f\u00fcr kundenspezifische Produkte wird je nach tats\u00e4chlichem Bedarf angepasst.<\/h4>\n<\/li>\n<li>\n<h4><strong>Verpackungsmethode<\/strong>: 25 kg pro Pappfass oder Aluminiumfolienbeutel; die Verpackung kann den tats\u00e4chlichen Bedingungen angepasst werden.<\/h4>\n<\/li>\n<li>\n<h4><strong>Transportmethode<\/strong>: Inlandsexpresslieferung oder Logistik; der angegebene Preis beinhaltet die Transportkosten.<\/h4>\n<\/li>\n<li>\n<h4><strong>Lagerbedingungen<\/strong>: Versiegelt und lichtgesch\u00fctzt an einem trockenen, k\u00fchlen und gut bel\u00fcfteten Ort lagern<\/h4>\n<\/li>\n<\/ul>","protected":false},"featured_media":9975,"comment_status":"closed","ping_status":"closed","template":"","meta":[],"product_brand":[],"product_cat":[17,24],"product_tag":[],"class_list":{"0":"post-9974","1":"product","2":"type-product","3":"status-publish","4":"has-post-thumbnail","6":"product_cat-plant-extract","7":"product_cat-ratio-extract","9":"first","10":"instock","11":"shipping-taxable","12":"product-type-simple"},"_links":{"self":[{"href":"https:\/\/www.hvbio.com\/de\/wp-json\/wp\/v2\/product\/9974","targetHints":{"allow":["GET"]}}],"collection":[{"href":"https:\/\/www.hvbio.com\/de\/wp-json\/wp\/v2\/product"}],"about":[{"href":"https:\/\/www.hvbio.com\/de\/wp-json\/wp\/v2\/types\/product"}],"replies":[{"embeddable":true,"href":"https:\/\/www.hvbio.com\/de\/wp-json\/wp\/v2\/comments?post=9974"}],"wp:featuredmedia":[{"embeddable":true,"href":"https:\/\/www.hvbio.com\/de\/wp-json\/wp\/v2\/media\/9975"}],"wp:attachment":[{"href":"https:\/\/www.hvbio.com\/de\/wp-json\/wp\/v2\/media?parent=9974"}],"wp:term":[{"taxonomy":"product_brand","embeddable":true,"href":"https:\/\/www.hvbio.com\/de\/wp-json\/wp\/v2\/product_brand?post=9974"},{"taxonomy":"product_cat","embeddable":true,"href":"https:\/\/www.hvbio.com\/de\/wp-json\/wp\/v2\/product_cat?post=9974"},{"taxonomy":"product_tag","embeddable":true,"href":"https:\/\/www.hvbio.com\/de\/wp-json\/wp\/v2\/product_tag?post=9974"}],"curies":[{"name":"wp","href":"https:\/\/api.w.org\/{rel}","templated":true}]}}