{"id":9979,"date":"2025-09-01T16:08:17","date_gmt":"2025-09-01T08:08:17","guid":{"rendered":"https:\/\/www.hvbio.com\/?post_type=product&#038;p=9979"},"modified":"2025-09-01T16:08:18","modified_gmt":"2025-09-01T08:08:18","slug":"psoralea-corylifolia-extract","status":"publish","type":"product","link":"https:\/\/www.hvbio.com\/de\/produkt\/psoralea-corylifolia-extract\/","title":{"rendered":"Psoralea corylifolia-Extrakt"},"content":{"rendered":"<table>\n<thead>\n<tr>\n<th>Artikel<\/th>\n<th>Beschreibung<\/th>\n<\/tr>\n<\/thead>\n<tbody>\n<tr>\n<td>Produktname<\/td>\n<td>Psoralea Corylifolia-Extrakt<br class=\"container-Uxvbjy wrapper-GYqxgQ undefined\" \/><br class=\"container-Uxvbjy wrapper-GYqxgQ undefined\" \/>Psoralea corylifolia Linn. (wissenschaftlicher Name), auch bekannt als Poguzhi, Poguzhi (alternative chinesische Namen) oder Hujiezi. Sie geh\u00f6rt zur Ordnung der Rosengew\u00e4chse (Rosales), Familie der H\u00fclsenfr\u00fcchtler (Fabaceae), und ist eine einj\u00e4hrige, aufrecht wachsende Pflanze mit einer H\u00f6he von 60\u2013150 cm. Die Bl\u00e4tter sind einfach, 7\u20138 mm lang; die Blattstiele sind 2\u20134,5 cm lang und breit eif\u00f6rmig. Die Bl\u00fctenst\u00e4nde stehen achselst\u00e4ndig und enthalten 10\u201330 Bl\u00fcten. Die Bl\u00fctenkrone ist gelb oder blau, die Bl\u00fctenbl\u00e4tter haben deutliche Krallen und die Standardbl\u00fctenbl\u00e4tter sind verkehrt eif\u00f6rmig. Die H\u00fclsenfr\u00fcchte sind eif\u00f6rmig.<\/td>\n<\/tr>\n<tr>\n<td>Englischer Name<\/td>\n<td>Fructus psoraleae-Extrakt<\/td>\n<\/tr>\n<tr>\n<td>Spezifikation<\/td>\n<td>1:1<\/td>\n<\/tr>\n<tr>\n<td>Aussehen<\/td>\n<td>Braungelbes Pulver<\/td>\n<\/tr>\n<tr>\n<td>Extraktionsquelle<\/td>\n<td>Reife Samen<\/td>\n<\/tr>\n<tr>\n<td>Haltbarkeit<\/td>\n<td>24 Monate<\/td>\n<\/tr>\n<tr>\n<td>Express &amp; Logistik<\/td>\n<td>Expressversand oder Logistik. Inl\u00e4ndische Expresslieferungen erfolgen in der Regel innerhalb von 3 Tagen, Logistiklieferungen in der Regel innerhalb von 5 Tagen. Das Angebot beinhaltet in der Regel die Inlandstransportkosten.<\/td>\n<\/tr>\n<tr>\n<td>Probenbereitstellung<\/td>\n<td>Im Allgemeinen werden f\u00fcr Produkte kleine Proben von 5\u201320 g bereitgestellt. F\u00fcr einige Produkte wird eine Probengeb\u00fchr erhoben.<\/td>\n<\/tr>\n<tr>\n<td>Produktverpackung<\/td>\n<td>Verpackung in Papierf\u00e4ssern oder Aluminiumfolienbeuteln (Verpackung kann nach Kundenwunsch individuell angepasst werden)<\/td>\n<\/tr>\n<\/tbody>\n<\/table>","protected":false},"excerpt":{"rendered":"<p>Item Description Product Name Psoralea Corylifolia ExtractPsoralea corylifolia Linn. (scientific name), also known as Poguzhi, Poguzhi (alternative Chinese names), or<\/p>","protected":false},"featured_media":9980,"comment_status":"closed","ping_status":"closed","template":"","meta":[],"product_brand":[],"product_cat":[17,24],"product_tag":[],"class_list":{"0":"post-9979","1":"product","2":"type-product","3":"status-publish","4":"has-post-thumbnail","6":"product_cat-plant-extract","7":"product_cat-ratio-extract","9":"first","10":"instock","11":"shipping-taxable","12":"product-type-simple"},"_links":{"self":[{"href":"https:\/\/www.hvbio.com\/de\/wp-json\/wp\/v2\/product\/9979","targetHints":{"allow":["GET"]}}],"collection":[{"href":"https:\/\/www.hvbio.com\/de\/wp-json\/wp\/v2\/product"}],"about":[{"href":"https:\/\/www.hvbio.com\/de\/wp-json\/wp\/v2\/types\/product"}],"replies":[{"embeddable":true,"href":"https:\/\/www.hvbio.com\/de\/wp-json\/wp\/v2\/comments?post=9979"}],"wp:featuredmedia":[{"embeddable":true,"href":"https:\/\/www.hvbio.com\/de\/wp-json\/wp\/v2\/media\/9980"}],"wp:attachment":[{"href":"https:\/\/www.hvbio.com\/de\/wp-json\/wp\/v2\/media?parent=9979"}],"wp:term":[{"taxonomy":"product_brand","embeddable":true,"href":"https:\/\/www.hvbio.com\/de\/wp-json\/wp\/v2\/product_brand?post=9979"},{"taxonomy":"product_cat","embeddable":true,"href":"https:\/\/www.hvbio.com\/de\/wp-json\/wp\/v2\/product_cat?post=9979"},{"taxonomy":"product_tag","embeddable":true,"href":"https:\/\/www.hvbio.com\/de\/wp-json\/wp\/v2\/product_tag?post=9979"}],"curies":[{"name":"wp","href":"https:\/\/api.w.org\/{rel}","templated":true}]}}