{"id":9986,"date":"2025-09-01T16:20:45","date_gmt":"2025-09-01T08:20:45","guid":{"rendered":"https:\/\/www.hvbio.com\/?post_type=product&#038;p=9986"},"modified":"2025-09-01T16:20:46","modified_gmt":"2025-09-01T08:20:46","slug":"fenugreek-extract","status":"publish","type":"product","link":"https:\/\/www.hvbio.com\/de\/produkt\/fenugreek-extract\/","title":{"rendered":"Bockshornklee-Extrakt"},"content":{"rendered":"<table>\n<thead>\n<tr>\n<th><strong>Artikel<\/strong><\/th>\n<th><strong>Details<\/strong><\/th>\n<\/tr>\n<\/thead>\n<tbody>\n<tr>\n<td>Produktname<\/td>\n<td>Bockshornklee-Extrakt<\/td>\n<\/tr>\n<tr>\n<td>Hauptzutaten<\/td>\n<td>Alkaloide, Saponine, Flavonoide<\/td>\n<\/tr>\n<tr>\n<td>Extraktionsquelle<\/td>\n<td>Der Extrakt wird aus den reifen Samen von\u00a0<em>Trigonella foenum-graecum<\/em>\u00a0L. (eine Pflanze der Gattung\u00a0<em>Trigonella<\/em>\u00a0aus der Familie der Fabaceae)<\/td>\n<\/tr>\n<tr>\n<td>Aussehen<\/td>\n<td>Hellbraun-gelbes Pulver<\/td>\n<\/tr>\n<tr>\n<td>Nachweismethode<\/td>\n<td>DC (D\u00fcnnschichtchromatographie)<\/td>\n<\/tr>\n<tr>\n<td>Anwendungsdosierungsformen<\/td>\n<td>Breites Anwendungsspektrum<\/td>\n<\/tr>\n<tr>\n<td>Lieferzeit<\/td>\n<td>Ganzj\u00e4hrig verf\u00fcgbar<\/td>\n<\/tr>\n<tr>\n<td>Lagerbedingungen<\/td>\n<td>In einem verschlossenen Beh\u00e4lter an einem k\u00fchlen, trockenen und lichtgesch\u00fctzten Ort aufbewahren und von W\u00e4rmequellen und feuchten Umgebungen fernhalten.<\/td>\n<\/tr>\n<tr>\n<td>Haltbarkeit<\/td>\n<td>Zwei Jahre<\/td>\n<\/tr>\n<\/tbody>\n<\/table>","protected":false},"excerpt":{"rendered":"<h3 class=\"header-vfC6AV auto-hide-last-sibling-br\">Produktname: Bockshornklee-Extrakt<\/h3>\n<h3 class=\"header-vfC6AV auto-hide-last-sibling-br\">Hauptbestandteile: Alkaloide, Saponine, Flavonoide<\/h3>\n<h3 class=\"header-vfC6AV auto-hide-last-sibling-br\">Extraktionsquelle: Der Extrakt wird aus den reifen Samen von\u00a0<em>Trigonella foenum-graecum<\/em>\u00a0L. (eine Pflanze der Gattung\u00a0<em>Trigonella<\/em>\u00a0aus der Familie der Fabaceae)<\/h3>\n<h3 class=\"header-vfC6AV auto-hide-last-sibling-br\">Aussehen: Hellbraun-gelbes Pulver<\/h3>\n<h3 class=\"header-vfC6AV auto-hide-last-sibling-br\">Nachweismethode: DC (D\u00fcnnschichtchromatographie)<\/h3>\n<h3 class=\"header-vfC6AV auto-hide-last-sibling-br\">Anwendungsformen: Breites Anwendungsspektrum<\/h3>\n<h3 class=\"header-vfC6AV auto-hide-last-sibling-br\">Lieferzeit: Ganzj\u00e4hrig verf\u00fcgbar<\/h3>\n<h3 class=\"header-vfC6AV auto-hide-last-sibling-br\">Kaufhinweise<\/h3>\n<ul class=\"auto-hide-last-sibling-br\">\n<li>\n<h3><strong>Verpackungsmethode<\/strong>: 25 kg pro Pappfass oder Alufolienbeutel<\/h3>\n<\/li>\n<li>\n<h3><strong>Lagerbedingungen<\/strong>: Sollte versiegelt und vor Licht gesch\u00fctzt an einem trockenen, k\u00fchlen und gut bel\u00fcfteten Ort gelagert werden<\/h3>\n<\/li>\n<li>\n<h3><strong>Haltbarkeit<\/strong>: 2 Jahre<\/h3>\n<\/li>\n<li>\n<h3><strong>Probenbereitstellung<\/strong>: Im Allgemeinen werden 5\u201320 g Probe f\u00fcr das Produkt bereitgestellt. F\u00fcr einige Produkte wird eine Probegeb\u00fchr erhoben.<\/h3>\n<\/li>\n<li>\n<h3><strong>Produktverpackung<\/strong>: Verpackt in Pappf\u00e4ssern oder Aluminiumfolienbeuteln (Verpackung kann nach Kundenwunsch individuell angepasst werden)<\/h3>\n<\/li>\n<li>\n<h3><strong>Lieferzeit<\/strong>: Nicht kundenspezifische Produkte werden innerhalb von 48 Stunden versendet; die Lieferzeit f\u00fcr kundenspezifische Produkte wird je nach tats\u00e4chlichem Bedarf angepasst.<\/h3>\n<\/li>\n<li>\n<h3><strong>Verpackungsmethode<\/strong>: 25 kg pro Pappfass oder Aluminiumfolienbeutel; die Verpackung kann den tats\u00e4chlichen Bedingungen angepasst werden.<\/h3>\n<\/li>\n<li>\n<h3><strong>Transportmethode<\/strong>: Inlandsexpresslieferung oder Logistik; der angegebene Preis beinhaltet die Transportkosten.<\/h3>\n<\/li>\n<li>\n<h3><strong>Lagerbedingungen<\/strong>: Versiegelt und lichtgesch\u00fctzt an einem trockenen, k\u00fchlen und gut bel\u00fcfteten Ort lagern<\/h3>\n<\/li>\n<\/ul>","protected":false},"featured_media":9987,"comment_status":"closed","ping_status":"closed","template":"","meta":[],"product_brand":[],"product_cat":[17,24],"product_tag":[],"class_list":{"0":"post-9986","1":"product","2":"type-product","3":"status-publish","4":"has-post-thumbnail","6":"product_cat-plant-extract","7":"product_cat-ratio-extract","9":"first","10":"instock","11":"shipping-taxable","12":"product-type-simple"},"_links":{"self":[{"href":"https:\/\/www.hvbio.com\/de\/wp-json\/wp\/v2\/product\/9986","targetHints":{"allow":["GET"]}}],"collection":[{"href":"https:\/\/www.hvbio.com\/de\/wp-json\/wp\/v2\/product"}],"about":[{"href":"https:\/\/www.hvbio.com\/de\/wp-json\/wp\/v2\/types\/product"}],"replies":[{"embeddable":true,"href":"https:\/\/www.hvbio.com\/de\/wp-json\/wp\/v2\/comments?post=9986"}],"wp:featuredmedia":[{"embeddable":true,"href":"https:\/\/www.hvbio.com\/de\/wp-json\/wp\/v2\/media\/9987"}],"wp:attachment":[{"href":"https:\/\/www.hvbio.com\/de\/wp-json\/wp\/v2\/media?parent=9986"}],"wp:term":[{"taxonomy":"product_brand","embeddable":true,"href":"https:\/\/www.hvbio.com\/de\/wp-json\/wp\/v2\/product_brand?post=9986"},{"taxonomy":"product_cat","embeddable":true,"href":"https:\/\/www.hvbio.com\/de\/wp-json\/wp\/v2\/product_cat?post=9986"},{"taxonomy":"product_tag","embeddable":true,"href":"https:\/\/www.hvbio.com\/de\/wp-json\/wp\/v2\/product_tag?post=9986"}],"curies":[{"name":"wp","href":"https:\/\/api.w.org\/{rel}","templated":true}]}}