{"id":9991,"date":"2025-09-01T16:25:06","date_gmt":"2025-09-01T08:25:06","guid":{"rendered":"https:\/\/www.hvbio.com\/?post_type=product&#038;p=9991"},"modified":"2025-09-01T16:25:06","modified_gmt":"2025-09-01T08:25:06","slug":"prickly-pear-powder","status":"publish","type":"product","link":"https:\/\/www.hvbio.com\/de\/produkt\/prickly-pear-powder\/","title":{"rendered":"Kaktusfeigenpulver"},"content":{"rendered":"<div class=\"inter-H_fm37\">\n<div class=\"container-PvPoAn\">\n<div class=\"item-kDun2N\">\n<div class=\"container-SrVXPg chrome70-container\">\n<div class=\"inner-Qo5lJS inner-item-Nz3mG4\" data-target-id=\"message-box-target-id\" data-testid=\"union_message\">\n<div class=\"message-block-container-PggqdK\" data-testid=\"message-block-container\">\n<div class=\"flex flex-row w-full w-full max-w-full s-font-base text-s-color-text-secondary p-0 rounded-s-radius-s bg-transparent group data-[attr=select-mode]:-mt-10 data-[attr=select-mode]:py-10 data-[attr=select-mode]:px-16 data-[attr=select-mode]:sm:p-10 data-[attr=select-mode]:hover:bg-s-color-bg-base data-[attr=select-mode]:hover:rounded-s-radius-xs data-[attr=select-mode]:has-[:checked]:bg-s-color-bg-trans data-[attr=select-mode]:has-[:checked]:rounded-s-radius-xs data-[attr=select-mode]:pointer-events-none\" data-testid=\"receive_message\">\n<div class=\"flex flex-col flex-grow max-w-full min-w-0\">\n<div class=\"flex flex-row w-full\" data-testid=\"message_content\" data-message-id=\"18846103985642242\">\n<div class=\"w-full\" data-plugin-identifier=\"Symbol(infra:receive-message-box:text)\">\n<div class=\"container-P2rR72 flow-markdown-body theme-samantha-uDexJL\" dir=\"ltr\" data-testid=\"message_text_content\" data-show-indicator=\"false\">\n<div class=\"auto-hide-last-sibling-br mdbox-table-root table-container-cYf_5N\" data-scroll-inline-overflow=\"false\" data-scroll-inline-at-start=\"true\" data-scroll-inline-start-overflow=\"false\" data-scroll-inline-at-end=\"true\" data-scroll-inline-end-overflow=\"false\">\n<div class=\"table-scroll-container-Gyf4hQ mdbox-table-scroll-container\">\n<table>\n<thead>\n<tr>\n<th>Artikel<\/th>\n<th>Beschreibung<\/th>\n<\/tr>\n<\/thead>\n<tbody>\n<tr>\n<td>Produktname<\/td>\n<td>Kaktusfeigenpulver<\/td>\n<\/tr>\n<tr>\n<td>Plant Latin Name<\/td>\n<td>Opuntia dilenini<\/td>\n<\/tr>\n<tr>\n<td>Product Alternative Names<\/td>\n<td>Xianbazhang (Fairy Palm), Bawangshu (Overlord Tree), Huoyan (Flame), Huozhang (Fire Palm)<\/td>\n<\/tr>\n<tr>\n<td>Usage Source<\/td>\n<td>Roots and stems of\u00a0<em>Opuntia dillenii<\/em>\u00a0Haw, a plant of the Cactaceae family<\/td>\n<\/tr>\n<tr>\n<td>Geographic Distribution<\/td>\n<td>Native to the east coast of Mexico, southern and southeastern coastal areas of the United States, the West Indies, Bermuda Islands, and northern South America; it has become naturalized in the Canary Islands, India, and eastern Australia. It was introduced to China at the end of the Ming Dynasty and is commonly cultivated in coastal areas of southern China, and has become naturalized in southern Guangdong, southern Guangxi, and coastal areas of Hainan.<\/td>\n<\/tr>\n<tr>\n<td>Hauptkomponente<\/td>\n<td>Polysaccharide<\/td>\n<\/tr>\n<tr>\n<td>Produktspezifikation<\/td>\n<td>This product is cactus juice powder. For other specifications, please contact customer service.<\/td>\n<\/tr>\n<tr>\n<td>Produktcharakter<\/td>\n<td>Red powder<\/td>\n<\/tr>\n<tr>\n<td>Produktmaschenweite<\/td>\n<td>98% geht durch ein 80-Maschen-Sieb<\/td>\n<\/tr>\n<tr>\n<td>Verpackungsmethode<\/td>\n<td>25 kg pro Papierfass oder Aluminiumfolienbeutel<\/td>\n<\/tr>\n<tr>\n<td>Lagerbedingungen<\/td>\n<td>Sollte versiegelt und vor Licht gesch\u00fctzt an einem trockenen, k\u00fchlen und gut bel\u00fcfteten Ort gelagert werden<\/td>\n<\/tr>\n<tr>\n<td>Haltbarkeit<\/td>\n<td>24 Monate<\/td>\n<\/tr>\n<tr>\n<td>Express &amp; Logistik<\/td>\n<td>Expressversand oder Logistik. Inl\u00e4ndische Expresslieferungen erfolgen in der Regel innerhalb von 3 Tagen, Logistiklieferungen in der Regel innerhalb von 5 Tagen. Das Angebot beinhaltet in der Regel die Inlandstransportkosten.<\/td>\n<\/tr>\n<tr>\n<td>Probenbereitstellung<\/td>\n<td>Im Allgemeinen werden f\u00fcr Produkte kleine Proben von 5\u201320 g bereitgestellt. F\u00fcr einige Produkte wird eine Probengeb\u00fchr erhoben.<\/td>\n<\/tr>\n<tr>\n<td>Produktverpackung<\/td>\n<td>Verpackung in Papierf\u00e4ssern oder Aluminiumfolienbeuteln (Verpackung kann nach Kundenwunsch individuell angepasst werden)<\/td>\n<\/tr>\n<\/tbody>\n<\/table>\n<\/div>\n<\/div>\n<\/div>\n<\/div>\n<\/div>\n<div class=\"suggest-message-list-wrapper-QLdGFg\" data-testid=\"suggest_message_list\"><\/div>\n<\/div>\n<\/div>\n<\/div>\n<\/div>\n<\/div>\n<\/div>\n<\/div>\n<\/div>\n<div class=\"top-FLPRDF\">\n<div class=\"container-SrVXPg chrome70-container\"><\/div>\n<\/div>","protected":false},"excerpt":{"rendered":"<p>Item Description Product Name Prickly Pear Powder Plant Latin Name Opuntia dilenini Product Alternative Names Xianbazhang (Fairy Palm), Bawangshu (Overlord<\/p>","protected":false},"featured_media":9992,"comment_status":"closed","ping_status":"closed","template":"","meta":[],"product_brand":[],"product_cat":[20,18],"product_tag":[],"class_list":{"0":"post-9991","1":"product","2":"type-product","3":"status-publish","4":"has-post-thumbnail","6":"product_cat-fruit-powder","7":"product_cat-fruit-and-vegetable-powder","9":"first","10":"instock","11":"shipping-taxable","12":"product-type-simple"},"_links":{"self":[{"href":"https:\/\/www.hvbio.com\/de\/wp-json\/wp\/v2\/product\/9991","targetHints":{"allow":["GET"]}}],"collection":[{"href":"https:\/\/www.hvbio.com\/de\/wp-json\/wp\/v2\/product"}],"about":[{"href":"https:\/\/www.hvbio.com\/de\/wp-json\/wp\/v2\/types\/product"}],"replies":[{"embeddable":true,"href":"https:\/\/www.hvbio.com\/de\/wp-json\/wp\/v2\/comments?post=9991"}],"wp:featuredmedia":[{"embeddable":true,"href":"https:\/\/www.hvbio.com\/de\/wp-json\/wp\/v2\/media\/9992"}],"wp:attachment":[{"href":"https:\/\/www.hvbio.com\/de\/wp-json\/wp\/v2\/media?parent=9991"}],"wp:term":[{"taxonomy":"product_brand","embeddable":true,"href":"https:\/\/www.hvbio.com\/de\/wp-json\/wp\/v2\/product_brand?post=9991"},{"taxonomy":"product_cat","embeddable":true,"href":"https:\/\/www.hvbio.com\/de\/wp-json\/wp\/v2\/product_cat?post=9991"},{"taxonomy":"product_tag","embeddable":true,"href":"https:\/\/www.hvbio.com\/de\/wp-json\/wp\/v2\/product_tag?post=9991"}],"curies":[{"name":"wp","href":"https:\/\/api.w.org\/{rel}","templated":true}]}}