{"id":10003,"date":"2025-09-01T16:34:28","date_gmt":"2025-09-01T08:34:28","guid":{"rendered":"https:\/\/www.hvbio.com\/?post_type=product&#038;p=10003"},"modified":"2025-09-01T16:34:28","modified_gmt":"2025-09-01T08:34:28","slug":"polygonum-aviculare-extract","status":"publish","type":"product","link":"https:\/\/www.hvbio.com\/es\/producto\/polygonum-aviculare-extract\/","title":{"rendered":"Extracto de Polygonum aviculare"},"content":{"rendered":"<div class=\"inter-H_fm37\">\n<div class=\"container-PvPoAn\">\n<div class=\"item-kDun2N\">\n<div class=\"container-SrVXPg chrome70-container\">\n<div class=\"inner-Qo5lJS inner-item-Nz3mG4\" data-target-id=\"message-box-target-id\" data-testid=\"union_message\">\n<div class=\"message-block-container-PggqdK\" data-testid=\"message-block-container\">\n<div class=\"flex flex-row w-full w-full max-w-full s-font-base text-s-color-text-secondary p-0 rounded-s-radius-s bg-transparent group data-[attr=select-mode]:-mt-10 data-[attr=select-mode]:py-10 data-[attr=select-mode]:px-16 data-[attr=select-mode]:sm:p-10 data-[attr=select-mode]:hover:bg-s-color-bg-base data-[attr=select-mode]:hover:rounded-s-radius-xs data-[attr=select-mode]:has-[:checked]:bg-s-color-bg-trans data-[attr=select-mode]:has-[:checked]:rounded-s-radius-xs data-[attr=select-mode]:pointer-events-none\" data-testid=\"receive_message\">\n<div class=\"flex flex-col flex-grow max-w-full min-w-0\">\n<div class=\"flex flex-row w-full\" data-testid=\"message_content\" data-message-id=\"18846281036019970\">\n<div class=\"w-full\" data-plugin-identifier=\"Symbol(infra:receive-message-box:text)\">\n<div class=\"container-P2rR72 flow-markdown-body theme-samantha-uDexJL\" dir=\"ltr\" data-testid=\"message_text_content\" data-show-indicator=\"false\">\n<div class=\"auto-hide-last-sibling-br mdbox-table-root table-container-cYf_5N\" data-scroll-inline-overflow=\"false\" data-scroll-inline-at-start=\"true\" data-scroll-inline-start-overflow=\"false\" data-scroll-inline-at-end=\"true\" data-scroll-inline-end-overflow=\"false\">\n<div class=\"table-scroll-container-Gyf4hQ mdbox-table-scroll-container\">\n<table>\n<thead>\n<tr>\n<th><strong>Art\u00edculo<\/strong><\/th>\n<th><strong>Detalles<\/strong><\/th>\n<\/tr>\n<\/thead>\n<tbody>\n<tr>\n<td><strong>Nombre del producto<\/strong><\/td>\n<td>Extracto de Polygonum aviculare<\/td>\n<\/tr>\n<tr>\n<td><strong>Introducci\u00f3n de la planta<\/strong><\/td>\n<td>Polygonum aviculare L. (Nombre com\u00fan: Bamb\u00fa), una hierba anual del g\u00e9nero Polygonum, de la familia Polygonaceae. Se produce en la mayor parte del sur de China.<\/td>\n<\/tr>\n<tr>\n<td><strong>Nombres alternativos<\/strong><\/td>\n<td>Bianxu, Da Bianxu (Polygonum aviculare grande), Niaoliao (Polygonum de p\u00e1jaro), Bianzhu (Bamb\u00fa plano), Zhujiecao (Hierba para juntas de bamb\u00fa), Zhuyacao (Hierba de dientes de cerdo), Daoshengcao (Hierba nacida del Dao)<\/td>\n<\/tr>\n<tr>\n<td><strong>Nombre en lat\u00edn<\/strong><\/td>\n<td>Polygonum aviculare L.<\/td>\n<\/tr>\n<tr>\n<td><strong>Fuente vegetal<\/strong><\/td>\n<td>Partes a\u00e9reas secas de Polygonum aviculare L., una hierba anual de la familia Polygonaceae.<\/td>\n<\/tr>\n<tr>\n<td><strong>Especificaci\u00f3n<\/strong><\/td>\n<td>1:1. Para otras especificaciones, p\u00f3ngase en contacto con el servicio de atenci\u00f3n al cliente para realizar una consulta.<\/td>\n<\/tr>\n<tr>\n<td><strong>Caracter\u00edsticas<\/strong><\/td>\n<td>Polvo de color marr\u00f3n amarillento, f\u00e1cil de absorber la humedad, f\u00e1cilmente soluble en agua, probado por TLC (cromatograf\u00eda en capa fina).<\/td>\n<\/tr>\n<tr>\n<td><strong>Tama\u00f1o de malla del producto<\/strong><\/td>\n<td>98% pasa a trav\u00e9s de un tamiz de malla 80<\/td>\n<\/tr>\n<tr>\n<td><strong>M\u00e9todo de embalaje<\/strong><\/td>\n<td>25 kg por tambor de papel o bolsa de papel de aluminio<\/td>\n<\/tr>\n<tr>\n<td><strong>Condiciones de almacenamiento<\/strong><\/td>\n<td>Debe sellarse y protegerse de la luz, almacenarse en un lugar seco, fresco y bien ventilado.<\/td>\n<\/tr>\n<tr>\n<td><strong>Duraci\u00f3n<\/strong><\/td>\n<td>24 meses<\/td>\n<\/tr>\n<tr>\n<td><strong>Express y Log\u00edstica<\/strong><\/td>\n<td>Env\u00edo por mensajer\u00eda urgente o log\u00edstica. La mensajer\u00eda urgente nacional suele llegar en 3 d\u00edas, y la log\u00edstica, en 5 d\u00edas. Los presupuestos suelen incluir los gastos de transporte nacional.<\/td>\n<\/tr>\n<\/tbody>\n<\/table>\n<\/div>\n<\/div>\n<\/div>\n<\/div>\n<\/div>\n<div class=\"suggest-message-list-wrapper-QLdGFg\" data-testid=\"suggest_message_list\"><\/div>\n<\/div>\n<\/div>\n<\/div>\n<\/div>\n<\/div>\n<\/div>\n<\/div>\n<\/div>\n<div class=\"top-FLPRDF\">\n<div class=\"container-SrVXPg chrome70-container\"><\/div>\n<\/div>","protected":false},"excerpt":{"rendered":"<p>Detalles del art\u00edculo Nombre del producto Extracto de Polygonum Aviculare Introducci\u00f3n de la planta Polygonum aviculare L. (Nombres comunes: Vegetal de hoja de bamb\u00fa), una hierba anual<\/p>","protected":false},"featured_media":10013,"comment_status":"closed","ping_status":"closed","template":"","meta":[],"product_brand":[],"product_cat":[17,24],"product_tag":[],"class_list":{"0":"post-10003","1":"product","2":"type-product","3":"status-publish","4":"has-post-thumbnail","6":"product_cat-plant-extract","7":"product_cat-ratio-extract","9":"first","10":"instock","11":"shipping-taxable","12":"product-type-simple"},"_links":{"self":[{"href":"https:\/\/www.hvbio.com\/es\/wp-json\/wp\/v2\/product\/10003","targetHints":{"allow":["GET"]}}],"collection":[{"href":"https:\/\/www.hvbio.com\/es\/wp-json\/wp\/v2\/product"}],"about":[{"href":"https:\/\/www.hvbio.com\/es\/wp-json\/wp\/v2\/types\/product"}],"replies":[{"embeddable":true,"href":"https:\/\/www.hvbio.com\/es\/wp-json\/wp\/v2\/comments?post=10003"}],"wp:featuredmedia":[{"embeddable":true,"href":"https:\/\/www.hvbio.com\/es\/wp-json\/wp\/v2\/media\/10013"}],"wp:attachment":[{"href":"https:\/\/www.hvbio.com\/es\/wp-json\/wp\/v2\/media?parent=10003"}],"wp:term":[{"taxonomy":"product_brand","embeddable":true,"href":"https:\/\/www.hvbio.com\/es\/wp-json\/wp\/v2\/product_brand?post=10003"},{"taxonomy":"product_cat","embeddable":true,"href":"https:\/\/www.hvbio.com\/es\/wp-json\/wp\/v2\/product_cat?post=10003"},{"taxonomy":"product_tag","embeddable":true,"href":"https:\/\/www.hvbio.com\/es\/wp-json\/wp\/v2\/product_tag?post=10003"}],"curies":[{"name":"wp","href":"https:\/\/api.w.org\/{rel}","templated":true}]}}