{"id":10020,"date":"2025-09-01T16:46:04","date_gmt":"2025-09-01T08:46:04","guid":{"rendered":"https:\/\/www.hvbio.com\/?post_type=product&#038;p=10020"},"modified":"2025-09-01T16:46:04","modified_gmt":"2025-09-01T08:46:04","slug":"polygala-fallax-hemsl-extract","status":"publish","type":"product","link":"https:\/\/www.hvbio.com\/es\/producto\/polygala-fallax-hemsl-extract\/","title":{"rendered":"Extracto de Polygala fallax Hemsl."},"content":{"rendered":"<table>\n<thead>\n<tr>\n<th><strong>Art\u00edculo<\/strong><\/th>\n<th><strong>Detalles<\/strong><\/th>\n<\/tr>\n<\/thead>\n<tbody>\n<tr>\n<td><strong>Nombre del producto<\/strong><\/td>\n<td>Extracto de Polygala fallax Hemsl.<\/td>\n<\/tr>\n<tr>\n<td><strong>Alias<\/strong><\/td>\n<td>Lecher\u00eda de flores amarillas, Lecher\u00eda de cola dorada, Flor amarilla colgante<\/td>\n<\/tr>\n<tr>\n<td><strong>Nombre en lat\u00edn<\/strong><\/td>\n<td>Polygala aureocauda Dunn<\/td>\n<\/tr>\n<tr>\n<td><strong>Especificaci\u00f3n del producto<\/strong><\/td>\n<td>1:1<\/td>\n<\/tr>\n<tr>\n<td><strong>M\u00e9todo de prueba<\/strong><\/td>\n<td>TLC<\/td>\n<\/tr>\n<tr>\n<td><strong>Apariencia<\/strong><\/td>\n<td>Polvo de color amarillo parduzco<\/td>\n<\/tr>\n<tr>\n<td><strong>Tama\u00f1o de malla<\/strong><\/td>\n<td>100% Pase 80 Malla<\/td>\n<\/tr>\n<tr>\n<td><strong>Especificaci\u00f3n del embalaje<\/strong><\/td>\n<td>Bolsa de papel de aluminio de 1 kg, tambor de papel de 25 kg o embalaje personalizado seg\u00fan los requisitos del cliente.<\/td>\n<\/tr>\n<tr>\n<td><strong>M\u00e9todo de almacenamiento<\/strong><\/td>\n<td>Conservar en un lugar fresco y seco, con cierre herm\u00e9tico, a temperatura ambiente.<\/td>\n<\/tr>\n<tr>\n<td><strong>Duraci\u00f3n<\/strong><\/td>\n<td>24 meses<\/td>\n<\/tr>\n<tr>\n<td><strong>Express\/Log\u00edstica<\/strong><\/td>\n<td>Env\u00edo expr\u00e9s o log\u00edstica. El env\u00edo expr\u00e9s nacional suele llegar en 3 d\u00edas; el env\u00edo log\u00edstico, en 5 d\u00edas. Los presupuestos suelen incluir los gastos de transporte nacional.<\/td>\n<\/tr>\n<tr>\n<td><strong>Disposici\u00f3n de muestra<\/strong><\/td>\n<td>Generalmente, se proporcionan muestras de 5 a 20 g para la mayor\u00eda de los productos; se cobran tarifas de muestra para algunos productos.<\/td>\n<\/tr>\n<\/tbody>\n<\/table>","protected":false},"excerpt":{"rendered":"<p>Extracto de Polygala fallax Hemsl.<\/p>\n<p>Color: Generalmente se presenta como un polvo fino o un extracto viscoso de color marr\u00f3n a marr\u00f3n oscuro. El tono exacto puede variar ligeramente seg\u00fan los disolventes de extracci\u00f3n (p. ej., agua, etanol), los niveles de concentraci\u00f3n y los m\u00e9todos de secado posteriores al procesamiento.<br \/>\n\u2022 Vida \u00fatil: Generalmente 24 meses si se almacena adecuadamente. Requiere un ambiente fresco (15-25 \u00b0C), seco y bien ventilado, con un embalaje herm\u00e9tico para evitar la absorci\u00f3n de humedad, la exposici\u00f3n a la luz y el contacto con el ox\u00edgeno, que podr\u00edan degradar los componentes activos.<br \/>\n\u2022 M\u00e9todos de detecci\u00f3n comunes:<br \/>\n\u25e6 Cromatograf\u00eda en capa fina (TLC): Se utiliza para la identificaci\u00f3n cualitativa. Al comparar las manchas cromatogr\u00e1ficas del extracto con las de las sustancias de referencia est\u00e1ndar (p. ej., saponinas o flavonoides caracter\u00edsticos de la especie Polygala), se confirma la autenticidad del extracto y se descarta la adulteraci\u00f3n.<\/p>","protected":false},"featured_media":10021,"comment_status":"closed","ping_status":"closed","template":"","meta":[],"product_brand":[],"product_cat":[24,17],"product_tag":[],"class_list":{"0":"post-10020","1":"product","2":"type-product","3":"status-publish","4":"has-post-thumbnail","6":"product_cat-ratio-extract","7":"product_cat-plant-extract","9":"first","10":"instock","11":"shipping-taxable","12":"product-type-simple"},"_links":{"self":[{"href":"https:\/\/www.hvbio.com\/es\/wp-json\/wp\/v2\/product\/10020","targetHints":{"allow":["GET"]}}],"collection":[{"href":"https:\/\/www.hvbio.com\/es\/wp-json\/wp\/v2\/product"}],"about":[{"href":"https:\/\/www.hvbio.com\/es\/wp-json\/wp\/v2\/types\/product"}],"replies":[{"embeddable":true,"href":"https:\/\/www.hvbio.com\/es\/wp-json\/wp\/v2\/comments?post=10020"}],"wp:featuredmedia":[{"embeddable":true,"href":"https:\/\/www.hvbio.com\/es\/wp-json\/wp\/v2\/media\/10021"}],"wp:attachment":[{"href":"https:\/\/www.hvbio.com\/es\/wp-json\/wp\/v2\/media?parent=10020"}],"wp:term":[{"taxonomy":"product_brand","embeddable":true,"href":"https:\/\/www.hvbio.com\/es\/wp-json\/wp\/v2\/product_brand?post=10020"},{"taxonomy":"product_cat","embeddable":true,"href":"https:\/\/www.hvbio.com\/es\/wp-json\/wp\/v2\/product_cat?post=10020"},{"taxonomy":"product_tag","embeddable":true,"href":"https:\/\/www.hvbio.com\/es\/wp-json\/wp\/v2\/product_tag?post=10020"}],"curies":[{"name":"wp","href":"https:\/\/api.w.org\/{rel}","templated":true}]}}