{"id":10039,"date":"2025-09-01T17:00:02","date_gmt":"2025-09-01T09:00:02","guid":{"rendered":"https:\/\/www.hvbio.com\/?post_type=product&#038;p=10039"},"modified":"2025-09-01T17:00:02","modified_gmt":"2025-09-01T09:00:02","slug":"peach-kernel-extract","status":"publish","type":"product","link":"https:\/\/www.hvbio.com\/es\/producto\/peach-kernel-extract\/","title":{"rendered":"Extracto de hueso de melocot\u00f3n"},"content":{"rendered":"<table>\n<thead>\n<tr>\n<th>Art\u00edculo<\/th>\n<th>Detalles<\/th>\n<\/tr>\n<\/thead>\n<tbody>\n<tr>\n<td>Nombre del producto<\/td>\n<td>Extracto de hueso de melocot\u00f3n<\/td>\n<\/tr>\n<tr>\n<td>Fuente vegetal<\/td>\n<td>Mature seeds of\u00a0<em>Prunus persica<\/em>\u00a0(L.) Batsch (Rosaceae family)<\/td>\n<\/tr>\n<tr>\n<td>Extraction Method<\/td>\n<td>Heating Reflux Extraction<\/td>\n<\/tr>\n<tr>\n<td>Disolvente de extracci\u00f3n<\/td>\n<td>Water<\/td>\n<\/tr>\n<tr>\n<td>Drying Method<\/td>\n<td>Spray Drying<\/td>\n<\/tr>\n<tr>\n<td>Ingredientes activos<\/td>\n<td>Contains amygdalin, emulsin, fatty oil, etc.<\/td>\n<\/tr>\n<tr>\n<td>Car\u00e1cter del producto<\/td>\n<td>Water-soluble brown powder<\/td>\n<\/tr>\n<tr>\n<td>Tama\u00f1o de part\u00edcula<\/td>\n<td>Passes 80 mesh<\/td>\n<\/tr>\n<tr>\n<td>M\u00e9todo de detecci\u00f3n<\/td>\n<td>TLC (cromatograf\u00eda en capa fina)<\/td>\n<\/tr>\n<tr>\n<td>Condiciones de almacenamiento<\/td>\n<td>Sealed and protected from light; stored in a dry, cool and well-ventilated place<\/td>\n<\/tr>\n<tr>\n<td>Embalaje<\/td>\n<td>25kg fixed-quantity packaging or customized packaging as per customer requirements<\/td>\n<\/tr>\n<tr>\n<td>Duraci\u00f3n<\/td>\n<td>2 a\u00f1os<\/td>\n<\/tr>\n<tr>\n<td>M\u00e9todo de embalaje<\/td>\n<td>Tambor de cart\u00f3n de 25 kg o bolsa de papel de aluminio<\/td>\n<\/tr>\n<\/tbody>\n<\/table>","protected":false},"excerpt":{"rendered":"<p>Detalles del art\u00edculo Nombre del producto Extracto de hueso de melocot\u00f3n Planta Origen Semillas maduras de Prunus persica (L.) Batsch (familia Rosaceae) M\u00e9todo de extracci\u00f3n Calentamiento Reflujo<\/p>","protected":false},"featured_media":10040,"comment_status":"closed","ping_status":"closed","template":"","meta":[],"product_brand":[],"product_cat":[17,24],"product_tag":[],"class_list":{"0":"post-10039","1":"product","2":"type-product","3":"status-publish","4":"has-post-thumbnail","6":"product_cat-plant-extract","7":"product_cat-ratio-extract","9":"first","10":"instock","11":"shipping-taxable","12":"product-type-simple"},"_links":{"self":[{"href":"https:\/\/www.hvbio.com\/es\/wp-json\/wp\/v2\/product\/10039","targetHints":{"allow":["GET"]}}],"collection":[{"href":"https:\/\/www.hvbio.com\/es\/wp-json\/wp\/v2\/product"}],"about":[{"href":"https:\/\/www.hvbio.com\/es\/wp-json\/wp\/v2\/types\/product"}],"replies":[{"embeddable":true,"href":"https:\/\/www.hvbio.com\/es\/wp-json\/wp\/v2\/comments?post=10039"}],"wp:featuredmedia":[{"embeddable":true,"href":"https:\/\/www.hvbio.com\/es\/wp-json\/wp\/v2\/media\/10040"}],"wp:attachment":[{"href":"https:\/\/www.hvbio.com\/es\/wp-json\/wp\/v2\/media?parent=10039"}],"wp:term":[{"taxonomy":"product_brand","embeddable":true,"href":"https:\/\/www.hvbio.com\/es\/wp-json\/wp\/v2\/product_brand?post=10039"},{"taxonomy":"product_cat","embeddable":true,"href":"https:\/\/www.hvbio.com\/es\/wp-json\/wp\/v2\/product_cat?post=10039"},{"taxonomy":"product_tag","embeddable":true,"href":"https:\/\/www.hvbio.com\/es\/wp-json\/wp\/v2\/product_tag?post=10039"}],"curies":[{"name":"wp","href":"https:\/\/api.w.org\/{rel}","templated":true}]}}