{"id":10053,"date":"2025-09-10T16:40:26","date_gmt":"2025-09-10T08:40:26","guid":{"rendered":"https:\/\/www.hvbio.com\/?post_type=product&#038;p=10053"},"modified":"2025-09-10T16:40:26","modified_gmt":"2025-09-10T08:40:26","slug":"artemisia-annua-extract","status":"publish","type":"product","link":"https:\/\/www.hvbio.com\/es\/producto\/artemisia-annua-extract\/","title":{"rendered":"Extracto de Artemisia Annua"},"content":{"rendered":"<table>\n<thead>\n<tr>\n<th>Art\u00edculo<\/th>\n<th>Contenido<\/th>\n<\/tr>\n<\/thead>\n<tbody>\n<tr>\n<td>Nombre del producto<\/td>\n<td>Extracto de Artemisia Annua<\/td>\n<\/tr>\n<tr>\n<td>Componentes principales<\/td>\n<td>Diversos compuestos, como terpenoides, flavonoides y aceites vol\u00e1tiles. Entre ellos, los compuestos similares a la artemisinina son los componentes principales m\u00e1s representativos y de mayor valor farmacol\u00f3gico.<\/td>\n<\/tr>\n<tr>\n<td>Fuente de extracci\u00f3n<\/td>\n<td>La \u00fanica fuente principal de extracto de Artemisia Annua son las partes a\u00e9reas secas de Artemisia annua L., una planta del g\u00e9nero Artemisia de la familia Asteraceae.<\/td>\n<\/tr>\n<tr>\n<td>Apariencia<\/td>\n<td>polvo marr\u00f3n<\/td>\n<\/tr>\n<tr>\n<td>M\u00e9todo de detecci\u00f3n<\/td>\n<td>TLC (cromatograf\u00eda en capa fina)<\/td>\n<\/tr>\n<tr>\n<td>Formas de dosificaci\u00f3n de aplicaci\u00f3n<\/td>\n<td>Ampliamente aplicable (a varias formas de dosificaci\u00f3n)<\/td>\n<\/tr>\n<tr>\n<td>Periodo de suministro<\/td>\n<td>Todo el a\u00f1o<\/td>\n<\/tr>\n<tr>\n<td>Almacenamiento<\/td>\n<td>Conservar en recipiente herm\u00e9tico, colocar en un lugar fresco, seco y protegido de la luz, y mantener alejado de fuentes de calor y ambientes h\u00famedos.<\/td>\n<\/tr>\n<tr>\n<td>Duraci\u00f3n<\/td>\n<td>Dos a\u00f1os<\/td>\n<\/tr>\n<\/tbody>\n<\/table>","protected":false},"excerpt":{"rendered":"<h4 class=\"header-vfC6AV auto-hide-last-sibling-br\">Nombre del producto: Extracto de Artemisia Annua<\/h4>\n<h4 class=\"header-vfC6AV auto-hide-last-sibling-br\">Ingredientes principales:<\/h4>\n<h4 class=\"auto-hide-last-sibling-br paragraph-JOTKXA paragraph-element br-paragraph-space\">Contiene diversos compuestos, como terpenoides, flavonoides y aceites vol\u00e1tiles. Entre ellos, los compuestos similares a la artemisinina son los componentes principales m\u00e1s representativos y de mayor valor medicinal.<\/h4>\n<h4 class=\"header-vfC6AV auto-hide-last-sibling-br\">Fuente de extracci\u00f3n:<\/h4>\n<h4 class=\"auto-hide-last-sibling-br paragraph-JOTKXA paragraph-element br-paragraph-space\">La \u00fanica fuente principal de extracto de Artemisia Annua son las partes a\u00e9reas secas de Artemisia annua, una planta perteneciente al g\u00e9nero Artemisia de la familia Asteraceae.<\/h4>\n<h4 class=\"header-vfC6AV auto-hide-last-sibling-br\">Apariencia:<\/h4>\n<h4 class=\"auto-hide-last-sibling-br paragraph-JOTKXA paragraph-element br-paragraph-space\">polvo marr\u00f3n<\/h4>\n<h4 class=\"header-vfC6AV auto-hide-last-sibling-br\">M\u00e9todo de detecci\u00f3n:<\/h4>\n<h4 class=\"auto-hide-last-sibling-br paragraph-JOTKXA paragraph-element br-paragraph-space\">TLC (cromatograf\u00eda de capa fina)<\/h4>\n<h4 class=\"header-vfC6AV auto-hide-last-sibling-br\">Formas de dosificaci\u00f3n de aplicaci\u00f3n:<\/h4>\n<h4 class=\"auto-hide-last-sibling-br paragraph-JOTKXA paragraph-element br-paragraph-space\">Ampliamente utilizado en diversas formas de dosificaci\u00f3n.<\/h4>\n<h4 class=\"header-vfC6AV auto-hide-last-sibling-br\">Tiempo de suministro:<\/h4>\n<h4 class=\"auto-hide-last-sibling-br paragraph-JOTKXA paragraph-element br-paragraph-space\">Todo el a\u00f1o<\/h4>\n<h4 class=\"header-vfC6AV auto-hide-last-sibling-br\">Notas de compra<\/h4>\n<h4 class=\"header-vfC6AV auto-hide-last-sibling-br\">\u3010M\u00e9todo de embalaje\u3011<\/h4>\n<h4 class=\"auto-hide-last-sibling-br paragraph-JOTKXA paragraph-element br-paragraph-space\">25 kg por tambor de papel o bolsa de papel de aluminio<\/h4>\n<h4 class=\"header-vfC6AV auto-hide-last-sibling-br\">\u3010Condiciones de almacenamiento\u3011<\/h4>\n<h4 class=\"auto-hide-last-sibling-br paragraph-JOTKXA paragraph-element br-paragraph-space\">Debe sellarse y protegerse de la luz, y almacenarse en un lugar seco, fresco y bien ventilado.<\/h4>\n<h4 class=\"header-vfC6AV auto-hide-last-sibling-br\">\u3010Duraci\u00f3n\u3011<\/h4>\n<h4 class=\"auto-hide-last-sibling-br paragraph-JOTKXA paragraph-element br-paragraph-space\">Dos a\u00f1os<\/h4>\n<h4 class=\"header-vfC6AV auto-hide-last-sibling-br\">\u3010Provisi\u00f3n de muestra\u3011<\/h4>\n<h4 class=\"auto-hide-last-sibling-br paragraph-JOTKXA paragraph-element br-paragraph-space\">Generalmente, se proporcionan muestras de 5 a 20 g de productos y se cobra una tarifa de muestra para algunos productos.<\/h4>\n<h4 class=\"header-vfC6AV auto-hide-last-sibling-br\">\u3010Embalaje del producto\u3011<\/h4>\n<h4 class=\"auto-hide-last-sibling-br paragraph-JOTKXA paragraph-element br-paragraph-space\">Envasado en tambores de papel o bolsas de papel de aluminio (el embalaje se puede personalizar seg\u00fan los requisitos del cliente)<\/h4>\n<h4 class=\"header-vfC6AV auto-hide-last-sibling-br\">\u3010El tiempo de entrega\u3011<\/h4>\n<h4 class=\"auto-hide-last-sibling-br paragraph-JOTKXA paragraph-element br-paragraph-space\">Los productos no personalizados se enviar\u00e1n dentro de las 48 horas y el tiempo de entrega de los productos personalizados se ajustar\u00e1 seg\u00fan las necesidades reales.<\/h4>\n<h4 class=\"header-vfC6AV auto-hide-last-sibling-br\">\u3010M\u00e9todo de embalaje\u3011<\/h4>\n<h4 class=\"auto-hide-last-sibling-br paragraph-JOTKXA paragraph-element br-paragraph-space\">25 kg por tambor de papel o bolsa de papel de aluminio; el embalaje se puede ajustar seg\u00fan las condiciones reales.<\/h4>\n<h4 class=\"header-vfC6AV auto-hide-last-sibling-br\">\u3010M\u00e9todo de transporte\u3011<\/h4>\n<h4 class=\"auto-hide-last-sibling-br paragraph-JOTKXA paragraph-element br-paragraph-space\">Log\u00edstica express nacional, el precio cotizado incluye costos de transporte.<\/h4>\n<h4 class=\"header-vfC6AV auto-hide-last-sibling-br\">\u3010Condiciones de almacenamiento\u3011<\/h4>\n<h4 class=\"auto-hide-last-sibling-br paragraph-JOTKXA paragraph-element br-paragraph-space\">Sellado y protegido de la luz, almacenado en un lugar seco, fresco y bien ventilado.<\/h4>","protected":false},"featured_media":10054,"comment_status":"closed","ping_status":"closed","template":"","meta":[],"product_brand":[],"product_cat":[17,24],"product_tag":[],"class_list":{"0":"post-10053","1":"product","2":"type-product","3":"status-publish","4":"has-post-thumbnail","6":"product_cat-plant-extract","7":"product_cat-ratio-extract","9":"first","10":"instock","11":"shipping-taxable","12":"product-type-simple"},"_links":{"self":[{"href":"https:\/\/www.hvbio.com\/es\/wp-json\/wp\/v2\/product\/10053","targetHints":{"allow":["GET"]}}],"collection":[{"href":"https:\/\/www.hvbio.com\/es\/wp-json\/wp\/v2\/product"}],"about":[{"href":"https:\/\/www.hvbio.com\/es\/wp-json\/wp\/v2\/types\/product"}],"replies":[{"embeddable":true,"href":"https:\/\/www.hvbio.com\/es\/wp-json\/wp\/v2\/comments?post=10053"}],"wp:featuredmedia":[{"embeddable":true,"href":"https:\/\/www.hvbio.com\/es\/wp-json\/wp\/v2\/media\/10054"}],"wp:attachment":[{"href":"https:\/\/www.hvbio.com\/es\/wp-json\/wp\/v2\/media?parent=10053"}],"wp:term":[{"taxonomy":"product_brand","embeddable":true,"href":"https:\/\/www.hvbio.com\/es\/wp-json\/wp\/v2\/product_brand?post=10053"},{"taxonomy":"product_cat","embeddable":true,"href":"https:\/\/www.hvbio.com\/es\/wp-json\/wp\/v2\/product_cat?post=10053"},{"taxonomy":"product_tag","embeddable":true,"href":"https:\/\/www.hvbio.com\/es\/wp-json\/wp\/v2\/product_tag?post=10053"}],"curies":[{"name":"wp","href":"https:\/\/api.w.org\/{rel}","templated":true}]}}