{"id":10083,"date":"2025-09-11T10:00:08","date_gmt":"2025-09-11T02:00:08","guid":{"rendered":"https:\/\/www.hvbio.com\/?post_type=product&#038;p=10083"},"modified":"2025-09-11T10:00:08","modified_gmt":"2025-09-11T02:00:08","slug":"cynanchum-paniculatum-extract","status":"publish","type":"product","link":"https:\/\/www.hvbio.com\/es\/producto\/cynanchum-paniculatum-extract\/","title":{"rendered":"Extracto de Cynanchum paniculatum"},"content":{"rendered":"<table style=\"height: 352px;\" width=\"1549\">\n<thead>\n<tr>\n<th><strong>Art\u00edculo<\/strong><\/th>\n<th><strong>Descripci\u00f3n<\/strong><\/th>\n<\/tr>\n<\/thead>\n<tbody>\n<tr>\n<td>Nombre del producto<\/td>\n<td>Extracto de Cynanchum paniculatum<\/td>\n<\/tr>\n<tr>\n<td>Ingredientes principales<\/td>\n<td>Phenolic Compounds, Flavonoids, Steroidal Compounds<\/td>\n<\/tr>\n<tr>\n<td>Fuente de extracci\u00f3n<\/td>\n<td>Derived from the dried roots and rhizomes of\u00a0<em>Cynanchum paniculatum<\/em>\u00a0(Bunge) Kitagawa, which belongs to the genus\u00a0<em>Cynanchum<\/em>\u00a0in the family Apocynaceae (formerly Asclepiadaceae)<\/td>\n<\/tr>\n<tr>\n<td>Apariencia<\/td>\n<td>Polvo marr\u00f3n<\/td>\n<\/tr>\n<tr>\n<td>M\u00e9todo de detecci\u00f3n<\/td>\n<td>TLC (cromatograf\u00eda en capa fina)<\/td>\n<\/tr>\n<tr>\n<td>Formas de dosificaci\u00f3n de aplicaci\u00f3n<\/td>\n<td>Widely Used (applicable to various dosage forms)<\/td>\n<\/tr>\n<tr>\n<td>Tiempo de suministro<\/td>\n<td>Disponible durante todo el a\u00f1o<\/td>\n<\/tr>\n<tr>\n<td>Almacenamiento<\/td>\n<td>Store in a sealed container, and keep it in a cool, dry and light-proof place, away from heat sources and humid environments<\/td>\n<\/tr>\n<tr>\n<td>Duraci\u00f3n<\/td>\n<td>Dos a\u00f1os<\/td>\n<\/tr>\n<\/tbody>\n<\/table>","protected":false},"excerpt":{"rendered":"<h4 class=\"header-vfC6AV auto-hide-last-sibling-br\">Product Name: Cynanchum paniculatum Extract<\/h4>\n<h4 class=\"header-vfC6AV auto-hide-last-sibling-br\">Ingredientes principales:<\/h4>\n<h4 class=\"auto-hide-last-sibling-br paragraph-JOTKXA paragraph-element br-paragraph-space\">Phenolic compounds, flavonoids, steroidal compounds<\/h4>\n<h4 class=\"header-vfC6AV auto-hide-last-sibling-br\">Fuente de extracci\u00f3n:<\/h4>\n<h4 class=\"auto-hide-last-sibling-br paragraph-JOTKXA paragraph-element br-paragraph-space\">Derived from the dried roots and rhizomes of\u00a0<em>Cynanchum paniculatum<\/em>\u00a0(a plant belonging to the genus\u00a0<em>Cynanchum<\/em>\u00a0in the family Apocynaceae)<\/h4>\n<h4 class=\"header-vfC6AV auto-hide-last-sibling-br\">Apariencia:<\/h4>\n<h4 class=\"auto-hide-last-sibling-br paragraph-JOTKXA paragraph-element br-paragraph-space\">polvo marr\u00f3n<\/h4>\n<h4 class=\"header-vfC6AV auto-hide-last-sibling-br\">M\u00e9todo de detecci\u00f3n:<\/h4>\n<h4 class=\"auto-hide-last-sibling-br paragraph-JOTKXA paragraph-element br-paragraph-space\">TLC (cromatograf\u00eda en capa fina)<\/h4>\n<h4 class=\"header-vfC6AV auto-hide-last-sibling-br\">Formas de dosificaci\u00f3n de aplicaci\u00f3n:<\/h4>\n<h4 class=\"auto-hide-last-sibling-br paragraph-JOTKXA paragraph-element br-paragraph-space\">Ampliamente aplicable<\/h4>\n<h4 class=\"header-vfC6AV auto-hide-last-sibling-br\">Tiempo de suministro:<\/h4>\n<h4 class=\"auto-hide-last-sibling-br paragraph-JOTKXA paragraph-element br-paragraph-space\">Todo el a\u00f1o<\/h4>\n<hr class=\"auto-hide-last-sibling-br\" \/>\n<h4 class=\"header-vfC6AV auto-hide-last-sibling-br\">Instrucciones de compra<\/h4>\n<ul class=\"auto-hide-last-sibling-br\">\n<li>\n<h4><strong>M\u00e9todo de embalaje<\/strong>:25 kg por tambor de fibra o bolsa de papel de aluminio<\/h4>\n<\/li>\n<li>\n<h4><strong>Condiciones de almacenamiento<\/strong>:Debe sellarse y protegerse de la luz, almacenarse en un lugar seco, fresco y bien ventilado.<\/h4>\n<\/li>\n<li>\n<h4><strong>Duraci\u00f3n<\/strong>: 2 a\u00f1os<\/h4>\n<\/li>\n<li>\n<h4><strong>Disposici\u00f3n de muestra<\/strong>:Por lo general, se proporcionan entre 5 y 20 g de muestras peque\u00f1as para la mayor\u00eda de los productos; pueden aplicarse tarifas de muestra para algunos productos.<\/h4>\n<\/li>\n<li>\n<h4><strong>Embalaje del producto<\/strong>: Packaged in fiber drums or aluminum foil bags (customizable packaging available upon customer request)<\/h4>\n<\/li>\n<li>\n<h4><strong>El tiempo de entrega<\/strong>:Los productos no personalizados se enviar\u00e1n dentro de las 48 horas; el tiempo de entrega de los productos personalizados se ajustar\u00e1 seg\u00fan los requisitos reales.<\/h4>\n<\/li>\n<li>\n<h4><strong>M\u00e9todo de transporte<\/strong>:Env\u00edo expr\u00e9s nacional o log\u00edstica, el precio cotizado incluye los gastos de transporte.<\/h4>\n<\/li>\n<li>\n<h4><strong>Condiciones de almacenamiento<\/strong>:Sellado y protegido de la luz, almacenado en un lugar seco, fresco y bien ventilado.<\/h4>\n<\/li>\n<\/ul>","protected":false},"featured_media":10084,"comment_status":"closed","ping_status":"closed","template":"","meta":[],"product_brand":[],"product_cat":[17,24],"product_tag":[],"class_list":{"0":"post-10083","1":"product","2":"type-product","3":"status-publish","4":"has-post-thumbnail","6":"product_cat-plant-extract","7":"product_cat-ratio-extract","9":"first","10":"instock","11":"shipping-taxable","12":"product-type-simple"},"_links":{"self":[{"href":"https:\/\/www.hvbio.com\/es\/wp-json\/wp\/v2\/product\/10083","targetHints":{"allow":["GET"]}}],"collection":[{"href":"https:\/\/www.hvbio.com\/es\/wp-json\/wp\/v2\/product"}],"about":[{"href":"https:\/\/www.hvbio.com\/es\/wp-json\/wp\/v2\/types\/product"}],"replies":[{"embeddable":true,"href":"https:\/\/www.hvbio.com\/es\/wp-json\/wp\/v2\/comments?post=10083"}],"wp:featuredmedia":[{"embeddable":true,"href":"https:\/\/www.hvbio.com\/es\/wp-json\/wp\/v2\/media\/10084"}],"wp:attachment":[{"href":"https:\/\/www.hvbio.com\/es\/wp-json\/wp\/v2\/media?parent=10083"}],"wp:term":[{"taxonomy":"product_brand","embeddable":true,"href":"https:\/\/www.hvbio.com\/es\/wp-json\/wp\/v2\/product_brand?post=10083"},{"taxonomy":"product_cat","embeddable":true,"href":"https:\/\/www.hvbio.com\/es\/wp-json\/wp\/v2\/product_cat?post=10083"},{"taxonomy":"product_tag","embeddable":true,"href":"https:\/\/www.hvbio.com\/es\/wp-json\/wp\/v2\/product_tag?post=10083"}],"curies":[{"name":"wp","href":"https:\/\/api.w.org\/{rel}","templated":true}]}}