{"id":10088,"date":"2025-09-11T10:51:28","date_gmt":"2025-09-11T02:51:28","guid":{"rendered":"https:\/\/www.hvbio.com\/?post_type=product&#038;p=10088"},"modified":"2025-09-11T10:51:29","modified_gmt":"2025-09-11T02:51:29","slug":"damiana-extract","status":"publish","type":"product","link":"https:\/\/www.hvbio.com\/es\/producto\/damiana-extract\/","title":{"rendered":"Extracto de damiana"},"content":{"rendered":"<table>\n<tbody>\n<tr>\n<td><strong>Nombre del producto<\/strong><\/td>\n<td>Extracto de damiana<\/td>\n<\/tr>\n<tr>\n<td><strong>Ingredientes principales<\/strong><\/td>\n<td>Various flavonoids, glycosides and other compounds<\/td>\n<\/tr>\n<tr>\n<td><strong>Fuente de extracci\u00f3n<\/strong><\/td>\n<td>Damiana Extract is derived from the leaves of the Damiana green dwarf tree, an endemic plant in Mexico and Central America.<\/td>\n<\/tr>\n<tr>\n<td><strong>Apariencia<\/strong><\/td>\n<td>polvo marr\u00f3n<\/td>\n<\/tr>\n<tr>\n<td><strong>M\u00e9todo de prueba<\/strong><\/td>\n<td>TLC (cromatograf\u00eda en capa fina)<\/td>\n<\/tr>\n<tr>\n<td><strong>Formas de dosificaci\u00f3n de aplicaci\u00f3n<\/strong><\/td>\n<td>Widely applicable to various dosage forms<\/td>\n<\/tr>\n<tr>\n<td><strong>Tiempo de suministro<\/strong><\/td>\n<td>Disponible durante todo el a\u00f1o<\/td>\n<\/tr>\n<tr>\n<td><strong>Almacenamiento<\/strong><\/td>\n<td>Conservar en recipiente herm\u00e9tico, conservar en lugar fresco, seco y protegido de la luz, alejado de fuentes de calor y ambientes h\u00famedos.<\/td>\n<\/tr>\n<tr>\n<td><strong>Duraci\u00f3n<\/strong><\/td>\n<td>2 a\u00f1os<\/td>\n<\/tr>\n<\/tbody>\n<\/table>","protected":false},"excerpt":{"rendered":"<h4 class=\"header-vfC6AV auto-hide-last-sibling-br\">Product Name: Damiana Extract<\/h4>\n<h4 class=\"header-vfC6AV auto-hide-last-sibling-br\">Main Ingredients: Various flavonoids, glycosides and other compounds<\/h4>\n<h4 class=\"header-vfC6AV auto-hide-last-sibling-br\">Extraction Source: Damiana extract is derived from the leaves of the Damiana green dwarf tree, a plant unique to Mexico and Central North America.<\/h4>\n<h4 class=\"header-vfC6AV auto-hide-last-sibling-br\">Aspecto: Polvo marr\u00f3n<\/h4>\n<h4 class=\"header-vfC6AV auto-hide-last-sibling-br\">M\u00e9todo de detecci\u00f3n: TLC<\/h4>\n<h4 class=\"header-vfC6AV auto-hide-last-sibling-br\">Formas de dosificaci\u00f3n de aplicaci\u00f3n: Amplia gama de aplicaciones<\/h4>\n<h4 class=\"header-vfC6AV auto-hide-last-sibling-br\">Tiempo de suministro: todo el a\u00f1o<\/h4>\n<h4 class=\"header-vfC6AV auto-hide-last-sibling-br\">Instrucciones de compra<\/h4>\n<ul class=\"auto-hide-last-sibling-br\">\n<li>\n<h4>\u3010Packaging Method\u301125 kg per paper drum or aluminum foil bag<\/h4>\n<\/li>\n<li>\n<h4>\u3010Condiciones de almacenamiento\u3011Debe sellarse y protegerse de la luz, almacenarse en un lugar seco, fresco y bien ventilado.<\/h4>\n<\/li>\n<li>\n<h4>\u3010Vida \u00fatil\u30112 a\u00f1os<\/h4>\n<\/li>\n<li>\n<h4>\u3010Suministro de muestras\u3011Generalmente, se proporcionan muestras de 5 a 20 g para los productos; se cobran tarifas de muestra para algunos productos.<\/h4>\n<\/li>\n<li>\n<h4>\u3010Product Packaging\u3011Packaged in paper drums or aluminum foil bags (customizable packaging available upon customer request)<\/h4>\n<\/li>\n<li>\n<h4>\u3010Tiempo de entrega\u3011Los productos no personalizados se enviar\u00e1n dentro de las 48 horas; el tiempo de entrega de los productos personalizados se ajustar\u00e1 seg\u00fan las necesidades reales.<\/h4>\n<\/li>\n<li>\n<h4>\u3010Packaging Method\u301125kg per paper drum or aluminum foil bag; packaging can be adjusted based on actual circumstances.<\/h4>\n<\/li>\n<li>\n<h4>\u3010M\u00e9todo de transporte\u3011Entrega expr\u00e9s nacional y log\u00edstica; la cotizaci\u00f3n incluye los costos de transporte.<\/h4>\n<\/li>\n<li>\n<h4>\u3010Condiciones de almacenamiento\u3011Sellado y protegido de la luz, almacenado en un lugar seco, fresco y bien ventilado.<\/h4>\n<\/li>\n<\/ul>","protected":false},"featured_media":10089,"comment_status":"closed","ping_status":"closed","template":"","meta":[],"product_brand":[],"product_cat":[24,17],"product_tag":[],"class_list":{"0":"post-10088","1":"product","2":"type-product","3":"status-publish","4":"has-post-thumbnail","6":"product_cat-ratio-extract","7":"product_cat-plant-extract","9":"first","10":"instock","11":"shipping-taxable","12":"product-type-simple"},"_links":{"self":[{"href":"https:\/\/www.hvbio.com\/es\/wp-json\/wp\/v2\/product\/10088","targetHints":{"allow":["GET"]}}],"collection":[{"href":"https:\/\/www.hvbio.com\/es\/wp-json\/wp\/v2\/product"}],"about":[{"href":"https:\/\/www.hvbio.com\/es\/wp-json\/wp\/v2\/types\/product"}],"replies":[{"embeddable":true,"href":"https:\/\/www.hvbio.com\/es\/wp-json\/wp\/v2\/comments?post=10088"}],"wp:featuredmedia":[{"embeddable":true,"href":"https:\/\/www.hvbio.com\/es\/wp-json\/wp\/v2\/media\/10089"}],"wp:attachment":[{"href":"https:\/\/www.hvbio.com\/es\/wp-json\/wp\/v2\/media?parent=10088"}],"wp:term":[{"taxonomy":"product_brand","embeddable":true,"href":"https:\/\/www.hvbio.com\/es\/wp-json\/wp\/v2\/product_brand?post=10088"},{"taxonomy":"product_cat","embeddable":true,"href":"https:\/\/www.hvbio.com\/es\/wp-json\/wp\/v2\/product_cat?post=10088"},{"taxonomy":"product_tag","embeddable":true,"href":"https:\/\/www.hvbio.com\/es\/wp-json\/wp\/v2\/product_tag?post=10088"}],"curies":[{"name":"wp","href":"https:\/\/api.w.org\/{rel}","templated":true}]}}