{"id":10105,"date":"2025-09-11T10:29:59","date_gmt":"2025-09-11T02:29:59","guid":{"rendered":"https:\/\/www.hvbio.com\/?post_type=product&#038;p=10105"},"modified":"2025-09-11T10:34:34","modified_gmt":"2025-09-11T02:34:34","slug":"catuaba-extract","status":"publish","type":"product","link":"https:\/\/www.hvbio.com\/es\/producto\/catuaba-extract\/","title":{"rendered":"Extracto de katuaba"},"content":{"rendered":"<table style=\"height: 386px;\" width=\"1566\">\n<thead>\n<tr>\n<th><strong>Art\u00edculo<\/strong><\/th>\n<th><strong>Detalles<\/strong><\/th>\n<\/tr>\n<\/thead>\n<tbody>\n<tr>\n<td><strong>Nombre del producto<\/strong><\/td>\n<td>Extracto de katuaba<\/td>\n<\/tr>\n<tr>\n<td><strong>Ingredientes principales<\/strong><\/td>\n<td>The main components of Catuaba Extract are alkaloids isolated from\u00a0<em>Erythroxylum vacciniifolium<\/em>, such as catuabine A, catuabine B, catuabine C, etc.<\/td>\n<\/tr>\n<tr>\n<td><strong>Fuente de extracci\u00f3n<\/strong><\/td>\n<td>Catuaba Extract is usually derived from the barks of\u00a0<em>Trichilia catigua<\/em>\u00a0(Brazilian seawood) and\u00a0<em>Erythroxylum vacciniifolium<\/em>. In addition, the barks of some other plants can also be used to prepare Catuaba Extract, including certain plants of Bignoniaceae,\u00a0<em>Ilex<\/em>\u00a0genus, Sapotaceae,\u00a0<em>Phyllanthus<\/em>\u00a0genus, Apocynaceae, Oleaceae, and some species of Myrtaceae.<\/td>\n<\/tr>\n<tr>\n<td><strong>Apariencia<\/strong><\/td>\n<td>polvo marr\u00f3n<\/td>\n<\/tr>\n<tr>\n<td><strong>M\u00e9todo de detecci\u00f3n<\/strong><\/td>\n<td>TLC (cromatograf\u00eda en capa fina)<\/td>\n<\/tr>\n<tr>\n<td><strong>Formas de dosificaci\u00f3n de aplicaci\u00f3n<\/strong><\/td>\n<td>Ampliamente aplicable<\/td>\n<\/tr>\n<tr>\n<td><strong>Tiempo de suministro<\/strong><\/td>\n<td>Todo el a\u00f1o<\/td>\n<\/tr>\n<tr>\n<td><strong>Almacenamiento<\/strong><\/td>\n<td>Conservar en un recipiente herm\u00e9tico, conservar en un lugar fresco, seco y protegido de la luz, y alejado de fuentes de calor y ambientes h\u00famedos.<\/td>\n<\/tr>\n<tr>\n<td><strong>Duraci\u00f3n<\/strong><\/td>\n<td>2 a\u00f1os<\/td>\n<\/tr>\n<\/tbody>\n<\/table>","protected":false},"excerpt":{"rendered":"<h4 class=\"header-vfC6AV auto-hide-last-sibling-br\">Product Name: Katuaba Extract<\/h4>\n<h4 class=\"header-vfC6AV auto-hide-last-sibling-br\">Ingredientes principales:<\/h4>\n<h4 class=\"auto-hide-last-sibling-br paragraph-JOTKXA paragraph-element br-paragraph-space\">The main components of Catuaba Extract are alkaloids isolated from\u00a0<em>Erythroxylum vacciniifolium<\/em>, such as catuabine A, catuabine B, and catuabine C.<\/h4>\n<h4 class=\"header-vfC6AV auto-hide-last-sibling-br\">Fuente de extracci\u00f3n:<\/h4>\n<h4 class=\"auto-hide-last-sibling-br paragraph-JOTKXA paragraph-element br-paragraph-space\">Catuaba Extract is typically derived from the barks of\u00a0<em>Trichilia catigua<\/em>\u00a0(Brazilian seawood) and\u00a0<em>Erythroxylum vacciniifolium<\/em>. Additionally, the barks of some other plants can also be used for preparing Catuaba Extract, including certain plants of Bignoniaceae,\u00a0<em>Ilex<\/em>\u00a0genus, Sapotaceae,\u00a0<em>Phyllanthus<\/em>\u00a0genus, Apocynaceae, Oleaceae, and some species of Myrtaceae.<\/h4>\n<h4 class=\"header-vfC6AV auto-hide-last-sibling-br\">Apariencia:<\/h4>\n<h4 class=\"auto-hide-last-sibling-br paragraph-JOTKXA paragraph-element br-paragraph-space\">polvo marr\u00f3n<\/h4>\n<h4 class=\"header-vfC6AV auto-hide-last-sibling-br\">M\u00e9todo de detecci\u00f3n:<\/h4>\n<h4 class=\"auto-hide-last-sibling-br paragraph-JOTKXA paragraph-element br-paragraph-space\">TLC (cromatograf\u00eda en capa fina)<\/h4>\n<h4 class=\"header-vfC6AV auto-hide-last-sibling-br\">Formas de dosificaci\u00f3n de aplicaci\u00f3n:<\/h4>\n<h4 class=\"auto-hide-last-sibling-br paragraph-JOTKXA paragraph-element br-paragraph-space\">Ampliamente aplicable<\/h4>\n<h4 class=\"header-vfC6AV auto-hide-last-sibling-br\">Tiempo de suministro:<\/h4>\n<h4 class=\"auto-hide-last-sibling-br paragraph-JOTKXA paragraph-element br-paragraph-space\">Todo el a\u00f1o<\/h4>\n<h4 class=\"header-vfC6AV auto-hide-last-sibling-br\">Instrucciones de compra<\/h4>\n<ul class=\"auto-hide-last-sibling-br\">\n<li>\n<h4><strong>M\u00e9todo de embalaje<\/strong>:25 kg por tambor de fibra o bolsa de papel de aluminio; el embalaje se puede ajustar seg\u00fan las necesidades reales.<\/h4>\n<\/li>\n<li>\n<h4><strong>Condiciones de almacenamiento<\/strong>:Debe conservarse sellado y protegido de la luz, almacenado en un lugar seco, fresco y bien ventilado.<\/h4>\n<\/li>\n<li>\n<h4><strong>Duraci\u00f3n<\/strong>: 2 a\u00f1os<\/h4>\n<\/li>\n<li>\n<h4><strong>Disposici\u00f3n de muestra<\/strong>:Por lo general, se proporcionan entre 5 y 20 g de muestras peque\u00f1as para la mayor\u00eda de los productos; pueden aplicarse tarifas de muestra para algunos productos.<\/h4>\n<\/li>\n<li>\n<h4><strong>Embalaje del producto<\/strong>:Envasado en tambores de fibra o bolsas de papel de aluminio (embalaje personalizable disponible a pedido del cliente).<\/h4>\n<\/li>\n<li>\n<h4><strong>El tiempo de entrega<\/strong>:Los productos no personalizados se enviar\u00e1n dentro de las 48 horas; el tiempo de entrega de los productos personalizados se ajustar\u00e1 seg\u00fan los requisitos reales.<\/h4>\n<\/li>\n<li>\n<h4><strong>M\u00e9todo de transporte<\/strong>:Env\u00edo expr\u00e9s nacional o log\u00edstica, el precio cotizado incluye los gastos de transporte.<\/h4>\n<\/li>\n<\/ul>","protected":false},"featured_media":10106,"comment_status":"closed","ping_status":"closed","template":"","meta":[],"product_brand":[],"product_cat":[17,24],"product_tag":[],"class_list":{"0":"post-10105","1":"product","2":"type-product","3":"status-publish","4":"has-post-thumbnail","6":"product_cat-plant-extract","7":"product_cat-ratio-extract","9":"first","10":"instock","11":"shipping-taxable","12":"product-type-simple"},"_links":{"self":[{"href":"https:\/\/www.hvbio.com\/es\/wp-json\/wp\/v2\/product\/10105","targetHints":{"allow":["GET"]}}],"collection":[{"href":"https:\/\/www.hvbio.com\/es\/wp-json\/wp\/v2\/product"}],"about":[{"href":"https:\/\/www.hvbio.com\/es\/wp-json\/wp\/v2\/types\/product"}],"replies":[{"embeddable":true,"href":"https:\/\/www.hvbio.com\/es\/wp-json\/wp\/v2\/comments?post=10105"}],"wp:featuredmedia":[{"embeddable":true,"href":"https:\/\/www.hvbio.com\/es\/wp-json\/wp\/v2\/media\/10106"}],"wp:attachment":[{"href":"https:\/\/www.hvbio.com\/es\/wp-json\/wp\/v2\/media?parent=10105"}],"wp:term":[{"taxonomy":"product_brand","embeddable":true,"href":"https:\/\/www.hvbio.com\/es\/wp-json\/wp\/v2\/product_brand?post=10105"},{"taxonomy":"product_cat","embeddable":true,"href":"https:\/\/www.hvbio.com\/es\/wp-json\/wp\/v2\/product_cat?post=10105"},{"taxonomy":"product_tag","embeddable":true,"href":"https:\/\/www.hvbio.com\/es\/wp-json\/wp\/v2\/product_tag?post=10105"}],"curies":[{"name":"wp","href":"https:\/\/api.w.org\/{rel}","templated":true}]}}