{"id":10112,"date":"2025-09-11T10:33:01","date_gmt":"2025-09-11T02:33:01","guid":{"rendered":"https:\/\/www.hvbio.com\/?post_type=product&#038;p=10112"},"modified":"2025-09-11T10:35:30","modified_gmt":"2025-09-11T02:35:30","slug":"rosa-roxburghii-extract","status":"publish","type":"product","link":"https:\/\/www.hvbio.com\/es\/producto\/rosa-roxburghii-extract\/","title":{"rendered":"Extracto de Rosa Roxburghii"},"content":{"rendered":"<div class=\"inter-jQQQ8P\">\n<div class=\"container-PrUkKo\">\n<div class=\"item-hGGxLi\">\n<div class=\"container-arOxqB chrome70-container\">\n<div class=\"inner-FyM8gE inner-item-swzCut\" data-target-id=\"message-box-target-id\" data-testid=\"union_message\">\n<div class=\"message-block-container-aFugD6\" data-testid=\"message-block-container\">\n<div class=\"flex flex-row w-full w-full max-w-full s-font-base text-s-color-text-secondary p-0 rounded-s-radius-s bg-transparent group data-[attr=select-mode]:-mt-10 data-[attr=select-mode]:py-10 data-[attr=select-mode]:px-16 data-[attr=select-mode]:sm:p-10 data-[attr=select-mode]:hover:bg-s-color-bg-base data-[attr=select-mode]:hover:rounded-s-radius-xs data-[attr=select-mode]:has-[:checked]:bg-s-color-bg-trans data-[attr=select-mode]:has-[:checked]:rounded-s-radius-xs data-[attr=select-mode]:pointer-events-none\" data-testid=\"receive_message\">\n<div class=\"flex flex-col flex-grow max-w-full min-w-0\">\n<div class=\"flex flex-row w-full\" data-testid=\"message_content\" data-message-id=\"19986142574771714\">\n<div class=\"w-full\" data-plugin-identifier=\"Symbol(infra:receive-message-box:text)\">\n<div class=\"container-ZYIsnH flow-markdown-body theme-samantha-Nbr9UN\" dir=\"ltr\" data-testid=\"message_text_content\" data-show-indicator=\"false\">\n<div class=\"auto-hide-last-sibling-br mdbox-table-root table-container-GhL7Lo\" data-scroll-inline-overflow=\"false\" data-scroll-inline-at-start=\"true\" data-scroll-inline-start-overflow=\"false\" data-scroll-inline-at-end=\"true\" data-scroll-inline-end-overflow=\"false\">\n<div class=\"table-scroll-container-hgHkfW mdbox-table-scroll-container\">\n<table>\n<thead>\n<tr>\n<th>Categor\u00eda<\/th>\n<th>Detalles<\/th>\n<\/tr>\n<\/thead>\n<tbody>\n<tr>\n<td><strong>Nombre del producto<\/strong><\/td>\n<td>Extracto de Rosa Roxburghii<\/td>\n<\/tr>\n<tr>\n<td><strong>Nombres alternativos<\/strong><\/td>\n<td>Cili Pear, Cili, Mu Lizi, Songchungui (nombres alternativos comunes chinos)<\/td>\n<\/tr>\n<tr>\n<td><strong>Nombre cient\u00edfico en lat\u00edn<\/strong><\/td>\n<td>Rosa roxburghii Tratt.<\/td>\n<\/tr>\n<tr>\n<td><strong>Introducci\u00f3n<\/strong><\/td>\n<td>Rosa roxburghii Tratt (nombre cient\u00edfico en lat\u00edn) pertenece al g\u00e9nero Rosa, de la familia de las ros\u00e1ceas. Crece en laderas soleadas, valles, bordes de caminos y matorrales a una altitud de entre 500 y 2500 metros. Es un fruto silvestre natural en zonas como Guizhou, la zona monta\u00f1osa de Exi, Hunan occidental, Liangshan y la zona monta\u00f1osa de Mianning. Se cultiva artificialmente a gran escala en la provincia de Guizhou y la ciudad de Kaifeng, en la provincia de Henan.<\/td>\n<\/tr>\n<tr>\n<td><strong>Concentraci\u00f3n<\/strong><\/td>\n<td>1:1<\/td>\n<\/tr>\n<tr>\n<td><strong>M\u00e9todo de detecci\u00f3n<\/strong><\/td>\n<td>TLC (cromatograf\u00eda en capa fina)<\/td>\n<\/tr>\n<tr>\n<td><strong>Fuente del producto<\/strong><\/td>\n<td>Fruta<\/td>\n<\/tr>\n<tr>\n<td><strong>Apariencia<\/strong><\/td>\n<td>Polvo marr\u00f3n oscuro<\/td>\n<\/tr>\n<tr>\n<td><strong>M\u00e9todo de embalaje<\/strong><\/td>\n<td>\u2013 Mercanc\u00eda a granel: 25 kg por bid\u00f3n de cart\u00f3n<br class=\"container-utlnW2 wrapper-d0Cc1k undefined\" \/>\u2013 Muestras peque\u00f1as: Bolsas de pl\u00e1stico de doble capa<br class=\"container-utlnW2 wrapper-d0Cc1k undefined\" \/>\u2013 Peso neto por bid\u00f3n de muestra peque\u00f1o: 2,5-3 kg; Di\u00e1metro: 36-40 cm; Altura: aproximadamente 50 cm<br class=\"container-utlnW2 wrapper-d0Cc1k undefined\" \/>\u2013 El embalaje interior del tambor se puede sustituir por un embalaje peque\u00f1o seg\u00fan los requisitos para facilitar su uso.<\/td>\n<\/tr>\n<tr>\n<td><strong>Proceso de extracci\u00f3n<\/strong><\/td>\n<td>Las materias primas se extraen con agua, luego se someten a concentraci\u00f3n, extracci\u00f3n, reconcentraci\u00f3n y secado para producir el producto.<\/td>\n<\/tr>\n<tr>\n<td><strong>Almacenamiento de productos<\/strong><\/td>\n<td>Conservar en un lugar fresco y seco, alejado de la luz y de altas temperaturas.<\/td>\n<\/tr>\n<tr>\n<td><strong>Embalaje del producto<\/strong><\/td>\n<td>\u2013 Capa interior: Bolsa de pl\u00e1stico de doble capa<br class=\"container-utlnW2 wrapper-d0Cc1k undefined\" \/>\u2013 Capa exterior: Bolsa de papel de aluminio (1 kg por bolsa) o bid\u00f3n de cart\u00f3n (25 kg por bid\u00f3n)<\/td>\n<\/tr>\n<tr>\n<td><strong>Duraci\u00f3n<\/strong><\/td>\n<td>Dos a\u00f1os<\/td>\n<\/tr>\n<\/tbody>\n<\/table>\n<\/div>\n<\/div>\n<\/div>\n<\/div>\n<\/div>\n<div class=\"flex flex-col justify-end h-40 w-full select-none opacity-100\" data-testid=\"message_action_bar\">\n<div class=\"message-action-bar-ghR0JC flex flex-row w-full group\"><\/div>\n<\/div>\n<\/div>\n<\/div>\n<\/div>\n<\/div>\n<\/div>\n<\/div>\n<\/div>\n<\/div>\n<div class=\"top-lAPxtl\">\n<div class=\"container-arOxqB chrome70-container\"><\/div>\n<\/div>","protected":false},"excerpt":{"rendered":"<p>Category Details Product Name Rosa Roxburghii Extract Alternative Names Cili Pear, Cili, Mu Lizi, Songchungui (Chinese common alternative names) Latin<\/p>","protected":false},"featured_media":10113,"comment_status":"closed","ping_status":"closed","template":"","meta":[],"product_brand":[],"product_cat":[17,24],"product_tag":[],"class_list":{"0":"post-10112","1":"product","2":"type-product","3":"status-publish","4":"has-post-thumbnail","6":"product_cat-plant-extract","7":"product_cat-ratio-extract","9":"first","10":"instock","11":"shipping-taxable","12":"product-type-simple"},"_links":{"self":[{"href":"https:\/\/www.hvbio.com\/es\/wp-json\/wp\/v2\/product\/10112","targetHints":{"allow":["GET"]}}],"collection":[{"href":"https:\/\/www.hvbio.com\/es\/wp-json\/wp\/v2\/product"}],"about":[{"href":"https:\/\/www.hvbio.com\/es\/wp-json\/wp\/v2\/types\/product"}],"replies":[{"embeddable":true,"href":"https:\/\/www.hvbio.com\/es\/wp-json\/wp\/v2\/comments?post=10112"}],"wp:featuredmedia":[{"embeddable":true,"href":"https:\/\/www.hvbio.com\/es\/wp-json\/wp\/v2\/media\/10113"}],"wp:attachment":[{"href":"https:\/\/www.hvbio.com\/es\/wp-json\/wp\/v2\/media?parent=10112"}],"wp:term":[{"taxonomy":"product_brand","embeddable":true,"href":"https:\/\/www.hvbio.com\/es\/wp-json\/wp\/v2\/product_brand?post=10112"},{"taxonomy":"product_cat","embeddable":true,"href":"https:\/\/www.hvbio.com\/es\/wp-json\/wp\/v2\/product_cat?post=10112"},{"taxonomy":"product_tag","embeddable":true,"href":"https:\/\/www.hvbio.com\/es\/wp-json\/wp\/v2\/product_tag?post=10112"}],"curies":[{"name":"wp","href":"https:\/\/api.w.org\/{rel}","templated":true}]}}