{"id":10129,"date":"2025-09-11T10:50:51","date_gmt":"2025-09-11T02:50:51","guid":{"rendered":"https:\/\/www.hvbio.com\/?post_type=product&#038;p=10129"},"modified":"2025-09-11T10:50:51","modified_gmt":"2025-09-11T02:50:51","slug":"lantana-extract","status":"publish","type":"product","link":"https:\/\/www.hvbio.com\/es\/producto\/lantana-extract\/","title":{"rendered":"Lantana Extract"},"content":{"rendered":"<table style=\"height: 412px;\" width=\"1158\">\n<thead>\n<tr>\n<th><strong>Art\u00edculo<\/strong><\/th>\n<th><strong>Traducci\u00f3n al ingl\u00e9s<\/strong><\/th>\n<\/tr>\n<\/thead>\n<tbody>\n<tr>\n<td>Nombre del producto<\/td>\n<td>Lantana Extract<\/td>\n<\/tr>\n<tr>\n<td>Componentes principales<\/td>\n<td>Triterpenoids, Flavonoids, Phenylpropanoids, and Other Components<\/td>\n<\/tr>\n<tr>\n<td>Fuente de extracci\u00f3n<\/td>\n<td>Lantana extract is usually derived from the whole plant of Lantana, including stems, leaves, flowers and other parts<\/td>\n<\/tr>\n<tr>\n<td>M\u00e9todo de detecci\u00f3n<\/td>\n<td>TLC (cromatograf\u00eda en capa fina)<\/td>\n<\/tr>\n<tr>\n<td>Formas de dosificaci\u00f3n de aplicaci\u00f3n<\/td>\n<td>Wide-ranging (e.g., tablets, capsules, ointments, oral liquids, etc.)<\/td>\n<\/tr>\n<tr>\n<td>Tiempo de suministro<\/td>\n<td>Todo el a\u00f1o<\/td>\n<\/tr>\n<tr>\n<td>Almacenamiento<\/td>\n<td>Store in a sealed container, place in a cool, dry and light-proof place, away from heat sources and humid environments<\/td>\n<\/tr>\n<tr>\n<td>Duraci\u00f3n<\/td>\n<td>Dos a\u00f1os<\/td>\n<\/tr>\n<\/tbody>\n<\/table>","protected":false},"excerpt":{"rendered":"<h4 class=\"header-vfC6AV auto-hide-last-sibling-br\">Product Name: Lantana Extract<\/h4>\n<h4 class=\"header-vfC6AV auto-hide-last-sibling-br\">Ingredientes principales:<\/h4>\n<h4 class=\"auto-hide-last-sibling-br paragraph-JOTKXA paragraph-element br-paragraph-space\">Triterpenoids, flavonoids, phenylpropanoids, and other components<\/h4>\n<h4 class=\"header-vfC6AV auto-hide-last-sibling-br\">Fuente de extracci\u00f3n:<\/h4>\n<h4 class=\"auto-hide-last-sibling-br paragraph-JOTKXA paragraph-element br-paragraph-space\">Lantana extract is usually derived from the whole plant of Lantana, including stems, leaves, flowers and other parts.<\/h4>\n<h4 class=\"header-vfC6AV auto-hide-last-sibling-br\">M\u00e9todo de detecci\u00f3n:<\/h4>\n<h4 class=\"auto-hide-last-sibling-br paragraph-JOTKXA paragraph-element br-paragraph-space\">TLC (cromatograf\u00eda en capa fina)<\/h4>\n<h4 class=\"header-vfC6AV auto-hide-last-sibling-br\">Formas de dosificaci\u00f3n de aplicaci\u00f3n:<\/h4>\n<h4 class=\"auto-hide-last-sibling-br paragraph-JOTKXA paragraph-element br-paragraph-space\">Wide range<\/h4>\n<h4 class=\"header-vfC6AV auto-hide-last-sibling-br\">Tiempo de suministro:<\/h4>\n<h4 class=\"auto-hide-last-sibling-br paragraph-JOTKXA paragraph-element br-paragraph-space\">Todo el a\u00f1o<\/h4>\n<h4 class=\"header-vfC6AV auto-hide-last-sibling-br\">Instrucciones de compra<\/h4>\n<ul class=\"auto-hide-last-sibling-br\">\n<li>\n<h4>\u3010M\u00e9todo de embalaje\u301125 kg por tambor de cart\u00f3n o bolsa de papel de aluminio<\/h4>\n<\/li>\n<li>\n<h4>\u3010Condiciones de almacenamiento\u3011Debe sellarse y protegerse de la luz, almacenarse en un lugar seco, fresco y bien ventilado.<\/h4>\n<\/li>\n<li>\n<h4>\u3010Vida \u00fatil\u3011Dos a\u00f1os<\/h4>\n<\/li>\n<li>\n<h4>\u3010Suministro de muestras\u3011Generalmente, se proporcionan muestras de 5 a 20 g para los productos; se cobran tarifas de muestra para algunos productos.<\/h4>\n<\/li>\n<li>\n<h4>\u3010Product Packaging\u3011Packaged in cardboard drums or aluminum foil bags (packaging can be customized according to customer requirements)<\/h4>\n<\/li>\n<li>\n<h4>\u3010Tiempo de entrega\u3011Los productos no personalizados se enviar\u00e1n dentro de las 48 horas; el tiempo de entrega de los productos personalizados se ajustar\u00e1 seg\u00fan las necesidades reales.<\/h4>\n<\/li>\n<li>\n<h4>\u3010M\u00e9todo de embalaje\u301125 kg por tambor de cart\u00f3n o bolsa de papel de aluminio; el embalaje se puede ajustar seg\u00fan las condiciones reales.<\/h4>\n<\/li>\n<li>\n<h4>\u3010M\u00e9todo de transporte\u3011Log\u00edstica express nacional; la cotizaci\u00f3n incluye los costos de transporte.<\/h4>\n<\/li>\n<li>\n<h4>\u3010Condiciones de almacenamiento\u3011Sellado y protegido de la luz, almacenado en un lugar seco, fresco y bien ventilado.<\/h4>\n<\/li>\n<\/ul>","protected":false},"featured_media":10130,"comment_status":"closed","ping_status":"closed","template":"","meta":[],"product_brand":[],"product_cat":[17,24],"product_tag":[],"class_list":{"0":"post-10129","1":"product","2":"type-product","3":"status-publish","4":"has-post-thumbnail","6":"product_cat-plant-extract","7":"product_cat-ratio-extract","9":"first","10":"instock","11":"shipping-taxable","12":"product-type-simple"},"_links":{"self":[{"href":"https:\/\/www.hvbio.com\/es\/wp-json\/wp\/v2\/product\/10129","targetHints":{"allow":["GET"]}}],"collection":[{"href":"https:\/\/www.hvbio.com\/es\/wp-json\/wp\/v2\/product"}],"about":[{"href":"https:\/\/www.hvbio.com\/es\/wp-json\/wp\/v2\/types\/product"}],"replies":[{"embeddable":true,"href":"https:\/\/www.hvbio.com\/es\/wp-json\/wp\/v2\/comments?post=10129"}],"wp:featuredmedia":[{"embeddable":true,"href":"https:\/\/www.hvbio.com\/es\/wp-json\/wp\/v2\/media\/10130"}],"wp:attachment":[{"href":"https:\/\/www.hvbio.com\/es\/wp-json\/wp\/v2\/media?parent=10129"}],"wp:term":[{"taxonomy":"product_brand","embeddable":true,"href":"https:\/\/www.hvbio.com\/es\/wp-json\/wp\/v2\/product_brand?post=10129"},{"taxonomy":"product_cat","embeddable":true,"href":"https:\/\/www.hvbio.com\/es\/wp-json\/wp\/v2\/product_cat?post=10129"},{"taxonomy":"product_tag","embeddable":true,"href":"https:\/\/www.hvbio.com\/es\/wp-json\/wp\/v2\/product_tag?post=10129"}],"curies":[{"name":"wp","href":"https:\/\/api.w.org\/{rel}","templated":true}]}}