{"id":10167,"date":"2025-09-12T14:13:58","date_gmt":"2025-09-12T06:13:58","guid":{"rendered":"https:\/\/www.hvbio.com\/?post_type=product&#038;p=10167"},"modified":"2025-09-12T14:13:59","modified_gmt":"2025-09-12T06:13:59","slug":"zeaxanthin-5","status":"publish","type":"product","link":"https:\/\/www.hvbio.com\/es\/producto\/zeaxanthin-5\/","title":{"rendered":"Zeaxantina 5%"},"content":{"rendered":"<div class=\"inter-jQQQ8P\">\n<div class=\"container-PrUkKo\">\n<div class=\"item-hGGxLi\">\n<div class=\"container-arOxqB chrome70-container\">\n<div class=\"inner-FyM8gE inner-item-swzCut\" data-target-id=\"message-box-target-id\" data-testid=\"union_message\">\n<div class=\"message-block-container-aFugD6\" data-testid=\"message-block-container\">\n<div class=\"flex flex-row w-full w-full max-w-full s-font-base text-s-color-text-secondary p-0 rounded-s-radius-s bg-transparent group data-[attr=select-mode]:-mt-10 data-[attr=select-mode]:py-10 data-[attr=select-mode]:px-16 data-[attr=select-mode]:sm:p-10 data-[attr=select-mode]:hover:bg-s-color-bg-base data-[attr=select-mode]:hover:rounded-s-radius-xs data-[attr=select-mode]:has-[:checked]:bg-s-color-bg-trans data-[attr=select-mode]:has-[:checked]:rounded-s-radius-xs data-[attr=select-mode]:pointer-events-none\" data-testid=\"receive_message\">\n<div class=\"flex flex-col flex-grow max-w-full min-w-0\">\n<div class=\"flex flex-row w-full\" data-testid=\"message_content\" data-message-id=\"20104432874978818\">\n<div class=\"w-full\" data-plugin-identifier=\"Symbol(infra:receive-message-box:text)\">\n<div class=\"container-ZYIsnH flow-markdown-body theme-samantha-Nbr9UN\" dir=\"ltr\" data-testid=\"message_text_content\" data-show-indicator=\"false\">\n<div class=\"auto-hide-last-sibling-br mdbox-table-root table-container-GhL7Lo\" data-scroll-inline-overflow=\"false\" data-scroll-inline-at-start=\"true\" data-scroll-inline-start-overflow=\"false\" data-scroll-inline-at-end=\"true\" data-scroll-inline-end-overflow=\"false\">\n<div class=\"table-scroll-container-hgHkfW mdbox-table-scroll-container\">\n<table>\n<thead>\n<tr>\n<th><strong>Art\u00edculo<\/strong><\/th>\n<th><strong>Detalles<\/strong><\/th>\n<\/tr>\n<\/thead>\n<tbody>\n<tr>\n<td><strong>Nombre del producto<\/strong><\/td>\n<td>Zeaxantina 5%<\/td>\n<\/tr>\n<tr>\n<td><strong>Nombres alternativos<\/strong><\/td>\n<td>Zeaxanthin; Zeaxanthin Ester<\/td>\n<\/tr>\n<tr>\n<td><strong>Fuente del producto<\/strong><\/td>\n<td>Extracted from the petals of\u00a0<strong>Tagetes erecta<\/strong>\u00a0(also known as Marigold), a plant of the Asteraceae family. It belongs to the class of carotenoids.<\/td>\n<\/tr>\n<tr>\n<td><strong>Caracter\u00edsticas f\u00edsicas<\/strong><\/td>\n<td>Pure zeaxanthin is a crystalline powder, orange-red in color, and odorless. Its dilute solution is orange-red; it appears as a blood-red oily liquid above 10\u00b0C, and a yellow semi-solidified oily substance below 10\u00b0C. It is a fat-soluble powder or oil, a derivative of \u03b2-carotene, soluble in organic solvents such as ether, petroleum ether, acetone, and esters, but insoluble in water.<\/td>\n<\/tr>\n<tr>\n<td><strong>Especificaci\u00f3n del producto<\/strong><\/td>\n<td>5%<\/td>\n<\/tr>\n<tr>\n<td><strong>M\u00e9todo de prueba<\/strong><\/td>\n<td>HPLC (cromatograf\u00eda l\u00edquida de alta resoluci\u00f3n)<\/td>\n<\/tr>\n<tr>\n<td><strong>M\u00e9todo de almacenamiento<\/strong><\/td>\n<td>Store in a ventilated, dry and cool place, away from strong light.<\/td>\n<\/tr>\n<tr>\n<td><strong>Embalaje del producto<\/strong><\/td>\n<td>1KG\/sterilized aluminum foil bag; 25KG\/paper drum; or customized according to requirements<\/td>\n<\/tr>\n<tr>\n<td><strong>Duraci\u00f3n<\/strong><\/td>\n<td>24 meses<\/td>\n<\/tr>\n<\/tbody>\n<\/table>\n<\/div>\n<\/div>\n<\/div>\n<\/div>\n<\/div>\n<\/div>\n<\/div>\n<\/div>\n<\/div>\n<\/div>\n<\/div>\n<\/div>\n<\/div>","protected":false},"excerpt":{"rendered":"<h1 class=\"header-vfC6AV auto-hide-last-sibling-br\">Zeaxantina 5%<\/h1>\n<ul class=\"auto-hide-last-sibling-br\">\n<li><strong>Nombres alternativos<\/strong>: Zeaxanthine; Zeaxanthin Ester<\/li>\n<li><strong>Fuente<\/strong>: Extracted from the petals of\u00a0<em>Tagetes erecta<\/em>\u00a0L. (Asteraceae family, commonly known as Marigold), belonging to the carotenoid class.<\/li>\n<li><strong>Physical Properties<\/strong>: Pure zeaxanthin is a crystalline powder with an orange-red color and no odor. Its dilute solution is orange-red; it appears as a blood-red oily liquid above 10\u2103 and a yellow semi-solid oily substance below 10\u2103. It is a fat-soluble powder or oil, a derivative of \u03b2-carotene, soluble in organic solvents such as ether, petroleum ether, acetone, and esters, but insoluble in water.<\/li>\n<li><strong>Especificaci\u00f3n<\/strong>: 5%<\/li>\n<li><strong>M\u00e9todo de prueba<\/strong>:HPLC (cromatograf\u00eda l\u00edquida de alta resoluci\u00f3n)<\/li>\n<li><strong>M\u00e9todo de almacenamiento<\/strong>: Store in a ventilated, dry, and cool place, away from strong light.<\/li>\n<li><strong>Embalaje<\/strong>: 1KG\/sterilized aluminum foil bag; 25KG\/fiber drum; or customized as required.<\/li>\n<li><strong>Duraci\u00f3n<\/strong>:24 meses<\/li>\n<\/ul>","protected":false},"featured_media":10168,"comment_status":"closed","ping_status":"closed","template":"","meta":[],"product_brand":[],"product_cat":[23,17],"product_tag":[],"class_list":{"0":"post-10167","1":"product","2":"type-product","3":"status-publish","4":"has-post-thumbnail","6":"product_cat-standard-extract","7":"product_cat-plant-extract","9":"first","10":"instock","11":"shipping-taxable","12":"product-type-simple"},"_links":{"self":[{"href":"https:\/\/www.hvbio.com\/es\/wp-json\/wp\/v2\/product\/10167","targetHints":{"allow":["GET"]}}],"collection":[{"href":"https:\/\/www.hvbio.com\/es\/wp-json\/wp\/v2\/product"}],"about":[{"href":"https:\/\/www.hvbio.com\/es\/wp-json\/wp\/v2\/types\/product"}],"replies":[{"embeddable":true,"href":"https:\/\/www.hvbio.com\/es\/wp-json\/wp\/v2\/comments?post=10167"}],"wp:featuredmedia":[{"embeddable":true,"href":"https:\/\/www.hvbio.com\/es\/wp-json\/wp\/v2\/media\/10168"}],"wp:attachment":[{"href":"https:\/\/www.hvbio.com\/es\/wp-json\/wp\/v2\/media?parent=10167"}],"wp:term":[{"taxonomy":"product_brand","embeddable":true,"href":"https:\/\/www.hvbio.com\/es\/wp-json\/wp\/v2\/product_brand?post=10167"},{"taxonomy":"product_cat","embeddable":true,"href":"https:\/\/www.hvbio.com\/es\/wp-json\/wp\/v2\/product_cat?post=10167"},{"taxonomy":"product_tag","embeddable":true,"href":"https:\/\/www.hvbio.com\/es\/wp-json\/wp\/v2\/product_tag?post=10167"}],"curies":[{"name":"wp","href":"https:\/\/api.w.org\/{rel}","templated":true}]}}