{"id":10199,"date":"2025-09-12T14:43:48","date_gmt":"2025-09-12T06:43:48","guid":{"rendered":"https:\/\/www.hvbio.com\/?post_type=product&#038;p=10199"},"modified":"2025-09-12T15:11:14","modified_gmt":"2025-09-12T07:11:14","slug":"mangosteen-powder","status":"publish","type":"product","link":"https:\/\/www.hvbio.com\/es\/producto\/mangosteen-powder\/","title":{"rendered":"Polvo de mangost\u00e1n"},"content":{"rendered":"<table>\n<thead>\n<tr>\n<th><strong>Art\u00edculo<\/strong><\/th>\n<th><strong>Detalles<\/strong><\/th>\n<\/tr>\n<\/thead>\n<tbody>\n<tr>\n<td><strong>Nombre del producto<\/strong><\/td>\n<td>Polvo de mangost\u00e1n<\/td>\n<\/tr>\n<tr>\n<td><strong>M\u00e9todo de detecci\u00f3n<\/strong><\/td>\n<td>TLC (cromatograf\u00eda en capa fina)<\/td>\n<\/tr>\n<tr>\n<td><strong>Caracter\u00edsticas del producto<\/strong><\/td>\n<td>Polvo blanquecino<\/td>\n<\/tr>\n<tr>\n<td><strong>Fuente de extracci\u00f3n<\/strong><\/td>\n<td>Mangost\u00e1n<\/td>\n<\/tr>\n<tr>\n<td><strong>Tama\u00f1o de malla del producto<\/strong><\/td>\n<td>100% del producto pasa a trav\u00e9s de un tamiz de malla 80<\/td>\n<\/tr>\n<tr>\n<td><strong>Condiciones de almacenamiento<\/strong><\/td>\n<td>Este producto debe mantenerse sellado, protegido de la luz y de las altas temperaturas y almacenado en un lugar seco, fresco y bien ventilado.<\/td>\n<\/tr>\n<tr>\n<td><strong>M\u00e9todo de embalaje<\/strong><\/td>\n<td>Para productos a granel: 25 kg por tambor de papel; para muestras: 1 kg por bolsa de aluminio. Tambi\u00e9n ofrecemos embalajes personalizados seg\u00fan las necesidades del cliente.<\/td>\n<\/tr>\n<tr>\n<td><strong>M\u00e9todo de transporte<\/strong><\/td>\n<td>Env\u00edo por mensajer\u00eda urgente o log\u00edstica. La mensajer\u00eda urgente nacional suele llegar en 3 d\u00edas, y la log\u00edstica, en 5 d\u00edas. Los presupuestos suelen incluir los gastos de transporte nacional.<\/td>\n<\/tr>\n<tr>\n<td><strong>Periodo de validez<\/strong><\/td>\n<td>Dos a\u00f1os<\/td>\n<\/tr>\n<\/tbody>\n<\/table>","protected":false},"excerpt":{"rendered":"<div class=\"auto-hide-last-sibling-br paragraph-JOTKXA paragraph-element br-paragraph-space\">\u3010Nombre del producto\u3011Polvo de mangost\u00e1n<\/div>\n<div class=\"auto-hide-last-sibling-br paragraph-JOTKXA paragraph-element br-paragraph-space\">\u3010M\u00e9todo de prueba\u3011TLC<\/div>\n<div class=\"auto-hide-last-sibling-br paragraph-JOTKXA paragraph-element br-paragraph-space\">\u3010Caracter\u00edsticas del producto\u3011Polvo blanquecino<\/div>\n<div class=\"auto-hide-last-sibling-br paragraph-JOTKXA paragraph-element br-paragraph-space\">\u3010Fuente de extracci\u00f3n\u3011Mangost\u00e1n<\/div>\n<div class=\"auto-hide-last-sibling-br paragraph-JOTKXA paragraph-element br-paragraph-space\">\u3010Tama\u00f1o de malla del producto\u3011100% a malla 80<\/div>\n<div class=\"auto-hide-last-sibling-br paragraph-JOTKXA paragraph-element br-paragraph-space\">\u3010Condiciones de almacenamiento\u3011Este producto debe estar sellado, protegido de la luz y las altas temperaturas, y almacenado en un lugar seco, fresco y bien ventilado.<\/div>\n<div class=\"auto-hide-last-sibling-br paragraph-JOTKXA paragraph-element br-paragraph-space\">M\u00e9todo de embalaje: Productos a granel: 25 kg por tambor de cart\u00f3n; Muestras peque\u00f1as: 1 kg por bolsa de aluminio. Tambi\u00e9n ofrecemos embalajes personalizados a petici\u00f3n del cliente.<\/div>\n<div class=\"auto-hide-last-sibling-br paragraph-JOTKXA paragraph-element br-paragraph-space\">\u3010M\u00e9todo de transporte\u3011Env\u00edo expr\u00e9s o log\u00edstica. El env\u00edo expr\u00e9s nacional llega en 3 d\u00edas y el env\u00edo log\u00edstico en 5 d\u00edas. El presupuesto generalmente incluye los costos de transporte nacional.<\/div>\n<div class=\"auto-hide-last-sibling-br paragraph-JOTKXA paragraph-element br-paragraph-space\">\u3010Vida \u00fatil\u30112 a\u00f1os<\/div>","protected":false},"featured_media":10200,"comment_status":"closed","ping_status":"closed","template":"","meta":[],"product_brand":[],"product_cat":[18,20],"product_tag":[],"class_list":{"0":"post-10199","1":"product","2":"type-product","3":"status-publish","4":"has-post-thumbnail","6":"product_cat-fruit-and-vegetable-powder","7":"product_cat-fruit-powder","9":"first","10":"instock","11":"shipping-taxable","12":"product-type-simple"},"_links":{"self":[{"href":"https:\/\/www.hvbio.com\/es\/wp-json\/wp\/v2\/product\/10199","targetHints":{"allow":["GET"]}}],"collection":[{"href":"https:\/\/www.hvbio.com\/es\/wp-json\/wp\/v2\/product"}],"about":[{"href":"https:\/\/www.hvbio.com\/es\/wp-json\/wp\/v2\/types\/product"}],"replies":[{"embeddable":true,"href":"https:\/\/www.hvbio.com\/es\/wp-json\/wp\/v2\/comments?post=10199"}],"wp:featuredmedia":[{"embeddable":true,"href":"https:\/\/www.hvbio.com\/es\/wp-json\/wp\/v2\/media\/10200"}],"wp:attachment":[{"href":"https:\/\/www.hvbio.com\/es\/wp-json\/wp\/v2\/media?parent=10199"}],"wp:term":[{"taxonomy":"product_brand","embeddable":true,"href":"https:\/\/www.hvbio.com\/es\/wp-json\/wp\/v2\/product_brand?post=10199"},{"taxonomy":"product_cat","embeddable":true,"href":"https:\/\/www.hvbio.com\/es\/wp-json\/wp\/v2\/product_cat?post=10199"},{"taxonomy":"product_tag","embeddable":true,"href":"https:\/\/www.hvbio.com\/es\/wp-json\/wp\/v2\/product_tag?post=10199"}],"curies":[{"name":"wp","href":"https:\/\/api.w.org\/{rel}","templated":true}]}}