{"id":10216,"date":"2025-09-12T14:50:45","date_gmt":"2025-09-12T06:50:45","guid":{"rendered":"https:\/\/www.hvbio.com\/?post_type=product&#038;p=10216"},"modified":"2025-09-12T14:50:45","modified_gmt":"2025-09-12T06:50:45","slug":"lutein-5","status":"publish","type":"product","link":"https:\/\/www.hvbio.com\/es\/producto\/lutein-5\/","title":{"rendered":"Lute\u00edna 5%"},"content":{"rendered":"<table>\n<thead>\n<tr>\n<th><strong>Art\u00edculo<\/strong><\/th>\n<th><strong>Detalles<\/strong><\/th>\n<\/tr>\n<\/thead>\n<tbody>\n<tr>\n<td><strong>Nombre del producto<\/strong><\/td>\n<td>Lute\u00edna 5%<\/td>\n<\/tr>\n<tr>\n<td><strong>Nombres alternativos<\/strong><\/td>\n<td>Plant Lutein, Carotenoids<\/td>\n<\/tr>\n<tr>\n<td><strong>Nombre en lat\u00edn<\/strong><\/td>\n<td>Lutein<\/td>\n<\/tr>\n<tr>\n<td><strong>Fuente vegetal<\/strong><\/td>\n<td>Mainly found in vegetables, such as rape, spinach, lettuce, etc.<\/td>\n<\/tr>\n<tr>\n<td><strong>Ingredientes activos<\/strong><\/td>\n<td>Lutein, Zeaxanthin, Lutein Fatty Acid Esters<\/td>\n<\/tr>\n<tr>\n<td><strong>Especificaci\u00f3n<\/strong><\/td>\n<td>Lutein 5%. For other specifications, please contact customer service for consultation.<\/td>\n<\/tr>\n<tr>\n<td><strong>Caracter\u00edsticas<\/strong><\/td>\n<td>Orange-yellow powder, easy to absorb moisture, soluble in water, tested by HPLC (High Performance Liquid Chromatography).<\/td>\n<\/tr>\n<tr>\n<td><strong>Tama\u00f1o de malla del producto<\/strong><\/td>\n<td>98% del producto pasa a trav\u00e9s de un tamiz de malla 80.<\/td>\n<\/tr>\n<tr>\n<td><strong>M\u00e9todo de embalaje<\/strong><\/td>\n<td>25 kg por tambor de papel o bolsa de papel de aluminio.<\/td>\n<\/tr>\n<tr>\n<td><strong>Condiciones de almacenamiento<\/strong><\/td>\n<td>Should be sealed and protected from light, stored in a dry, cool and well-ventilated place.<\/td>\n<\/tr>\n<tr>\n<td><strong>Duraci\u00f3n<\/strong><\/td>\n<td>24 meses<\/td>\n<\/tr>\n<tr>\n<td><strong>Express y Log\u00edstica<\/strong><\/td>\n<td>Env\u00edo por mensajer\u00eda urgente o log\u00edstica. La mensajer\u00eda urgente nacional suele llegar en 3 d\u00edas, y la log\u00edstica, en 5 d\u00edas. Los presupuestos suelen incluir los gastos de transporte nacional.<\/td>\n<\/tr>\n<tr>\n<td><strong>Disposici\u00f3n de muestra<\/strong><\/td>\n<td>Generalmente, se proporcionan muestras de 5 a 20 g de los productos; se cobran tarifas de muestra para algunos productos.<\/td>\n<\/tr>\n<\/tbody>\n<\/table>","protected":false},"excerpt":{"rendered":"<ul class=\"auto-hide-last-sibling-br\">\n<li><strong>Nombre del producto<\/strong>: Lutein 5%<\/li>\n<li><strong>Nombres alternativos<\/strong>: Plant Lutein, Carotenoids<\/li>\n<li><strong>Nombre en lat\u00edn<\/strong>: Lutein<\/li>\n<li><strong>Fuente vegetal<\/strong>: Mainly found in vegetables, such as rapeseed, spinach, lettuce, etc.<\/li>\n<li><strong>Ingredientes activos<\/strong>: Lutein, Zeaxanthin, Lutein Fatty Acid Esters<\/li>\n<li><strong>Especificaci\u00f3n<\/strong>: Lutein 5%. For other specifications, please contact customer service for consultation.<\/li>\n<li><strong>Caracter\u00edsticas<\/strong>: Orange-yellow powder, easy to absorb moisture, soluble in water, tested by HPLC.<\/li>\n<li><strong>Tama\u00f1o de malla del producto<\/strong>: 98% passes through 80-mesh sieve<\/li>\n<li><strong>M\u00e9todo de embalaje<\/strong>:25 kg por tambor de papel o bolsa de papel de aluminio<\/li>\n<li><strong>Condiciones de almacenamiento<\/strong>:Debe conservarse sellado y protegido de la luz, almacenado en un lugar seco, fresco y bien ventilado.<\/li>\n<li><strong>Duraci\u00f3n<\/strong>:24 meses<\/li>\n<li><strong>Express y Log\u00edstica<\/strong>: Express delivery or logistics. Domestic express delivery usually arrives within 3 days, and logistics usually arrives within 5 days. Quotations generally include domestic transportation costs.<\/li>\n<li><strong>Disponibilidad de muestra<\/strong>: Generally, 5-20g samples are provided for products; sample fees are charged for some products.<\/li>\n<\/ul>","protected":false},"featured_media":10217,"comment_status":"closed","ping_status":"closed","template":"","meta":[],"product_brand":[],"product_cat":[17,23],"product_tag":[],"class_list":{"0":"post-10216","1":"product","2":"type-product","3":"status-publish","4":"has-post-thumbnail","6":"product_cat-plant-extract","7":"product_cat-standard-extract","9":"first","10":"instock","11":"shipping-taxable","12":"product-type-simple"},"_links":{"self":[{"href":"https:\/\/www.hvbio.com\/es\/wp-json\/wp\/v2\/product\/10216","targetHints":{"allow":["GET"]}}],"collection":[{"href":"https:\/\/www.hvbio.com\/es\/wp-json\/wp\/v2\/product"}],"about":[{"href":"https:\/\/www.hvbio.com\/es\/wp-json\/wp\/v2\/types\/product"}],"replies":[{"embeddable":true,"href":"https:\/\/www.hvbio.com\/es\/wp-json\/wp\/v2\/comments?post=10216"}],"wp:featuredmedia":[{"embeddable":true,"href":"https:\/\/www.hvbio.com\/es\/wp-json\/wp\/v2\/media\/10217"}],"wp:attachment":[{"href":"https:\/\/www.hvbio.com\/es\/wp-json\/wp\/v2\/media?parent=10216"}],"wp:term":[{"taxonomy":"product_brand","embeddable":true,"href":"https:\/\/www.hvbio.com\/es\/wp-json\/wp\/v2\/product_brand?post=10216"},{"taxonomy":"product_cat","embeddable":true,"href":"https:\/\/www.hvbio.com\/es\/wp-json\/wp\/v2\/product_cat?post=10216"},{"taxonomy":"product_tag","embeddable":true,"href":"https:\/\/www.hvbio.com\/es\/wp-json\/wp\/v2\/product_tag?post=10216"}],"curies":[{"name":"wp","href":"https:\/\/api.w.org\/{rel}","templated":true}]}}