{"id":10235,"date":"2025-09-12T15:08:59","date_gmt":"2025-09-12T07:08:59","guid":{"rendered":"https:\/\/www.hvbio.com\/?post_type=product&#038;p=10235"},"modified":"2025-09-12T15:08:59","modified_gmt":"2025-09-12T07:08:59","slug":"functional-red-yeast-rice-powder","status":"publish","type":"product","link":"https:\/\/www.hvbio.com\/es\/producto\/functional-red-yeast-rice-powder\/","title":{"rendered":"Polvo de arroz de levadura roja funcional"},"content":{"rendered":"<table>\n<thead>\n<tr>\n<th><strong>Art\u00edculo<\/strong><\/th>\n<th><strong>Descripci\u00f3n<\/strong><\/th>\n<\/tr>\n<\/thead>\n<tbody>\n<tr>\n<td>Nombre del producto<\/td>\n<td>Polvo de arroz de levadura roja funcional<\/td>\n<\/tr>\n<tr>\n<td>Ingredientes principales<\/td>\n<td>Componentes nutricionales y pigmentarios b\u00e1sicos, micronutrientes y otros ingredientes activos.<\/td>\n<\/tr>\n<tr>\n<td>Fuente de extracci\u00f3n<\/td>\n<td>Se utiliza arroz de alta calidad (generalmente arroz \u00edndica, arroz glutinoso o arroz jap\u00f3nica, con alto contenido de almid\u00f3n y bajas impurezas, lo que proporciona suficientes fuentes de carbono para la fermentaci\u00f3n microbiana) como \u00fanico veh\u00edculo de fermentaci\u00f3n. No se a\u00f1aden otros granos ni materiales auxiliares para garantizar la pureza de los productos de fermentaci\u00f3n y la acumulaci\u00f3n de principios activos.<\/td>\n<\/tr>\n<tr>\n<td>Apariencia<\/td>\n<td>Polvo rojo oscuro; suelto, sin apelmazamiento y sin impurezas visibles a simple vista.<\/td>\n<\/tr>\n<tr>\n<td>M\u00e9todo de detecci\u00f3n<\/td>\n<td>TLC (cromatograf\u00eda en capa fina)<\/td>\n<\/tr>\n<tr>\n<td>Formas de dosificaci\u00f3n de aplicaci\u00f3n<\/td>\n<td>Ampliamente aplicable<\/td>\n<\/tr>\n<tr>\n<td>Tiempo de suministro<\/td>\n<td>Todo el a\u00f1o<\/td>\n<\/tr>\n<tr>\n<td>Condiciones de almacenamiento<\/td>\n<td>Conservar en recipiente herm\u00e9tico; conservar en lugar fresco, seco y protegido de la luz, alejado de fuentes de calor y ambientes h\u00famedos.<\/td>\n<\/tr>\n<tr>\n<td>Duraci\u00f3n<\/td>\n<td>2 a\u00f1os<\/td>\n<\/tr>\n<\/tbody>\n<\/table>","protected":false},"excerpt":{"rendered":"<h1 class=\"header-vfC6AV auto-hide-last-sibling-br\">Nombre del producto: Polvo de arroz de levadura roja funcional<\/h1>\n<h2 class=\"header-vfC6AV auto-hide-last-sibling-br\">Ingredientes principales:<\/h2>\n<div class=\"auto-hide-last-sibling-br paragraph-JOTKXA paragraph-element br-paragraph-space\">Componentes nutricionales y pigmentarios b\u00e1sicos, micronutrientes y otros ingredientes activos.<\/div>\n<h2 class=\"header-vfC6AV auto-hide-last-sibling-br\">Fuente de extracci\u00f3n:<\/h2>\n<div class=\"auto-hide-last-sibling-br paragraph-JOTKXA paragraph-element br-paragraph-space\">Se utiliza arroz de alta calidad (generalmente arroz \u00edndica, arroz glutinoso o arroz jap\u00f3nica, con alto contenido de almid\u00f3n y bajas impurezas, que proporciona suficientes fuentes de carbono para la fermentaci\u00f3n microbiana) como \u00fanico veh\u00edculo de fermentaci\u00f3n. No se a\u00f1aden otros granos ni materiales auxiliares para garantizar la pureza de los productos de fermentaci\u00f3n y la acumulaci\u00f3n de principios activos.<\/div>\n<h2 class=\"header-vfC6AV auto-hide-last-sibling-br\">Apariencia:<\/h2>\n<div class=\"auto-hide-last-sibling-br paragraph-JOTKXA paragraph-element br-paragraph-space\">Polvo rojo oscuro, suelto y sin apelmazamiento, sin impurezas visibles a simple vista.<\/div>\n<h2 class=\"header-vfC6AV auto-hide-last-sibling-br\">M\u00e9todo de detecci\u00f3n:<\/h2>\n<div class=\"auto-hide-last-sibling-br paragraph-JOTKXA paragraph-element br-paragraph-space\">TLC (cromatograf\u00eda en capa fina)<\/div>\n<h2 class=\"header-vfC6AV auto-hide-last-sibling-br\">Formas de dosificaci\u00f3n de aplicaci\u00f3n:<\/h2>\n<div class=\"auto-hide-last-sibling-br paragraph-JOTKXA paragraph-element br-paragraph-space\">Ampliamente aplicable<\/div>\n<h2 class=\"header-vfC6AV auto-hide-last-sibling-br\">Tiempo de suministro:<\/h2>\n<div class=\"auto-hide-last-sibling-br paragraph-JOTKXA paragraph-element br-paragraph-space\">Todo el a\u00f1o<\/div>\n<h2 class=\"header-vfC6AV auto-hide-last-sibling-br\">Instrucciones de compra<\/h2>\n<ul class=\"auto-hide-last-sibling-br\">\n<li>\u3010M\u00e9todo de embalaje\u301125 kg por tambor de papel o bolsa de papel de aluminio<\/li>\n<li>\u3010Condiciones de almacenamiento\u3011Debe sellarse y protegerse de la luz, y almacenarse en un lugar seco, fresco y bien ventilado.<\/li>\n<li>\u3010Vida \u00fatil\u30112 a\u00f1os<\/li>\n<li>\u3010Suministro de muestras\u3011Generalmente, se proporcionan muestras de 5 a 20 g del producto; se cobra una tarifa de muestra para algunos productos.<\/li>\n<li>\u3010Embalaje del producto\u3011Envasado en tambores de papel o bolsas de papel de aluminio (embalaje personalizado disponible a pedido del cliente)<\/li>\n<li>\u3010Tiempo de entrega\u3011Los productos no personalizados se enviar\u00e1n dentro de las 48 horas; el tiempo de entrega de los productos personalizados se ajustar\u00e1 seg\u00fan las necesidades reales.<\/li>\n<li>\u3010M\u00e9todo de embalaje\u301125 kg por tambor de papel o bolsa de papel de aluminio; el embalaje se puede ajustar seg\u00fan las condiciones reales.<\/li>\n<li>\u3010M\u00e9todo de transporte\u3011Log\u00edstica express nacional; la cotizaci\u00f3n incluye los costos de transporte.<\/li>\n<li>\u3010Condiciones de almacenamiento\u3011Sellado y protegido de la luz, almacenado en un lugar seco, fresco y bien ventilado.<\/li>\n<\/ul>","protected":false},"featured_media":10236,"comment_status":"closed","ping_status":"closed","template":"","meta":[],"product_brand":[],"product_cat":[18,20],"product_tag":[],"class_list":{"0":"post-10235","1":"product","2":"type-product","3":"status-publish","4":"has-post-thumbnail","6":"product_cat-fruit-and-vegetable-powder","7":"product_cat-fruit-powder","9":"first","10":"instock","11":"shipping-taxable","12":"product-type-simple"},"_links":{"self":[{"href":"https:\/\/www.hvbio.com\/es\/wp-json\/wp\/v2\/product\/10235","targetHints":{"allow":["GET"]}}],"collection":[{"href":"https:\/\/www.hvbio.com\/es\/wp-json\/wp\/v2\/product"}],"about":[{"href":"https:\/\/www.hvbio.com\/es\/wp-json\/wp\/v2\/types\/product"}],"replies":[{"embeddable":true,"href":"https:\/\/www.hvbio.com\/es\/wp-json\/wp\/v2\/comments?post=10235"}],"wp:featuredmedia":[{"embeddable":true,"href":"https:\/\/www.hvbio.com\/es\/wp-json\/wp\/v2\/media\/10236"}],"wp:attachment":[{"href":"https:\/\/www.hvbio.com\/es\/wp-json\/wp\/v2\/media?parent=10235"}],"wp:term":[{"taxonomy":"product_brand","embeddable":true,"href":"https:\/\/www.hvbio.com\/es\/wp-json\/wp\/v2\/product_brand?post=10235"},{"taxonomy":"product_cat","embeddable":true,"href":"https:\/\/www.hvbio.com\/es\/wp-json\/wp\/v2\/product_cat?post=10235"},{"taxonomy":"product_tag","embeddable":true,"href":"https:\/\/www.hvbio.com\/es\/wp-json\/wp\/v2\/product_tag?post=10235"}],"curies":[{"name":"wp","href":"https:\/\/api.w.org\/{rel}","templated":true}]}}