{"id":10288,"date":"2025-09-23T14:42:38","date_gmt":"2025-09-23T06:42:38","guid":{"rendered":"https:\/\/www.hvbio.com\/?post_type=product&#038;p=10288"},"modified":"2025-09-23T14:42:38","modified_gmt":"2025-09-23T06:42:38","slug":"rhodiola-rosea-total-triterpenes-i","status":"publish","type":"product","link":"https:\/\/www.hvbio.com\/es\/producto\/rhodiola-rosea-total-triterpenes-i\/","title":{"rendered":"Triterpenos totales de Rhodiola Rosea I"},"content":{"rendered":"<table>\n<thead>\n<tr>\n<th>Art\u00edculo<\/th>\n<th>Detalles<\/th>\n<\/tr>\n<\/thead>\n<tbody>\n<tr>\n<td><strong>Nombre del producto<\/strong><\/td>\n<td>Triterpenos totales de Rhodiola Rosea I<\/td>\n<\/tr>\n<tr>\n<td><strong>Pieza de extracci\u00f3n<\/strong><\/td>\n<td>Tub\u00e9rculos y rizomas de ra\u00edces subterr\u00e1neas de la\u00a0<em>Rhodiola rosea<\/em>\u00a0planta<\/td>\n<\/tr>\n<tr>\n<td><strong>Componentes principales<\/strong><\/td>\n<td>Salidroside, Rosavin<\/td>\n<\/tr>\n<tr>\n<td><strong>Apariencia<\/strong><\/td>\n<td>Polvo de color amarillo parduzco<\/td>\n<\/tr>\n<tr>\n<td><strong>M\u00e9todo de prueba<\/strong><\/td>\n<td>HPLC (cromatograf\u00eda l\u00edquida de alta resoluci\u00f3n)<\/td>\n<\/tr>\n<tr>\n<td><strong>Componentes qu\u00edmicos<\/strong><\/td>\n<td>Salidrosida, aglicona de salidrosida, prote\u00ednas, grasas, taninos, flavonoides<\/td>\n<\/tr>\n<tr>\n<td><strong>Solubilidad<\/strong><\/td>\n<td>Muy soluble en agua, f\u00e1cilmente soluble en metanol, soluble en etanol, escasamente soluble en \u00e9ter diet\u00edlico.<\/td>\n<\/tr>\n<\/tbody>\n<\/table>","protected":false},"excerpt":{"rendered":"<p>La salidrosida y la rosavina de la Rhodiola rosea son materias primas con efectos antioxidantes y blanqueadores de la piel.<\/p>","protected":false},"featured_media":10297,"comment_status":"closed","ping_status":"closed","template":"","meta":[],"product_brand":[],"product_cat":[17,23],"product_tag":[45],"class_list":{"0":"post-10288","1":"product","2":"type-product","3":"status-publish","4":"has-post-thumbnail","6":"product_cat-plant-extract","7":"product_cat-standard-extract","8":"product_tag-rhodiola-rosea-total-triterpenes-i","10":"first","11":"instock","12":"shipping-taxable","13":"product-type-simple"},"_links":{"self":[{"href":"https:\/\/www.hvbio.com\/es\/wp-json\/wp\/v2\/product\/10288","targetHints":{"allow":["GET"]}}],"collection":[{"href":"https:\/\/www.hvbio.com\/es\/wp-json\/wp\/v2\/product"}],"about":[{"href":"https:\/\/www.hvbio.com\/es\/wp-json\/wp\/v2\/types\/product"}],"replies":[{"embeddable":true,"href":"https:\/\/www.hvbio.com\/es\/wp-json\/wp\/v2\/comments?post=10288"}],"wp:featuredmedia":[{"embeddable":true,"href":"https:\/\/www.hvbio.com\/es\/wp-json\/wp\/v2\/media\/10297"}],"wp:attachment":[{"href":"https:\/\/www.hvbio.com\/es\/wp-json\/wp\/v2\/media?parent=10288"}],"wp:term":[{"taxonomy":"product_brand","embeddable":true,"href":"https:\/\/www.hvbio.com\/es\/wp-json\/wp\/v2\/product_brand?post=10288"},{"taxonomy":"product_cat","embeddable":true,"href":"https:\/\/www.hvbio.com\/es\/wp-json\/wp\/v2\/product_cat?post=10288"},{"taxonomy":"product_tag","embeddable":true,"href":"https:\/\/www.hvbio.com\/es\/wp-json\/wp\/v2\/product_tag?post=10288"}],"curies":[{"name":"wp","href":"https:\/\/api.w.org\/{rel}","templated":true}]}}