{"id":10322,"date":"2025-09-23T14:52:18","date_gmt":"2025-09-23T06:52:18","guid":{"rendered":"https:\/\/www.hvbio.com\/?post_type=product&#038;p=10322"},"modified":"2025-09-23T15:20:36","modified_gmt":"2025-09-23T07:20:36","slug":"honeysuckle-extract","status":"publish","type":"product","link":"https:\/\/www.hvbio.com\/es\/producto\/honeysuckle-extract\/","title":{"rendered":"Extracto de madreselva"},"content":{"rendered":"<div class=\"inter-jQQQ8P\">\n<div class=\"container-PrUkKo\">\n<div class=\"item-hGGxLi\">\n<div class=\"container-arOxqB chrome70-container\">\n<div class=\"inner-FyM8gE inner-item-f8P6nx\" data-target-id=\"message-box-target-id\" data-testid=\"union_message\">\n<div class=\"message-block-container-aFugD6\" data-testid=\"message-block-container\" data-ui-version=\"samantha\">\n<div class=\"flex flex-row w-full w-full max-w-full s-font-base text-s-color-text-secondary p-0 rounded-s-radius-s bg-transparent group data-[attr=select-mode]:-mt-10 data-[attr=select-mode]:py-10 data-[attr=select-mode]:px-16 data-[attr=select-mode]:sm:p-10 data-[attr=select-mode]:hover:bg-s-color-bg-base data-[attr=select-mode]:hover:rounded-s-radius-xs data-[attr=select-mode]:has-[:checked]:bg-s-color-bg-trans data-[attr=select-mode]:has-[:checked]:rounded-s-radius-xs data-[attr=select-mode]:pointer-events-none\" data-testid=\"receive_message\">\n<div class=\"flex flex-col flex-grow max-w-full min-w-0\">\n<div class=\"flex flex-row w-full\" data-testid=\"message_content\" data-message-id=\"21510823919947778\">\n<div class=\"w-full\" data-plugin-identifier=\"Symbol(infra:receive-message-box:text)\">\n<div class=\"container-ZYIsnH flow-markdown-body mdbox-theme-next theme-samantha-Nbr9UN\" dir=\"ltr\" data-testid=\"message_text_content\" data-show-indicator=\"false\">\n<div class=\"auto-hide-last-sibling-br mdbox-table-root table-container-GhL7Lo\" data-scroll-inline-overflow=\"false\" data-scroll-inline-at-start=\"true\" data-scroll-inline-start-overflow=\"false\" data-scroll-inline-at-end=\"true\" data-scroll-inline-end-overflow=\"false\">\n<div class=\"table-scroll-container-hgHkfW mdbox-table-scroll-container\">\n<table>\n<thead>\n<tr>\n<th>Art\u00edculo<\/th>\n<th>Detalles<\/th>\n<\/tr>\n<\/thead>\n<tbody>\n<tr>\n<td>Nombre del producto<\/td>\n<td>Extracto de madreselva<\/td>\n<\/tr>\n<tr>\n<td>Nombres alternativos<\/td>\n<td>Japanese Honeysuckle, Honeysuckle Vine, Silver Vine<\/td>\n<\/tr>\n<tr>\n<td>Nombre en lat\u00edn<\/td>\n<td>Lonicera Japonica<\/td>\n<\/tr>\n<tr>\n<td>Fuente vegetal<\/td>\n<td>Leaves of\u00a0<em>Lonicera japonica<\/em>\u00a0Thunb., a deciduous shrub belonging to the Caprifoliaceae family, Lonicera genus<\/p>\n<div class=\"container-utlnW2 md-box-line-break wrapper-d0Cc1k undefined\"><\/div>\n<div class=\"container-utlnW2 md-box-line-break wrapper-d0Cc1k undefined\"><\/div>\n<p><em>Note: There is an error in the original &#8220;plant source&#8221; (mentioned &#8220;seabuckthorn leaves&#8221;). The correct source of Honeysuckle Extract is the leaves of Lonicera japonica, not seabuckthorn (a plant of the Elaeagnaceae family).<\/em><\/td>\n<\/tr>\n<tr>\n<td>Ingrediente activo<\/td>\n<td>Chlorogenic Acid from Honeysuckle<\/td>\n<\/tr>\n<tr>\n<td>Origin of Raw Material<\/td>\n<td>Distributed throughout China, except Tibet<\/td>\n<\/tr>\n<tr>\n<td>Especificaci\u00f3n<\/td>\n<td>10:1; For other specifications, please contact customer service for consultation<\/td>\n<\/tr>\n<tr>\n<td>Character<\/td>\n<td>Brown powder, hygroscopic, easily soluble in water<\/td>\n<\/tr>\n<tr>\n<td>M\u00e9todo de detecci\u00f3n<\/td>\n<td>TLC (cromatograf\u00eda en capa fina)<\/td>\n<\/tr>\n<tr>\n<td>Color y car\u00e1cter<\/td>\n<td>polvo marr\u00f3n<\/td>\n<\/tr>\n<tr>\n<td>Tama\u00f1o de malla<\/td>\n<td>80-mesh sieve<\/td>\n<\/tr>\n<tr>\n<td>M\u00e9todo de embalaje<\/td>\n<td>Tambor de cart\u00f3n de 25 kg o bolsa de aluminio<\/td>\n<\/tr>\n<tr>\n<td>Condiciones de almacenamiento<\/td>\n<td>Debe sellarse y protegerse de la luz; almacenarse en un lugar seco, fresco y bien ventilado.<\/td>\n<\/tr>\n<tr>\n<td>Duraci\u00f3n<\/td>\n<td>24 meses<\/td>\n<\/tr>\n<tr>\n<td>Courier &amp; Logistics<\/td>\n<td>ZTO Express (generally arrives within 3 days); Logistics (generally arrives within 5 days)<\/td>\n<\/tr>\n<\/tbody>\n<\/table>\n<\/div>\n<\/div>\n<\/div>\n<\/div>\n<\/div>\n<div class=\"flex-row flex max-w-full min-w-0 flex-grow\">\n<div class=\"flex flex-col justify-end h-40 w-full select-none opacity-100\" data-testid=\"message_action_bar\">\n<div class=\"message-action-bar-ghR0JC flex flex-row w-full group\"><\/div>\n<\/div>\n<\/div>\n<\/div>\n<\/div>\n<\/div>\n<\/div>\n<\/div>\n<\/div>\n<\/div>\n<\/div>\n<div class=\"top-lAPxtl\">\n<div class=\"container-arOxqB chrome70-container\"><\/div>\n<\/div>","protected":false},"excerpt":{"rendered":"<ul class=\"auto-hide-last-sibling-br\">\n<li><strong>Nombre del producto<\/strong>Extracto de madreselva<\/li>\n<li><strong>Nombres alternativos<\/strong>: Madreselva japonesa, madreselva, vid plateada<\/li>\n<li><strong>Nombre en lat\u00edn<\/strong>: Lonicera jap\u00f3nica<\/li>\n<li><strong>Fuente vegetal<\/strong>: Leaves of Lonicera japonica Thunb., a deciduous shrub belonging to the Caprifoliaceae family and Lonicera genus (Note: There is an error in the original &#8220;plant source&#8221; description; the correct source of honeysuckle extract is the plant Lonicera japonica, not sea-buckthorn)<\/li>\n<li><strong>Ingrediente activo<\/strong>:\u00c1cido clorog\u00e9nico de madreselva<\/li>\n<li><strong>Origen de la materia prima<\/strong>:Distribuido en la mayor\u00eda de las regiones de China, excepto el T\u00edbet.<\/li>\n<li><strong>Especificaci\u00f3n<\/strong>: 10:1. Para otras especificaciones, p\u00f3ngase en contacto con el servicio de atenci\u00f3n al cliente para realizar una consulta.<\/li>\n<li><strong>Propiedades<\/strong>:Polvo marr\u00f3n, higrosc\u00f3pico, f\u00e1cilmente soluble en agua.<\/li>\n<li><strong>M\u00e9todo de prueba<\/strong>: TLC (cromatograf\u00eda en capa fina)<\/li>\n<li><strong>Tama\u00f1o de part\u00edcula<\/strong>:Pasa por un tamiz de malla 80<\/li>\n<li><strong>Embalaje<\/strong>:25 kg por tambor de papel o bolsa de papel de aluminio<\/li>\n<li><strong>Condiciones de almacenamiento<\/strong>:Debe sellarse y protegerse de la luz, almacenarse en un lugar seco, fresco y bien ventilado.<\/li>\n<li><strong>Duraci\u00f3n<\/strong>:24 meses<\/li>\n<\/ul>","protected":false},"featured_media":10323,"comment_status":"closed","ping_status":"closed","template":"","meta":[],"product_brand":[],"product_cat":[17,24],"product_tag":[],"class_list":{"0":"post-10322","1":"product","2":"type-product","3":"status-publish","4":"has-post-thumbnail","6":"product_cat-plant-extract","7":"product_cat-ratio-extract","9":"first","10":"instock","11":"shipping-taxable","12":"product-type-simple"},"_links":{"self":[{"href":"https:\/\/www.hvbio.com\/es\/wp-json\/wp\/v2\/product\/10322","targetHints":{"allow":["GET"]}}],"collection":[{"href":"https:\/\/www.hvbio.com\/es\/wp-json\/wp\/v2\/product"}],"about":[{"href":"https:\/\/www.hvbio.com\/es\/wp-json\/wp\/v2\/types\/product"}],"replies":[{"embeddable":true,"href":"https:\/\/www.hvbio.com\/es\/wp-json\/wp\/v2\/comments?post=10322"}],"wp:featuredmedia":[{"embeddable":true,"href":"https:\/\/www.hvbio.com\/es\/wp-json\/wp\/v2\/media\/10323"}],"wp:attachment":[{"href":"https:\/\/www.hvbio.com\/es\/wp-json\/wp\/v2\/media?parent=10322"}],"wp:term":[{"taxonomy":"product_brand","embeddable":true,"href":"https:\/\/www.hvbio.com\/es\/wp-json\/wp\/v2\/product_brand?post=10322"},{"taxonomy":"product_cat","embeddable":true,"href":"https:\/\/www.hvbio.com\/es\/wp-json\/wp\/v2\/product_cat?post=10322"},{"taxonomy":"product_tag","embeddable":true,"href":"https:\/\/www.hvbio.com\/es\/wp-json\/wp\/v2\/product_tag?post=10322"}],"curies":[{"name":"wp","href":"https:\/\/api.w.org\/{rel}","templated":true}]}}