{"id":10327,"date":"2025-09-23T15:03:36","date_gmt":"2025-09-23T07:03:36","guid":{"rendered":"https:\/\/www.hvbio.com\/?post_type=product&#038;p=10327"},"modified":"2025-09-23T15:04:18","modified_gmt":"2025-09-23T07:04:18","slug":"apple-cider-vinegar-powder","status":"publish","type":"product","link":"https:\/\/www.hvbio.com\/es\/producto\/apple-cider-vinegar-powder\/","title":{"rendered":"Vinagre de sidra de manzana en polvo"},"content":{"rendered":"<div class=\"inter-jQQQ8P\">\n<div class=\"container-PrUkKo\">\n<div class=\"item-hGGxLi\">\n<div class=\"container-arOxqB chrome70-container\">\n<div class=\"inner-FyM8gE inner-item-f8P6nx\" data-target-id=\"message-box-target-id\" data-testid=\"union_message\">\n<div class=\"message-block-container-aFugD6\" data-testid=\"message-block-container\" data-ui-version=\"samantha\">\n<div class=\"flex flex-row w-full w-full max-w-full s-font-base text-s-color-text-secondary p-0 rounded-s-radius-s bg-transparent group data-[attr=select-mode]:-mt-10 data-[attr=select-mode]:py-10 data-[attr=select-mode]:px-16 data-[attr=select-mode]:sm:p-10 data-[attr=select-mode]:hover:bg-s-color-bg-base data-[attr=select-mode]:hover:rounded-s-radius-xs data-[attr=select-mode]:has-[:checked]:bg-s-color-bg-trans data-[attr=select-mode]:has-[:checked]:rounded-s-radius-xs data-[attr=select-mode]:pointer-events-none\" data-testid=\"receive_message\">\n<div class=\"flex flex-col flex-grow max-w-full min-w-0\">\n<div class=\"flex flex-row w-full\" data-testid=\"message_content\" data-message-id=\"21504888632611842\">\n<div class=\"w-full\" data-plugin-identifier=\"Symbol(infra:receive-message-box:text)\">\n<div class=\"container-ZYIsnH flow-markdown-body mdbox-theme-next theme-samantha-Nbr9UN\" dir=\"ltr\" data-testid=\"message_text_content\" data-show-indicator=\"false\">\n<div class=\"auto-hide-last-sibling-br mdbox-table-root table-container-GhL7Lo\" data-scroll-inline-overflow=\"false\" data-scroll-inline-at-start=\"true\" data-scroll-inline-start-overflow=\"false\" data-scroll-inline-at-end=\"true\" data-scroll-inline-end-overflow=\"false\">\n<div class=\"table-scroll-container-hgHkfW mdbox-table-scroll-container\">\n<table style=\"height: 631px;\" width=\"1648\">\n<thead>\n<tr>\n<th>Art\u00edculo<\/th>\n<th>Descripci\u00f3n en ingl\u00e9s<\/th>\n<\/tr>\n<\/thead>\n<tbody>\n<tr>\n<td>Nombre del producto<\/td>\n<td>Vinagre de sidra de manzana en polvo<\/td>\n<\/tr>\n<tr>\n<td>Ingredientes principales<\/td>\n<td>\u00c1cidos org\u00e1nicos, ingredientes activos, nutrientes b\u00e1sicos.<\/td>\n<\/tr>\n<tr>\n<td>Fuente de extracci\u00f3n<\/td>\n<td>Los ingredientes se basan en los componentes naturales del vinagre de sidra de manzana y se puede agregar una peque\u00f1a cantidad de materiales auxiliares durante el procesamiento de acuerdo con la tecnolog\u00eda de producci\u00f3n.<\/td>\n<\/tr>\n<tr>\n<td>Tama\u00f1o de malla del producto<\/td>\n<td>98% pasa a trav\u00e9s de un tamiz de malla 80<\/td>\n<\/tr>\n<tr>\n<td>Apariencia<\/td>\n<td>Polvo suelto blanco, sin apelmazamiento y sin impurezas visibles a simple vista.<\/td>\n<\/tr>\n<tr>\n<td>M\u00e9todo de detecci\u00f3n<\/td>\n<td>HPLC (cromatograf\u00eda l\u00edquida de alta resoluci\u00f3n)\/UV (espectroscopia ultravioleta)<\/td>\n<\/tr>\n<tr>\n<td>Formas de dosificaci\u00f3n de aplicaci\u00f3n<\/td>\n<td>Amplia gama de aplicaciones<\/td>\n<\/tr>\n<tr>\n<td>Periodo de suministro<\/td>\n<td>Todo el a\u00f1o<\/td>\n<\/tr>\n<tr>\n<td>Almacenamiento<\/td>\n<td>Conservar en un recipiente herm\u00e9tico, en un lugar fresco, seco y oscuro, alejado de fuentes de calor y ambientes h\u00famedos.<\/td>\n<\/tr>\n<tr>\n<td>Duraci\u00f3n<\/td>\n<td>Dos a\u00f1os<\/td>\n<\/tr>\n<\/tbody>\n<\/table>\n<\/div>\n<\/div>\n<\/div>\n<\/div>\n<\/div>\n<div class=\"flex-row flex max-w-full min-w-0 flex-grow\">\n<div class=\"flex flex-col justify-end h-40 w-full select-none opacity-100\" data-testid=\"message_action_bar\">\n<div class=\"message-action-bar-ghR0JC flex flex-row w-full group\"><\/div>\n<\/div>\n<\/div>\n<div class=\"suggest-message-list-wrapper-Hn7Sfr\" data-testid=\"suggest_message_list\">\n<div class=\"suggest-list-item suggest-message-LJeEWd\" data-testid=\"suggest_message_item\"><\/div>\n<\/div>\n<\/div>\n<\/div>\n<\/div>\n<\/div>\n<\/div>\n<\/div>\n<\/div>\n<\/div>\n<div class=\"top-lAPxtl\">\n<div class=\"container-arOxqB chrome70-container\"><\/div>\n<\/div>","protected":false},"excerpt":{"rendered":"<div class=\"inter-jQQQ8P\">\n<div class=\"container-PrUkKo\">\n<div class=\"item-hGGxLi\">\n<div class=\"container-arOxqB chrome70-container\">\n<div class=\"inner-FyM8gE inner-item-f8P6nx\" data-target-id=\"message-box-target-id\" data-testid=\"union_message\">\n<div class=\"message-block-container-aFugD6\" data-testid=\"message-block-container\" data-ui-version=\"samantha\">\n<div class=\"flex flex-row w-full w-full max-w-full s-font-base text-s-color-text-secondary p-0 rounded-s-radius-s bg-transparent group data-[attr=select-mode]:-mt-10 data-[attr=select-mode]:py-10 data-[attr=select-mode]:px-16 data-[attr=select-mode]:sm:p-10 data-[attr=select-mode]:hover:bg-s-color-bg-base data-[attr=select-mode]:hover:rounded-s-radius-xs data-[attr=select-mode]:has-[:checked]:bg-s-color-bg-trans data-[attr=select-mode]:has-[:checked]:rounded-s-radius-xs data-[attr=select-mode]:pointer-events-none\" data-testid=\"receive_message\">\n<div class=\"flex flex-col flex-grow max-w-full min-w-0\">\n<div class=\"flex flex-row w-full\" data-testid=\"message_content\" data-message-id=\"21505272413496834\">\n<div class=\"w-full\" data-plugin-identifier=\"Symbol(infra:receive-message-box:text)\">\n<div class=\"container-ZYIsnH flow-markdown-body mdbox-theme-next theme-samantha-Nbr9UN\" dir=\"ltr\" data-testid=\"message_text_content\" data-show-indicator=\"false\">\n<h4 class=\"header-vfC6AV auto-hide-last-sibling-br\">Nombre del producto: Vinagre de sidra de manzana en polvo<\/h4>\n<h4 class=\"header-vfC6AV auto-hide-last-sibling-br\">Ingredientes principales<\/h4>\n<ul class=\"auto-hide-last-sibling-br\">\n<li>\n<h4>\u00c1cidos org\u00e1nicos<\/h4>\n<\/li>\n<li>\n<h4>Ingredientes activos<\/h4>\n<\/li>\n<li>\n<h4>Nutrientes b\u00e1sicos<\/h4>\n<\/li>\n<\/ul>\n<h4 class=\"header-vfC6AV auto-hide-last-sibling-br\">Fuente de extracci\u00f3n<\/h4>\n<h4 class=\"auto-hide-last-sibling-br paragraph-JOTKXA paragraph-element br-paragraph-space\">Los ingredientes se basan en los componentes naturales del vinagre de sidra de manzana. Se puede a\u00f1adir una peque\u00f1a cantidad de excipientes durante el proceso.<\/h4>\n<h4 class=\"header-vfC6AV auto-hide-last-sibling-br\">Tama\u00f1o de malla del producto<\/h4>\n<h4 class=\"auto-hide-last-sibling-br paragraph-JOTKXA paragraph-element br-paragraph-space\">98% del producto pasa a trav\u00e9s de un tamiz de malla 80.<\/h4>\n<h4 class=\"header-vfC6AV auto-hide-last-sibling-br\">Apariencia<\/h4>\n<h4 class=\"auto-hide-last-sibling-br paragraph-JOTKXA paragraph-element br-paragraph-space\">Polvo blanco, suelto, sin apelmazamiento ni impurezas visibles.<\/h4>\n<h4 class=\"header-vfC6AV auto-hide-last-sibling-br\">M\u00e9todo de detecci\u00f3n<\/h4>\n<h4 class=\"auto-hide-last-sibling-br paragraph-JOTKXA paragraph-element br-paragraph-space\">HPLC\/UV<\/h4>\n<h4 class=\"header-vfC6AV auto-hide-last-sibling-br\">Formas de dosificaci\u00f3n de aplicaci\u00f3n<\/h4>\n<h4 class=\"auto-hide-last-sibling-br paragraph-JOTKXA paragraph-element br-paragraph-space\">Ampliamente aplicable<\/h4>\n<h4 class=\"header-vfC6AV auto-hide-last-sibling-br\">Tiempo de suministro<\/h4>\n<h4 class=\"auto-hide-last-sibling-br paragraph-JOTKXA paragraph-element br-paragraph-space\">Disponible durante todo el a\u00f1o<\/h4>\n<h4 class=\"header-vfC6AV auto-hide-last-sibling-br\">Instrucciones de compra<\/h4>\n<h4 class=\"auto-hide-last-sibling-br paragraph-JOTKXA paragraph-element br-paragraph-space\">\u3010M\u00e9todo de embalaje\u301125 kg por tambor de papel o bolsa de papel de aluminio.<\/h4>\n<div class=\"container-utlnW2 md-box-line-break wrapper-d0Cc1k undefined\"><\/div>\n<h4 class=\"auto-hide-last-sibling-br paragraph-JOTKXA paragraph-element br-paragraph-space\">\u3010Condiciones de almacenamiento\u3011Sella y protege de la luz; almacena en un lugar seco, fresco y bien ventilado.<\/h4>\n<div class=\"container-utlnW2 md-box-line-break wrapper-d0Cc1k undefined\"><\/div>\n<h4 class=\"auto-hide-last-sibling-br paragraph-JOTKXA paragraph-element br-paragraph-space\">\u3010Vida \u00fatil\u30112 a\u00f1os<\/h4>\n<div class=\"container-utlnW2 md-box-line-break wrapper-d0Cc1k undefined\"><\/div>\n<h4 class=\"auto-hide-last-sibling-br paragraph-JOTKXA paragraph-element br-paragraph-space\">\u3010Muestra\u3011Generalmente, se proporcionan muestras de 5 a 20 g para la mayor\u00eda de los productos; se puede cobrar una tarifa de muestra para algunos productos.<\/h4>\n<div class=\"container-utlnW2 md-box-line-break wrapper-d0Cc1k undefined\"><\/div>\n<h4 class=\"auto-hide-last-sibling-br paragraph-JOTKXA paragraph-element br-paragraph-space\">\u3010Embalaje del producto\u3011Envasado en tambores de papel o bolsas de papel de aluminio (personalizables seg\u00fan los requisitos del cliente).<\/h4>\n<div class=\"container-utlnW2 md-box-line-break wrapper-d0Cc1k undefined\"><\/div>\n<h4 class=\"auto-hide-last-sibling-br paragraph-JOTKXA paragraph-element br-paragraph-space\">\u3010Tiempo de entrega\u3011Los productos no personalizados se enviar\u00e1n dentro de las 48 horas; el tiempo de entrega de los productos personalizados se ajustar\u00e1 seg\u00fan las necesidades reales.<\/h4>\n<div class=\"container-utlnW2 md-box-line-break wrapper-d0Cc1k undefined\"><\/div>\n<h4 class=\"auto-hide-last-sibling-br paragraph-JOTKXA paragraph-element br-paragraph-space\">\u3010M\u00e9todo de transporte\u3011Entrega expr\u00e9s nacional o log\u00edstica; la cotizaci\u00f3n incluye los costos de transporte.<\/h4>\n<\/div>\n<\/div>\n<\/div>\n<\/div>\n<\/div>\n<\/div>\n<\/div>\n<\/div>\n<\/div>\n<\/div>\n<\/div>","protected":false},"featured_media":10330,"comment_status":"closed","ping_status":"closed","template":"","meta":[],"product_brand":[],"product_cat":[17,24],"product_tag":[],"class_list":{"0":"post-10327","1":"product","2":"type-product","3":"status-publish","4":"has-post-thumbnail","6":"product_cat-plant-extract","7":"product_cat-ratio-extract","9":"first","10":"instock","11":"shipping-taxable","12":"product-type-simple"},"_links":{"self":[{"href":"https:\/\/www.hvbio.com\/es\/wp-json\/wp\/v2\/product\/10327","targetHints":{"allow":["GET"]}}],"collection":[{"href":"https:\/\/www.hvbio.com\/es\/wp-json\/wp\/v2\/product"}],"about":[{"href":"https:\/\/www.hvbio.com\/es\/wp-json\/wp\/v2\/types\/product"}],"replies":[{"embeddable":true,"href":"https:\/\/www.hvbio.com\/es\/wp-json\/wp\/v2\/comments?post=10327"}],"wp:featuredmedia":[{"embeddable":true,"href":"https:\/\/www.hvbio.com\/es\/wp-json\/wp\/v2\/media\/10330"}],"wp:attachment":[{"href":"https:\/\/www.hvbio.com\/es\/wp-json\/wp\/v2\/media?parent=10327"}],"wp:term":[{"taxonomy":"product_brand","embeddable":true,"href":"https:\/\/www.hvbio.com\/es\/wp-json\/wp\/v2\/product_brand?post=10327"},{"taxonomy":"product_cat","embeddable":true,"href":"https:\/\/www.hvbio.com\/es\/wp-json\/wp\/v2\/product_cat?post=10327"},{"taxonomy":"product_tag","embeddable":true,"href":"https:\/\/www.hvbio.com\/es\/wp-json\/wp\/v2\/product_tag?post=10327"}],"curies":[{"name":"wp","href":"https:\/\/api.w.org\/{rel}","templated":true}]}}