{"id":10345,"date":"2025-09-23T15:40:03","date_gmt":"2025-09-23T07:40:03","guid":{"rendered":"https:\/\/www.hvbio.com\/?post_type=product&#038;p=10345"},"modified":"2025-09-26T10:06:31","modified_gmt":"2025-09-26T02:06:31","slug":"garcinia-cambogia-50","status":"publish","type":"product","link":"https:\/\/www.hvbio.com\/es\/producto\/garcinia-cambogia-50\/","title":{"rendered":"Garcinia Cambogia 50%"},"content":{"rendered":"<table style=\"height: 420px;\" width=\"1641\">\n<thead>\n<tr>\n<th><strong>Art\u00edculo<\/strong><\/th>\n<th><strong>Descripci\u00f3n<\/strong><\/th>\n<\/tr>\n<\/thead>\n<tbody>\n<tr>\n<td><strong>Nombre del producto<\/strong><\/td>\n<td>Garcinia Cambogia 50%<\/td>\n<\/tr>\n<tr>\n<td><strong>Ingrediente principal<\/strong><\/td>\n<td>\u00c1cido hidroxic\u00edtrico (HCA). Es el componente activo principal y m\u00e1s estudiado del extracto de Garcinia Cambogia, y tambi\u00e9n la sustancia clave para su aplicaci\u00f3n en el campo de los suplementos diet\u00e9ticos.<\/td>\n<\/tr>\n<tr>\n<td><strong>Fuente de extracci\u00f3n<\/strong><\/td>\n<td>La materia prima de extracci\u00f3n son principalmente las partes a\u00e9reas secas de los frutos mencionados anteriormente.\u00a0<em>Epimedium<\/em>\u00a0plantas, con hojas como parte principal y bajo contenido en tallos.<\/td>\n<\/tr>\n<tr>\n<td><strong>Tama\u00f1o de malla del producto<\/strong><\/td>\n<td>98% pasa a trav\u00e9s de un tamiz de malla 80<\/td>\n<\/tr>\n<tr>\n<td><strong>Apariencia<\/strong><\/td>\n<td>Polvo fino blanco<\/td>\n<\/tr>\n<tr>\n<td><strong>M\u00e9todo de prueba<\/strong><\/td>\n<td>HPLC (cromatograf\u00eda l\u00edquida de alta resoluci\u00f3n)<\/td>\n<\/tr>\n<tr>\n<td><strong>Formas de dosificaci\u00f3n de aplicaci\u00f3n<\/strong><\/td>\n<td>Amplia gama de aplicaciones (por ejemplo, c\u00e1psulas, tabletas, polvos, bebidas funcionales, etc.)<\/td>\n<\/tr>\n<tr>\n<td><strong>Tiempo de suministro<\/strong><\/td>\n<td>Suministro anual<\/td>\n<\/tr>\n<tr>\n<td><strong>Almacenamiento<\/strong><\/td>\n<td>Conservar en recipiente herm\u00e9tico, colocar en un lugar fresco, seco y protegido de la luz, y mantener alejado de fuentes de calor y ambientes h\u00famedos.<\/td>\n<\/tr>\n<tr>\n<td><strong>Duraci\u00f3n<\/strong><\/td>\n<td>2 a\u00f1os<\/td>\n<\/tr>\n<\/tbody>\n<\/table>","protected":false},"excerpt":{"rendered":"<h4 class=\"header-vfC6AV auto-hide-last-sibling-br\">Nombre del producto: Garcinia Cambogia 50%<\/h4>\n<h4 class=\"header-vfC6AV auto-hide-last-sibling-br\">Fuente de extracci\u00f3n:<\/h4>\n<h4 class=\"auto-hide-last-sibling-br paragraph-JOTKXA paragraph-element br-paragraph-space\">La materia prima para la extracci\u00f3n son principalmente las partes a\u00e9reas secas de las mencionadas\u00a0<em>Epimedium<\/em>\u00a0plantas, con hojas como componente principal y un menor contenido en los tallos.<\/h4>\n<h4 class=\"header-vfC6AV auto-hide-last-sibling-br\">Tama\u00f1o de malla del producto:<\/h4>\n<h4 class=\"auto-hide-last-sibling-br paragraph-JOTKXA paragraph-element br-paragraph-space\">98% pasa a trav\u00e9s de un tamiz de malla 80.<\/h4>\n<h4 class=\"header-vfC6AV auto-hide-last-sibling-br\">Apariencia:<\/h4>\n<h4 class=\"auto-hide-last-sibling-br paragraph-JOTKXA paragraph-element br-paragraph-space\">Polvo fino blanco.<\/h4>\n<h4 class=\"header-vfC6AV auto-hide-last-sibling-br\">M\u00e9todo de prueba:<\/h4>\n<h4 class=\"auto-hide-last-sibling-br paragraph-JOTKXA paragraph-element br-paragraph-space\">HPLC (cromatograf\u00eda l\u00edquida de alta resoluci\u00f3n)<\/h4>","protected":false},"featured_media":10346,"comment_status":"closed","ping_status":"closed","template":"","meta":[],"product_brand":[],"product_cat":[17,23],"product_tag":[],"class_list":{"0":"post-10345","1":"product","2":"type-product","3":"status-publish","4":"has-post-thumbnail","6":"product_cat-plant-extract","7":"product_cat-standard-extract","9":"first","10":"instock","11":"shipping-taxable","12":"product-type-simple"},"_links":{"self":[{"href":"https:\/\/www.hvbio.com\/es\/wp-json\/wp\/v2\/product\/10345","targetHints":{"allow":["GET"]}}],"collection":[{"href":"https:\/\/www.hvbio.com\/es\/wp-json\/wp\/v2\/product"}],"about":[{"href":"https:\/\/www.hvbio.com\/es\/wp-json\/wp\/v2\/types\/product"}],"replies":[{"embeddable":true,"href":"https:\/\/www.hvbio.com\/es\/wp-json\/wp\/v2\/comments?post=10345"}],"wp:featuredmedia":[{"embeddable":true,"href":"https:\/\/www.hvbio.com\/es\/wp-json\/wp\/v2\/media\/10346"}],"wp:attachment":[{"href":"https:\/\/www.hvbio.com\/es\/wp-json\/wp\/v2\/media?parent=10345"}],"wp:term":[{"taxonomy":"product_brand","embeddable":true,"href":"https:\/\/www.hvbio.com\/es\/wp-json\/wp\/v2\/product_brand?post=10345"},{"taxonomy":"product_cat","embeddable":true,"href":"https:\/\/www.hvbio.com\/es\/wp-json\/wp\/v2\/product_cat?post=10345"},{"taxonomy":"product_tag","embeddable":true,"href":"https:\/\/www.hvbio.com\/es\/wp-json\/wp\/v2\/product_tag?post=10345"}],"curies":[{"name":"wp","href":"https:\/\/api.w.org\/{rel}","templated":true}]}}