{"id":10428,"date":"2025-10-14T15:05:56","date_gmt":"2025-10-14T07:05:56","guid":{"rendered":"https:\/\/www.hvbio.com\/?post_type=product&#038;p=10428"},"modified":"2025-10-14T15:05:57","modified_gmt":"2025-10-14T07:05:57","slug":"chlorella-powder","status":"publish","type":"product","link":"https:\/\/www.hvbio.com\/es\/producto\/chlorella-powder\/","title":{"rendered":"Polvo de clorella"},"content":{"rendered":"<table style=\"height: 436px;\" width=\"1834\">\n<thead>\n<tr>\n<th>Art\u00edculo<\/th>\n<th>Descripci\u00f3n<\/th>\n<\/tr>\n<\/thead>\n<tbody>\n<tr>\n<td>Nombre del producto<\/td>\n<td>Polvo de clorella<\/td>\n<\/tr>\n<tr>\n<td>Ingredientes principales<\/td>\n<td>Protein, Chlorophyll, Vitamins, Minerals, Polysaccharides, Fatty Acids<\/td>\n<\/tr>\n<tr>\n<td>Fuente de extracci\u00f3n<\/td>\n<td>Extra\u00eddo de\u00a0<em>Chlorella pyrenoidosa<\/em>, a spherical unicellular green alga with a diameter of 3 &#8211; 5 \u03bcm, widely distributed, fast &#8211; reproducing, and high in nutrients such as protein, being the mainstream raw material for extracting chlorella powder<\/td>\n<\/tr>\n<tr>\n<td>Tama\u00f1o de malla del producto<\/td>\n<td>98% passes through 80 &#8211; mesh sieve<\/td>\n<\/tr>\n<tr>\n<td>Apariencia<\/td>\n<td>Dark green fine powder<\/td>\n<\/tr>\n<tr>\n<td>M\u00e9todo de detecci\u00f3n<\/td>\n<td>TLC (cromatograf\u00eda en capa fina)<\/td>\n<\/tr>\n<tr>\n<td>Formas de dosificaci\u00f3n de aplicaci\u00f3n<\/td>\n<td>Extenso<\/td>\n<\/tr>\n<tr>\n<td>Tiempo de suministro<\/td>\n<td>Todo el a\u00f1o<\/td>\n<\/tr>\n<tr>\n<td>Almacenamiento<\/td>\n<td>Store in a sealed container, keep in a cool, dry, and light &#8211; proof place, away from heat sources and humid environments<\/td>\n<\/tr>\n<tr>\n<td>Duraci\u00f3n<\/td>\n<td>Dos a\u00f1os<\/td>\n<\/tr>\n<\/tbody>\n<\/table>","protected":false},"excerpt":{"rendered":"<h4 class=\"header-vfC6AV auto-hide-last-sibling-br\">Product Name: Chlorella Powder<\/h4>\n<h4 class=\"header-vfC6AV auto-hide-last-sibling-br\">Ingredientes principales:<\/h4>\n<h4 class=\"auto-hide-last-sibling-br paragraph-JOTKXA paragraph-element br-paragraph-space\">Protein, Chlorophyll, Vitamins, Minerals, Polysaccharides, Fatty Acids<\/h4>\n<h4 class=\"header-vfC6AV auto-hide-last-sibling-br\">Fuente de extracci\u00f3n:<\/h4>\n<h4 class=\"auto-hide-last-sibling-br paragraph-JOTKXA paragraph-element br-paragraph-space\">Extra\u00eddo de\u00a0<em>Chlorella pyrenoidosa<\/em>\u00a0\u2014 a spherical unicellular green alga with a diameter of 3-5 \u03bcm. It is widely distributed, reproduces rapidly, and has a high content of nutrients such as protein, making it the mainstream raw material for extracting chlorella powder.<\/h4>\n<h4 class=\"header-vfC6AV auto-hide-last-sibling-br\">Tama\u00f1o de malla del producto:<\/h4>\n<h4 class=\"auto-hide-last-sibling-br paragraph-JOTKXA paragraph-element br-paragraph-space\">98% pasa a trav\u00e9s de un tamiz de malla 80<\/h4>\n<h4 class=\"header-vfC6AV auto-hide-last-sibling-br\">Apariencia:<\/h4>\n<h4 class=\"auto-hide-last-sibling-br paragraph-JOTKXA paragraph-element br-paragraph-space\">Dark green fine powder<\/h4>\n<h4 class=\"header-vfC6AV auto-hide-last-sibling-br\">M\u00e9todo de detecci\u00f3n:<\/h4>\n<h4 class=\"auto-hide-last-sibling-br paragraph-JOTKXA paragraph-element br-paragraph-space\">TLC (cromatograf\u00eda en capa fina)<\/h4>\n<h4 class=\"header-vfC6AV auto-hide-last-sibling-br\">Formas de dosificaci\u00f3n de aplicaci\u00f3n:<\/h4>\n<h4 class=\"auto-hide-last-sibling-br paragraph-JOTKXA paragraph-element br-paragraph-space\">Ampliamente aplicable<\/h4>\n<h4 class=\"header-vfC6AV auto-hide-last-sibling-br\">Tiempo de suministro:<\/h4>\n<h4 class=\"auto-hide-last-sibling-br paragraph-JOTKXA paragraph-element br-paragraph-space\">Todo el a\u00f1o<\/h4>\n<h4 class=\"header-vfC6AV auto-hide-last-sibling-br\">Notas de compra<\/h4>\n<ul class=\"auto-hide-last-sibling-br\">\n<li>\n<h4><strong>M\u00e9todo de embalaje<\/strong>:25 kg por tambor de fibra o bolsa de papel de aluminio; el embalaje se puede ajustar seg\u00fan las condiciones reales.<\/h4>\n<\/li>\n<li>\n<h4><strong>Condiciones de almacenamiento<\/strong>:Debe conservarse sellado y protegido de la luz, almacenado en un lugar seco, fresco y bien ventilado.<\/h4>\n<\/li>\n<li>\n<h4><strong>Duraci\u00f3n<\/strong>: 2 a\u00f1os<\/h4>\n<\/li>\n<li>\n<h4><strong>Disposici\u00f3n de muestra<\/strong>:Generalmente, se proporcionan entre 5 y 20 g de muestras peque\u00f1as para la mayor\u00eda de los productos; se cobra una tarifa de muestra para algunos productos.<\/h4>\n<\/li>\n<li>\n<h4><strong>Embalaje del producto<\/strong>:Envasado en tambores de fibra o bolsas de papel de aluminio (embalaje personalizable disponible a pedido del cliente).<\/h4>\n<\/li>\n<li>\n<h4><strong>El tiempo de entrega<\/strong>:Los productos no personalizados se enviar\u00e1n dentro de las 48 horas; el tiempo de entrega de los productos personalizados se ajustar\u00e1 seg\u00fan los requisitos reales.<\/h4>\n<\/li>\n<li>\n<h4><strong>M\u00e9todo de transporte<\/strong>:Env\u00edo expr\u00e9s nacional o log\u00edstica, el precio cotizado incluye los gastos de transporte.<\/h4>\n<\/li>\n<\/ul>","protected":false},"featured_media":10429,"comment_status":"closed","ping_status":"closed","template":"","meta":[],"product_brand":[],"product_cat":[18,19],"product_tag":[],"class_list":{"0":"post-10428","1":"product","2":"type-product","3":"status-publish","4":"has-post-thumbnail","6":"product_cat-fruit-and-vegetable-powder","7":"product_cat-vegetable-powders","9":"first","10":"instock","11":"shipping-taxable","12":"product-type-simple"},"_links":{"self":[{"href":"https:\/\/www.hvbio.com\/es\/wp-json\/wp\/v2\/product\/10428","targetHints":{"allow":["GET"]}}],"collection":[{"href":"https:\/\/www.hvbio.com\/es\/wp-json\/wp\/v2\/product"}],"about":[{"href":"https:\/\/www.hvbio.com\/es\/wp-json\/wp\/v2\/types\/product"}],"replies":[{"embeddable":true,"href":"https:\/\/www.hvbio.com\/es\/wp-json\/wp\/v2\/comments?post=10428"}],"wp:featuredmedia":[{"embeddable":true,"href":"https:\/\/www.hvbio.com\/es\/wp-json\/wp\/v2\/media\/10429"}],"wp:attachment":[{"href":"https:\/\/www.hvbio.com\/es\/wp-json\/wp\/v2\/media?parent=10428"}],"wp:term":[{"taxonomy":"product_brand","embeddable":true,"href":"https:\/\/www.hvbio.com\/es\/wp-json\/wp\/v2\/product_brand?post=10428"},{"taxonomy":"product_cat","embeddable":true,"href":"https:\/\/www.hvbio.com\/es\/wp-json\/wp\/v2\/product_cat?post=10428"},{"taxonomy":"product_tag","embeddable":true,"href":"https:\/\/www.hvbio.com\/es\/wp-json\/wp\/v2\/product_tag?post=10428"}],"curies":[{"name":"wp","href":"https:\/\/api.w.org\/{rel}","templated":true}]}}