{"id":10433,"date":"2025-10-14T15:16:20","date_gmt":"2025-10-14T07:16:20","guid":{"rendered":"https:\/\/www.hvbio.com\/?post_type=product&#038;p=10433"},"modified":"2025-10-14T15:16:20","modified_gmt":"2025-10-14T07:16:20","slug":"devils-claw-extract","status":"publish","type":"product","link":"https:\/\/www.hvbio.com\/es\/producto\/devils-claw-extract\/","title":{"rendered":"Devil&#8217;s Claw Extract\u00a0"},"content":{"rendered":"<table style=\"height: 399px;\" width=\"1205\">\n<thead>\n<tr>\n<th>Art\u00edculo<\/th>\n<th>Descripci\u00f3n<\/th>\n<\/tr>\n<\/thead>\n<tbody>\n<tr>\n<td>Nombre del producto<\/td>\n<td>Devil&#8217;s Claw Extract<\/td>\n<\/tr>\n<tr>\n<td>Nombres alternativos<\/td>\n<td>Claw Hook Grass, South African Devil&#8217;s Claw, Devil&#8217;s Claw<\/td>\n<\/tr>\n<tr>\n<td>Ingredientes principales<\/td>\n<td>Iridoid glycosides, Phenolic acid compounds<\/td>\n<\/tr>\n<tr>\n<td>Fuente de extracci\u00f3n<\/td>\n<td>This product is derived from the roots of\u00a0<em>Harpagophytum procumbens<\/em>\u00a0(a perennial herb of the Pedaliaceae family) native to southern Africa<\/td>\n<\/tr>\n<tr>\n<td>Tama\u00f1o de malla del producto<\/td>\n<td>98% pasa a trav\u00e9s de un tamiz de malla 80<\/td>\n<\/tr>\n<tr>\n<td>Apariencia<\/td>\n<td>polvo marr\u00f3n<\/td>\n<\/tr>\n<tr>\n<td>M\u00e9todo de detecci\u00f3n<\/td>\n<td>TLC (cromatograf\u00eda en capa fina)<\/td>\n<\/tr>\n<tr>\n<td>Formas de dosificaci\u00f3n de aplicaci\u00f3n<\/td>\n<td>Ampliamente aplicable<\/td>\n<\/tr>\n<tr>\n<td>Tiempo de suministro<\/td>\n<td>Todo el a\u00f1o<\/td>\n<\/tr>\n<tr>\n<td>Almacenamiento<\/td>\n<td>Conservar en recipiente herm\u00e9tico, conservar en lugar fresco, seco y protegido de la luz, alejado de fuentes de calor y ambientes h\u00famedos.<\/td>\n<\/tr>\n<tr>\n<td>Duraci\u00f3n<\/td>\n<td>Dos a\u00f1os<\/td>\n<\/tr>\n<\/tbody>\n<\/table>","protected":false},"excerpt":{"rendered":"<h4 class=\"header-vfC6AV auto-hide-last-sibling-br\">Product Name: Devil&#8217;s Claw Extract<\/h4>\n<h4 class=\"header-vfC6AV auto-hide-last-sibling-br\">Nombres alternativos:<\/h4>\n<h4 class=\"auto-hide-last-sibling-br paragraph-JOTKXA paragraph-element br-paragraph-space\">Claw Hook Grass, South African Devil&#8217;s Claw, Devil&#8217;s Claw<\/h4>\n<h4 class=\"header-vfC6AV auto-hide-last-sibling-br\">Ingredientes principales:<\/h4>\n<h4 class=\"auto-hide-last-sibling-br paragraph-JOTKXA paragraph-element br-paragraph-space\">Iridoid glycosides, Phenolic acid compounds<\/h4>\n<h4 class=\"header-vfC6AV auto-hide-last-sibling-br\">Fuente de extracci\u00f3n:<\/h4>\n<h4 class=\"auto-hide-last-sibling-br paragraph-JOTKXA paragraph-element br-paragraph-space\">This product is derived from the roots of\u00a0<em>Harpagophytum procumbens<\/em>\u00a0\u2014 a perennial herb of the Pedaliaceae family native to southern Africa.<\/h4>\n<h4 class=\"header-vfC6AV auto-hide-last-sibling-br\">Tama\u00f1o de malla del producto:<\/h4>\n<h4 class=\"auto-hide-last-sibling-br paragraph-JOTKXA paragraph-element br-paragraph-space\">98% pasa a trav\u00e9s de un tamiz de malla 80<\/h4>\n<h4 class=\"header-vfC6AV auto-hide-last-sibling-br\">Apariencia:<\/h4>\n<h4 class=\"auto-hide-last-sibling-br paragraph-JOTKXA paragraph-element br-paragraph-space\">polvo marr\u00f3n<\/h4>\n<h4 class=\"header-vfC6AV auto-hide-last-sibling-br\">M\u00e9todo de detecci\u00f3n:<\/h4>\n<h4 class=\"auto-hide-last-sibling-br paragraph-JOTKXA paragraph-element br-paragraph-space\">TLC (cromatograf\u00eda en capa fina)<\/h4>\n<h4 class=\"header-vfC6AV auto-hide-last-sibling-br\">Formas de dosificaci\u00f3n de aplicaci\u00f3n:<\/h4>\n<h4 class=\"auto-hide-last-sibling-br paragraph-JOTKXA paragraph-element br-paragraph-space\">Ampliamente aplicable<\/h4>\n<h4 class=\"header-vfC6AV auto-hide-last-sibling-br\">Tiempo de suministro:<\/h4>\n<h4 class=\"auto-hide-last-sibling-br paragraph-JOTKXA paragraph-element br-paragraph-space\">Todo el a\u00f1o<\/h4>\n<h4 class=\"header-vfC6AV auto-hide-last-sibling-br\">Notas de compra<\/h4>\n<ul class=\"auto-hide-last-sibling-br\">\n<li>\n<h4><strong>M\u00e9todo de embalaje<\/strong>:25 kg por tambor de fibra o bolsa de papel de aluminio; el embalaje se puede ajustar seg\u00fan las condiciones reales.<\/h4>\n<\/li>\n<li>\n<h4><strong>Condiciones de almacenamiento<\/strong>:Debe conservarse sellado y protegido de la luz, almacenado en un lugar seco, fresco y bien ventilado.<\/h4>\n<\/li>\n<li>\n<h4><strong>Duraci\u00f3n<\/strong>: 2 a\u00f1os<\/h4>\n<\/li>\n<li>\n<h4><strong>Disposici\u00f3n de muestra<\/strong>:Generalmente, se proporcionan entre 5 y 20 g de muestras peque\u00f1as para la mayor\u00eda de los productos; se cobra una tarifa de muestra para algunos productos.<\/h4>\n<\/li>\n<li>\n<h4><strong>Embalaje del producto<\/strong>:Envasado en tambores de fibra o bolsas de papel de aluminio (embalaje personalizable disponible a pedido del cliente).<\/h4>\n<\/li>\n<li>\n<h4><strong>El tiempo de entrega<\/strong>:Los productos no personalizados se enviar\u00e1n dentro de las 48 horas; el tiempo de entrega de los productos personalizados se ajustar\u00e1 seg\u00fan los requisitos reales.<\/h4>\n<\/li>\n<li>\n<h4><strong>M\u00e9todo de transporte<\/strong>:Env\u00edo expr\u00e9s nacional o log\u00edstica, el precio cotizado incluye los gastos de transporte.<\/h4>\n<\/li>\n<\/ul>","protected":false},"featured_media":10434,"comment_status":"closed","ping_status":"closed","template":"","meta":[],"product_brand":[],"product_cat":[17,24],"product_tag":[],"class_list":{"0":"post-10433","1":"product","2":"type-product","3":"status-publish","4":"has-post-thumbnail","6":"product_cat-plant-extract","7":"product_cat-ratio-extract","9":"first","10":"instock","11":"shipping-taxable","12":"product-type-simple"},"_links":{"self":[{"href":"https:\/\/www.hvbio.com\/es\/wp-json\/wp\/v2\/product\/10433","targetHints":{"allow":["GET"]}}],"collection":[{"href":"https:\/\/www.hvbio.com\/es\/wp-json\/wp\/v2\/product"}],"about":[{"href":"https:\/\/www.hvbio.com\/es\/wp-json\/wp\/v2\/types\/product"}],"replies":[{"embeddable":true,"href":"https:\/\/www.hvbio.com\/es\/wp-json\/wp\/v2\/comments?post=10433"}],"wp:featuredmedia":[{"embeddable":true,"href":"https:\/\/www.hvbio.com\/es\/wp-json\/wp\/v2\/media\/10434"}],"wp:attachment":[{"href":"https:\/\/www.hvbio.com\/es\/wp-json\/wp\/v2\/media?parent=10433"}],"wp:term":[{"taxonomy":"product_brand","embeddable":true,"href":"https:\/\/www.hvbio.com\/es\/wp-json\/wp\/v2\/product_brand?post=10433"},{"taxonomy":"product_cat","embeddable":true,"href":"https:\/\/www.hvbio.com\/es\/wp-json\/wp\/v2\/product_cat?post=10433"},{"taxonomy":"product_tag","embeddable":true,"href":"https:\/\/www.hvbio.com\/es\/wp-json\/wp\/v2\/product_tag?post=10433"}],"curies":[{"name":"wp","href":"https:\/\/api.w.org\/{rel}","templated":true}]}}