{"id":10454,"date":"2025-10-14T16:53:42","date_gmt":"2025-10-14T08:53:42","guid":{"rendered":"https:\/\/www.hvbio.com\/?post_type=product&#038;p=10454"},"modified":"2025-10-14T17:01:34","modified_gmt":"2025-10-14T09:01:34","slug":"yerba-mate-extract","status":"publish","type":"product","link":"https:\/\/www.hvbio.com\/es\/producto\/yerba-mate-extract\/","title":{"rendered":"Extracto de yerba mate"},"content":{"rendered":"<table>\n<thead>\n<tr>\n<th>Art\u00edculo<\/th>\n<th>Descripci\u00f3n<\/th>\n<\/tr>\n<\/thead>\n<tbody>\n<tr>\n<td>Nombre del producto<\/td>\n<td>Extracto de yerba mate<\/td>\n<\/tr>\n<tr>\n<td>Nombre chino<\/td>\n<td>Extracto de yerba mate<\/td>\n<\/tr>\n<tr>\n<td>Fuente de extracci\u00f3n<\/td>\n<td>Hojas secas de\u00a0<em>Ilex paraguariensis<\/em>\u00a0(un arbusto de hoja perenne perteneciente a la familia Aquifoliaceae)<\/td>\n<\/tr>\n<tr>\n<td>Apariencia del producto<\/td>\n<td>polvo marr\u00f3n<\/td>\n<\/tr>\n<tr>\n<td>M\u00e9todo de prueba<\/td>\n<td>TLC<\/td>\n<\/tr>\n<tr>\n<td>Tama\u00f1o de malla del producto<\/td>\n<td>98% pasa a trav\u00e9s de un tamiz de malla 80<\/td>\n<\/tr>\n<tr>\n<td>Condiciones de almacenamiento<\/td>\n<td>Este producto debe estar sellado, protegido de la luz y de las altas temperaturas y almacenado en un lugar seco, fresco y bien ventilado.<\/td>\n<\/tr>\n<tr>\n<td>M\u00e9todo de embalaje<\/td>\n<td>\u2013 Mercanc\u00eda a granel: 25 kg por tambor de papel<\/p>\n<div class=\"container-utlnW2 md-box-line-break wrapper-d0Cc1k undefined\"><\/div>\n<p>\u2013 Muestras peque\u00f1as: 1 kg por bolsa de papel de aluminio<\/p>\n<div class=\"container-utlnW2 md-box-line-break wrapper-d0Cc1k undefined\"><\/div>\n<p>\u2013 Tambi\u00e9n est\u00e1n disponibles embalajes personalizados a petici\u00f3n del cliente.<\/td>\n<\/tr>\n<tr>\n<td>M\u00e9todo de transporte<\/td>\n<td>Servicio de mensajer\u00eda o log\u00edstica.<\/p>\n<div class=\"container-utlnW2 md-box-line-break wrapper-d0Cc1k undefined\"><\/div>\n<p>\u2013 Mensajer\u00eda nacional: Entrega en 3 d\u00edas<\/p>\n<div class=\"container-utlnW2 md-box-line-break wrapper-d0Cc1k undefined\"><\/div>\n<p>\u2013 Log\u00edstica: Entrega en 5 d\u00edas<\/p>\n<div class=\"container-utlnW2 md-box-line-break wrapper-d0Cc1k undefined\"><\/div>\n<p>\u2013 Los costos de transporte nacional generalmente est\u00e1n incluidos en la cotizaci\u00f3n.<\/td>\n<\/tr>\n<tr>\n<td>Duraci\u00f3n<\/td>\n<td>2 a\u00f1os<\/td>\n<\/tr>\n<\/tbody>\n<\/table>","protected":false},"excerpt":{"rendered":"<p>Extracto de yerba mate, extracto de t\u00e9 de Paraguay<\/p>\n<div class=\"container-utlnW2 md-box-line-break wrapper-d0Cc1k undefined\"><\/div>","protected":false},"featured_media":10455,"comment_status":"closed","ping_status":"closed","template":"","meta":[],"product_brand":[],"product_cat":[24,17],"product_tag":[51],"class_list":{"0":"post-10454","1":"product","2":"type-product","3":"status-publish","4":"has-post-thumbnail","6":"product_cat-ratio-extract","7":"product_cat-plant-extract","8":"product_tag-yerba-mate-extract","10":"first","11":"instock","12":"shipping-taxable","13":"product-type-simple"},"_links":{"self":[{"href":"https:\/\/www.hvbio.com\/es\/wp-json\/wp\/v2\/product\/10454","targetHints":{"allow":["GET"]}}],"collection":[{"href":"https:\/\/www.hvbio.com\/es\/wp-json\/wp\/v2\/product"}],"about":[{"href":"https:\/\/www.hvbio.com\/es\/wp-json\/wp\/v2\/types\/product"}],"replies":[{"embeddable":true,"href":"https:\/\/www.hvbio.com\/es\/wp-json\/wp\/v2\/comments?post=10454"}],"wp:featuredmedia":[{"embeddable":true,"href":"https:\/\/www.hvbio.com\/es\/wp-json\/wp\/v2\/media\/10455"}],"wp:attachment":[{"href":"https:\/\/www.hvbio.com\/es\/wp-json\/wp\/v2\/media?parent=10454"}],"wp:term":[{"taxonomy":"product_brand","embeddable":true,"href":"https:\/\/www.hvbio.com\/es\/wp-json\/wp\/v2\/product_brand?post=10454"},{"taxonomy":"product_cat","embeddable":true,"href":"https:\/\/www.hvbio.com\/es\/wp-json\/wp\/v2\/product_cat?post=10454"},{"taxonomy":"product_tag","embeddable":true,"href":"https:\/\/www.hvbio.com\/es\/wp-json\/wp\/v2\/product_tag?post=10454"}],"curies":[{"name":"wp","href":"https:\/\/api.w.org\/{rel}","templated":true}]}}