{"id":10460,"date":"2025-10-15T16:48:09","date_gmt":"2025-10-15T08:48:09","guid":{"rendered":"https:\/\/www.hvbio.com\/?post_type=product&#038;p=10460"},"modified":"2025-10-15T16:48:09","modified_gmt":"2025-10-15T08:48:09","slug":"persimmon-powder","status":"publish","type":"product","link":"https:\/\/www.hvbio.com\/es\/producto\/persimmon-powder\/","title":{"rendered":"Polvo de caqui"},"content":{"rendered":"<table>\n<thead>\n<tr>\n<th>Categor\u00eda<\/th>\n<th>Detalles<\/th>\n<\/tr>\n<\/thead>\n<tbody>\n<tr>\n<td><strong>Nombre del producto<\/strong><\/td>\n<td>Polvo de caqui<\/td>\n<\/tr>\n<tr>\n<td><strong>Pieza usada<\/strong><\/td>\n<td>Persimmon<\/td>\n<\/tr>\n<tr>\n<td><strong>Introducci\u00f3n del producto<\/strong><\/td>\n<td>Made from persimmons, processed using the currently advanced spray drying technology.<\/td>\n<\/tr>\n<tr>\n<td><strong>Caracter\u00edsticas<\/strong><\/td>\n<td>Yellow powder, tested by TLC (Thin Layer Chromatography).<\/td>\n<\/tr>\n<tr>\n<td><strong>Tama\u00f1o de malla del producto<\/strong><\/td>\n<td>98% pasa a trav\u00e9s de un tamiz de malla 80<\/td>\n<\/tr>\n<tr>\n<td><strong>M\u00e9todo de embalaje<\/strong><\/td>\n<td>25 kg por tambor de papel o bolsa de papel de aluminio<\/td>\n<\/tr>\n<tr>\n<td><strong>Condiciones de almacenamiento<\/strong><\/td>\n<td>Debe sellarse y protegerse de la luz, almacenarse en un lugar seco, fresco y bien ventilado.<\/td>\n<\/tr>\n<tr>\n<td><strong>Duraci\u00f3n<\/strong><\/td>\n<td>2 a\u00f1os<\/td>\n<\/tr>\n<\/tbody>\n<\/table>","protected":false},"excerpt":{"rendered":"<p>Detalles de la categor\u00eda Nombre del producto Polvo de caqui Parte utilizada Caqui Introducci\u00f3n del producto Hecho de caquis, procesado utilizando el sistema de pulverizaci\u00f3n avanzado<\/p>","protected":false},"featured_media":10461,"comment_status":"closed","ping_status":"closed","template":"","meta":[],"product_brand":[],"product_cat":[24,17],"product_tag":[],"class_list":{"0":"post-10460","1":"product","2":"type-product","3":"status-publish","4":"has-post-thumbnail","6":"product_cat-ratio-extract","7":"product_cat-plant-extract","9":"first","10":"instock","11":"shipping-taxable","12":"product-type-simple"},"_links":{"self":[{"href":"https:\/\/www.hvbio.com\/es\/wp-json\/wp\/v2\/product\/10460","targetHints":{"allow":["GET"]}}],"collection":[{"href":"https:\/\/www.hvbio.com\/es\/wp-json\/wp\/v2\/product"}],"about":[{"href":"https:\/\/www.hvbio.com\/es\/wp-json\/wp\/v2\/types\/product"}],"replies":[{"embeddable":true,"href":"https:\/\/www.hvbio.com\/es\/wp-json\/wp\/v2\/comments?post=10460"}],"wp:featuredmedia":[{"embeddable":true,"href":"https:\/\/www.hvbio.com\/es\/wp-json\/wp\/v2\/media\/10461"}],"wp:attachment":[{"href":"https:\/\/www.hvbio.com\/es\/wp-json\/wp\/v2\/media?parent=10460"}],"wp:term":[{"taxonomy":"product_brand","embeddable":true,"href":"https:\/\/www.hvbio.com\/es\/wp-json\/wp\/v2\/product_brand?post=10460"},{"taxonomy":"product_cat","embeddable":true,"href":"https:\/\/www.hvbio.com\/es\/wp-json\/wp\/v2\/product_cat?post=10460"},{"taxonomy":"product_tag","embeddable":true,"href":"https:\/\/www.hvbio.com\/es\/wp-json\/wp\/v2\/product_tag?post=10460"}],"curies":[{"name":"wp","href":"https:\/\/api.w.org\/{rel}","templated":true}]}}