{"id":10468,"date":"2025-10-15T16:58:52","date_gmt":"2025-10-15T08:58:52","guid":{"rendered":"https:\/\/www.hvbio.com\/?post_type=product&#038;p=10468"},"modified":"2025-10-15T16:58:52","modified_gmt":"2025-10-15T08:58:52","slug":"fucoxanthin-10","status":"publish","type":"product","link":"https:\/\/www.hvbio.com\/es\/producto\/fucoxanthin-10\/","title":{"rendered":"Fucoxantina 10%"},"content":{"rendered":"<table style=\"height: 461px;\" width=\"1832\">\n<thead>\n<tr>\n<th><strong>Art\u00edculo<\/strong><\/th>\n<th><strong>Descripci\u00f3n<\/strong><\/th>\n<\/tr>\n<\/thead>\n<tbody>\n<tr>\n<td>Nombre del producto<\/td>\n<td>Fucoxantina 10%<\/td>\n<\/tr>\n<tr>\n<td>Synonyms<\/td>\n<td>Fucoxanthin; Brown Algae Pigment; Fucoxanthine<\/td>\n<\/tr>\n<tr>\n<td>Componente principal<\/td>\n<td>Fucoxanthin, an orange-yellow carotenoid belonging to the xanthophyll class.<\/td>\n<\/tr>\n<tr>\n<td>Fuente de extracci\u00f3n<\/td>\n<td>Mainly derived from brown algae such as kelp, wakame, and Sargassum fusiforme, as well as algae like diatoms, chrysophytes, and yellow-green algae. It is also partially sourced from marine phytoplankton and aquatic shellfish. In actual production, common raw materials include kelp fronds and Sargassum pallidum thalli (from the Sargassaceae family).<\/td>\n<\/tr>\n<tr>\n<td>Tama\u00f1o de part\u00edcula<\/td>\n<td>98% through 80-mesh sieve<\/td>\n<\/tr>\n<tr>\n<td>Apariencia<\/td>\n<td>Polvo marr\u00f3n<\/td>\n<\/tr>\n<tr>\n<td>M\u00e9todo de detecci\u00f3n<\/td>\n<td>TLC (cromatograf\u00eda en capa fina)<\/td>\n<\/tr>\n<tr>\n<td>Formas de dosificaci\u00f3n de aplicaci\u00f3n<\/td>\n<td>Amplia gama de aplicaciones<\/td>\n<\/tr>\n<tr>\n<td>Tiempo de suministro<\/td>\n<td>Disponible durante todo el a\u00f1o<\/td>\n<\/tr>\n<tr>\n<td>Condiciones de almacenamiento<\/td>\n<td>Store in a sealed container, in a cool, dry, and light-proof place, away from heat sources and humid environments.<\/td>\n<\/tr>\n<tr>\n<td>Duraci\u00f3n<\/td>\n<td>Dos a\u00f1os<\/td>\n<\/tr>\n<\/tbody>\n<\/table>","protected":false},"excerpt":{"rendered":"<h4 class=\"header-vfC6AV auto-hide-last-sibling-br\">Fucoxantina 10%<\/h4>\n<h4 class=\"auto-hide-last-sibling-br paragraph-JOTKXA paragraph-element br-paragraph-space\"><strong>Nombres alternativos<\/strong>: Fucoxantina (tambi\u00e9n conocida como xantina feof\u00edcea, fucoxantina)<\/h4>\n<div class=\"container-utlnW2 md-box-line-break wrapper-d0Cc1k undefined\"><\/div>\n<h4 class=\"auto-hide-last-sibling-br paragraph-JOTKXA paragraph-element br-paragraph-space\"><strong>Componente principal<\/strong>:Fucoxantina, un carotenoide de color amarillo anaranjado que pertenece a la clase de las xantofilas.<\/h4>\n<div class=\"container-utlnW2 md-box-line-break wrapper-d0Cc1k undefined\"><\/div>\n<h4 class=\"auto-hide-last-sibling-br paragraph-JOTKXA paragraph-element br-paragraph-space\"><strong>Fuente de extracci\u00f3n<\/strong>Se deriva principalmente de algas pardas como el kelp, el wakame y el sargazo fusiforme, as\u00ed como de algas como las diatomeas, las algas doradas y las algas verdeamarillentas. Tambi\u00e9n se obtiene parcialmente del fitoplancton marino y de los mariscos acu\u00e1ticos. En la producci\u00f3n, las materias primas de extracci\u00f3n comunes incluyen las frondas de kelp y los talos de...\u00a0<em>Sargazo p\u00e1lido<\/em>\u00a0(una especie de la familia Sargassaceae).<\/h4>\n<div class=\"container-utlnW2 md-box-line-break wrapper-d0Cc1k undefined\"><\/div>\n<h4 class=\"auto-hide-last-sibling-br paragraph-JOTKXA paragraph-element br-paragraph-space\"><strong>Tama\u00f1o de part\u00edcula<\/strong>:98% pasa a trav\u00e9s de un tamiz de malla 80.<\/h4>\n<div class=\"container-utlnW2 md-box-line-break wrapper-d0Cc1k undefined\"><\/div>\n<h4 class=\"auto-hide-last-sibling-br paragraph-JOTKXA paragraph-element br-paragraph-space\"><strong>Apariencia<\/strong>:Polvo marr\u00f3n.<\/h4>\n<div class=\"container-utlnW2 md-box-line-break wrapper-d0Cc1k undefined\"><\/div>\n<h4 class=\"auto-hide-last-sibling-br paragraph-JOTKXA paragraph-element br-paragraph-space\"><strong>M\u00e9todo de prueba<\/strong>:TLC (Cromatograf\u00eda en capa fina).<\/h4>\n<div class=\"container-utlnW2 md-box-line-break wrapper-d0Cc1k undefined\"><\/div>\n<h4 class=\"auto-hide-last-sibling-br paragraph-JOTKXA paragraph-element br-paragraph-space\"><strong>Formas de dosificaci\u00f3n de aplicaci\u00f3n<\/strong>:Amplia gama de aplicaciones.<\/h4>\n<div class=\"container-utlnW2 md-box-line-break wrapper-d0Cc1k undefined\"><\/div>\n<h4 class=\"auto-hide-last-sibling-br paragraph-JOTKXA paragraph-element br-paragraph-space\"><strong>Tiempo de suministro<\/strong>:Disponible todo el a\u00f1o.<\/h4>\n<h4 class=\"header-vfC6AV auto-hide-last-sibling-br\">Instrucciones de compra<\/h4>\n<ul class=\"auto-hide-last-sibling-br\">\n<li>\n<h4><strong>M\u00e9todo de embalaje<\/strong>:25 kg por tambor de fibra o bolsa de papel de aluminio.<\/h4>\n<\/li>\n<li>\n<h4><strong>Condiciones de almacenamiento<\/strong>:Debe conservarse sellado y protegido de la luz, almacenado en un lugar seco, fresco y bien ventilado.<\/h4>\n<\/li>\n<li>\n<h4><strong>Duraci\u00f3n<\/strong>:2 a\u00f1os.<\/h4>\n<\/li>\n<li>\n<h4><strong>Disposici\u00f3n de muestra<\/strong>:Generalmente, se proporcionan muestras de 5 a 20 g para la mayor\u00eda de los productos; algunos productos pueden cobrar una tarifa de muestra.<\/h4>\n<\/li>\n<li>\n<h4><strong>Embalaje del producto<\/strong>:Envasado en tambores de fibra o bolsas de papel de aluminio (embalaje personalizado disponible a pedido del cliente).<\/h4>\n<\/li>\n<li>\n<h4><strong>El tiempo de entrega<\/strong>:Los productos no personalizados se env\u00edan dentro de las 48 horas; el tiempo de entrega de los productos personalizados se ajusta seg\u00fan los requisitos reales.<\/h4>\n<\/li>\n<li>\n<h4><strong>M\u00e9todo de transporte<\/strong>:Log\u00edstica express nacional, precio cotizado incluye costos de transporte.<\/h4>\n<\/li>\n<\/ul>\n<h4 class=\"container-utlnW2 md-box-line-break wrapper-d0Cc1k undefined\"><\/h4>\n<h4 class=\"auto-hide-last-sibling-br paragraph-JOTKXA paragraph-element br-paragraph-space\">Si necesita esta informaci\u00f3n del producto en ingl\u00e9s formateada en un\u00a0<strong>documento de especificaci\u00f3n de producto est\u00e1ndar<\/strong>\u00a0(con divisiones de secciones m\u00e1s claras y optimizaci\u00f3n de terminolog\u00eda profesional), h\u00e1gamelo saber y puedo organizarlo para usted.<\/h4>","protected":false},"featured_media":10469,"comment_status":"closed","ping_status":"closed","template":"","meta":[],"product_brand":[],"product_cat":[17,23],"product_tag":[],"class_list":{"0":"post-10468","1":"product","2":"type-product","3":"status-publish","4":"has-post-thumbnail","6":"product_cat-plant-extract","7":"product_cat-standard-extract","9":"first","10":"instock","11":"shipping-taxable","12":"product-type-simple"},"_links":{"self":[{"href":"https:\/\/www.hvbio.com\/es\/wp-json\/wp\/v2\/product\/10468","targetHints":{"allow":["GET"]}}],"collection":[{"href":"https:\/\/www.hvbio.com\/es\/wp-json\/wp\/v2\/product"}],"about":[{"href":"https:\/\/www.hvbio.com\/es\/wp-json\/wp\/v2\/types\/product"}],"replies":[{"embeddable":true,"href":"https:\/\/www.hvbio.com\/es\/wp-json\/wp\/v2\/comments?post=10468"}],"wp:featuredmedia":[{"embeddable":true,"href":"https:\/\/www.hvbio.com\/es\/wp-json\/wp\/v2\/media\/10469"}],"wp:attachment":[{"href":"https:\/\/www.hvbio.com\/es\/wp-json\/wp\/v2\/media?parent=10468"}],"wp:term":[{"taxonomy":"product_brand","embeddable":true,"href":"https:\/\/www.hvbio.com\/es\/wp-json\/wp\/v2\/product_brand?post=10468"},{"taxonomy":"product_cat","embeddable":true,"href":"https:\/\/www.hvbio.com\/es\/wp-json\/wp\/v2\/product_cat?post=10468"},{"taxonomy":"product_tag","embeddable":true,"href":"https:\/\/www.hvbio.com\/es\/wp-json\/wp\/v2\/product_tag?post=10468"}],"curies":[{"name":"wp","href":"https:\/\/api.w.org\/{rel}","templated":true}]}}