{"id":10573,"date":"2025-11-20T09:56:02","date_gmt":"2025-11-20T01:56:02","guid":{"rendered":"https:\/\/www.hvbio.com\/?post_type=product&#038;p=10573"},"modified":"2025-11-20T10:20:49","modified_gmt":"2025-11-20T02:20:49","slug":"forsythia-extract","status":"publish","type":"product","link":"https:\/\/www.hvbio.com\/es\/producto\/forsythia-extract\/","title":{"rendered":"Forsythia Extract"},"content":{"rendered":"<table style=\"height: 415px;\" width=\"1387\">\n<thead>\n<tr>\n<th>Art\u00edculo<\/th>\n<th>Traducci\u00f3n al ingl\u00e9s<\/th>\n<\/tr>\n<\/thead>\n<tbody>\n<tr>\n<td>Nombre del producto<\/td>\n<td>Forsythia Extract<\/td>\n<\/tr>\n<tr>\n<td>Alias<\/td>\n<td>Forsythin Extract<\/td>\n<\/tr>\n<tr>\n<td>Componentes principales<\/td>\n<td>Phenolic acids, lignans, and other components<\/td>\n<\/tr>\n<tr>\n<td>Fuente de extracci\u00f3n<\/td>\n<td>Primarily uses dried fruits (green forsythia, mature forsythia). Flowers or stems and leaves are used in some processes, but fruits are the mainstream raw material.<\/td>\n<\/tr>\n<tr>\n<td>Tama\u00f1o de malla del producto<\/td>\n<td>98% through 80 mesh sieve<\/td>\n<\/tr>\n<tr>\n<td>Apariencia<\/td>\n<td>polvo marr\u00f3n<\/td>\n<\/tr>\n<tr>\n<td>M\u00e9todo de detecci\u00f3n<\/td>\n<td>TLC (cromatograf\u00eda en capa fina)<\/td>\n<\/tr>\n<tr>\n<td>Formas de dosificaci\u00f3n de aplicaci\u00f3n<\/td>\n<td>Ampliamente aplicable<\/td>\n<\/tr>\n<tr>\n<td>Tiempo de suministro<\/td>\n<td>Todo el a\u00f1o<\/td>\n<\/tr>\n<tr>\n<td>Almacenamiento<\/td>\n<td>Conservar en recipiente cerrado, en lugar fresco, seco y oscuro, alejado de fuentes de calor y ambientes h\u00famedos.<\/td>\n<\/tr>\n<tr>\n<td>Duraci\u00f3n<\/td>\n<td>Dos a\u00f1os<\/td>\n<\/tr>\n<\/tbody>\n<\/table>","protected":false},"excerpt":{"rendered":"<h4 class=\"header-iWP5WJ auto-hide-last-sibling-br\">Forsythia Extract Product Information<\/h4>\n<h4 class=\"auto-hide-last-sibling-br paragraph-pP9ZLC paragraph-element br-paragraph-space\">Product Name: Forsythia Extract<\/h4>\n<div class=\"container-Uxvbjy md-box-line-break wrapper-GYqxgQ undefined\"><\/div>\n<h4 class=\"auto-hide-last-sibling-br paragraph-pP9ZLC paragraph-element br-paragraph-space\">Alias: Forsythin Extract<\/h4>\n<div class=\"container-Uxvbjy md-box-line-break wrapper-GYqxgQ undefined\"><\/div>\n<h4 class=\"auto-hide-last-sibling-br paragraph-pP9ZLC paragraph-element br-paragraph-space\">Main Components: Phenolic acids, lignans, and other components<\/h4>\n<div class=\"container-Uxvbjy md-box-line-break wrapper-GYqxgQ undefined\"><\/div>\n<h4 class=\"auto-hide-last-sibling-br paragraph-pP9ZLC paragraph-element br-paragraph-space\">Extraction Source: Primarily uses dried fruits (green forsythia, mature forsythia). Flowers, stems or leaves are adopted in some processes, while fruits are the mainstream raw material.<\/h4>\n<div class=\"container-Uxvbjy md-box-line-break wrapper-GYqxgQ undefined\"><\/div>\n<h4 class=\"auto-hide-last-sibling-br paragraph-pP9ZLC paragraph-element br-paragraph-space\">Product Mesh Size: 98% passes through 80-mesh sieve<\/h4>\n<div class=\"container-Uxvbjy md-box-line-break wrapper-GYqxgQ undefined\"><\/div>\n<h4 class=\"auto-hide-last-sibling-br paragraph-pP9ZLC paragraph-element br-paragraph-space\">Aspecto: Polvo marr\u00f3n<\/h4>\n<div class=\"container-Uxvbjy md-box-line-break wrapper-GYqxgQ undefined\"><\/div>\n<h4 class=\"auto-hide-last-sibling-br paragraph-pP9ZLC paragraph-element br-paragraph-space\">M\u00e9todo de detecci\u00f3n: TLC (cromatograf\u00eda en capa fina)<\/h4>\n<div class=\"container-Uxvbjy md-box-line-break wrapper-GYqxgQ undefined\"><\/div>\n<h4 class=\"auto-hide-last-sibling-br paragraph-pP9ZLC paragraph-element br-paragraph-space\">Application Dosage Forms: Widely applicable<\/h4>\n<div class=\"container-Uxvbjy md-box-line-break wrapper-GYqxgQ undefined\"><\/div>\n<h4 class=\"auto-hide-last-sibling-br paragraph-pP9ZLC paragraph-element br-paragraph-space\">Tiempo de suministro: todo el a\u00f1o<\/h4>\n<h4 class=\"header-iWP5WJ auto-hide-last-sibling-br\">Condiciones de compra<\/h4>\n<ul class=\"auto-hide-last-sibling-br\">\n<li>\n<h4>Packaging: 25kg per paper drum or aluminum foil bag; packaging can be adjusted according to actual needs or customer requirements.<\/h4>\n<\/li>\n<li>\n<h4>Storage Conditions: Seal tightly and protect from light. Store in a dry, cool and well-ventilated place.<\/h4>\n<\/li>\n<li>\n<h4>Vida \u00fatil: dos a\u00f1os<\/h4>\n<\/li>\n<li>\n<h4>Sample: 5-20g free samples are available for most products; a sample fee is charged for some products.<\/h4>\n<\/li>\n<li>\n<h4>Delivery Time: Non-customized products are shipped within 48 hours; delivery time for customized products is adjusted based on actual requirements.<\/h4>\n<\/li>\n<li>\n<h4>Transportation: Domestic express or logistics; the quotation includes transportation costs.<\/h4>\n<\/li>\n<\/ul>","protected":false},"featured_media":10574,"comment_status":"closed","ping_status":"closed","template":"","meta":[],"product_brand":[],"product_cat":[17,24],"product_tag":[],"class_list":{"0":"post-10573","1":"product","2":"type-product","3":"status-publish","4":"has-post-thumbnail","6":"product_cat-plant-extract","7":"product_cat-ratio-extract","9":"first","10":"instock","11":"shipping-taxable","12":"product-type-simple"},"_links":{"self":[{"href":"https:\/\/www.hvbio.com\/es\/wp-json\/wp\/v2\/product\/10573","targetHints":{"allow":["GET"]}}],"collection":[{"href":"https:\/\/www.hvbio.com\/es\/wp-json\/wp\/v2\/product"}],"about":[{"href":"https:\/\/www.hvbio.com\/es\/wp-json\/wp\/v2\/types\/product"}],"replies":[{"embeddable":true,"href":"https:\/\/www.hvbio.com\/es\/wp-json\/wp\/v2\/comments?post=10573"}],"wp:featuredmedia":[{"embeddable":true,"href":"https:\/\/www.hvbio.com\/es\/wp-json\/wp\/v2\/media\/10574"}],"wp:attachment":[{"href":"https:\/\/www.hvbio.com\/es\/wp-json\/wp\/v2\/media?parent=10573"}],"wp:term":[{"taxonomy":"product_brand","embeddable":true,"href":"https:\/\/www.hvbio.com\/es\/wp-json\/wp\/v2\/product_brand?post=10573"},{"taxonomy":"product_cat","embeddable":true,"href":"https:\/\/www.hvbio.com\/es\/wp-json\/wp\/v2\/product_cat?post=10573"},{"taxonomy":"product_tag","embeddable":true,"href":"https:\/\/www.hvbio.com\/es\/wp-json\/wp\/v2\/product_tag?post=10573"}],"curies":[{"name":"wp","href":"https:\/\/api.w.org\/{rel}","templated":true}]}}