{"id":10578,"date":"2025-11-20T10:17:49","date_gmt":"2025-11-20T02:17:49","guid":{"rendered":"https:\/\/www.hvbio.com\/?post_type=product&#038;p=10578"},"modified":"2025-11-20T10:21:45","modified_gmt":"2025-11-20T02:21:45","slug":"humulus-lupulus-extract","status":"publish","type":"product","link":"https:\/\/www.hvbio.com\/es\/producto\/humulus-lupulus-extract\/","title":{"rendered":"Humulus Lupulus Extract"},"content":{"rendered":"<table style=\"height: 429px;\" width=\"1824\">\n<thead>\n<tr>\n<th>Art\u00edculo<\/th>\n<th>Traducci\u00f3n al ingl\u00e9s<\/th>\n<\/tr>\n<\/thead>\n<tbody>\n<tr>\n<td>Nombre del producto<\/td>\n<td>Humulus Lupulus Extract<\/td>\n<\/tr>\n<tr>\n<td>Alias<\/td>\n<td>Hops Extract, Snake Hops Extract, Yeast Hops Extract<\/td>\n<\/tr>\n<tr>\n<td>Componentes principales<\/td>\n<td>Terpenes, phenols, and other components<\/td>\n<\/tr>\n<tr>\n<td>Fuente de extracci\u00f3n<\/td>\n<td>The core source is the dried female inflorescences of Humulus lupulus, where active ingredients are most concentrated. Mature and aromatic hops are preferred, and raw materials are mainly processed by low-temperature drying to retain effective components.<\/td>\n<\/tr>\n<tr>\n<td>Tama\u00f1o de malla del producto<\/td>\n<td>98% pasa a trav\u00e9s de un tamiz de malla 80<\/td>\n<\/tr>\n<tr>\n<td>Apariencia<\/td>\n<td>polvo marr\u00f3n<\/td>\n<\/tr>\n<tr>\n<td>M\u00e9todo de detecci\u00f3n<\/td>\n<td>TLC (cromatograf\u00eda en capa fina)<\/td>\n<\/tr>\n<tr>\n<td>Formas de dosificaci\u00f3n de aplicaci\u00f3n<\/td>\n<td>Ampliamente aplicable<\/td>\n<\/tr>\n<tr>\n<td>Tiempo de suministro<\/td>\n<td>Todo el a\u00f1o<\/td>\n<\/tr>\n<tr>\n<td>Almacenamiento<\/td>\n<td>Store in a sealed container, keep in a cool, dry and dark place, away from heat sources and humid environments.<\/td>\n<\/tr>\n<tr>\n<td>Duraci\u00f3n<\/td>\n<td>Dos a\u00f1os<\/td>\n<\/tr>\n<\/tbody>\n<\/table>","protected":false},"excerpt":{"rendered":"<h4 class=\"header-iWP5WJ auto-hide-last-sibling-br\">Hops Extract Product Information<\/h4>\n<h4 class=\"auto-hide-last-sibling-br paragraph-pP9ZLC paragraph-element br-paragraph-space\">Product Name: Hops Extract (Humulus Lupulus Extract)<\/h4>\n<div class=\"container-Uxvbjy md-box-line-break wrapper-GYqxgQ undefined\"><\/div>\n<h4 class=\"auto-hide-last-sibling-br paragraph-pP9ZLC paragraph-element br-paragraph-space\">Alias: Hops Extract, Snake Hops Extract, Yeast Hops Extract<\/h4>\n<div class=\"container-Uxvbjy md-box-line-break wrapper-GYqxgQ undefined\"><\/div>\n<h4 class=\"auto-hide-last-sibling-br paragraph-pP9ZLC paragraph-element br-paragraph-space\">Main Components: Terpenes, phenols, and other components<\/h4>\n<div class=\"container-Uxvbjy md-box-line-break wrapper-GYqxgQ undefined\"><\/div>\n<h4 class=\"auto-hide-last-sibling-br paragraph-pP9ZLC paragraph-element br-paragraph-space\">Extraction Source: The core source is the dried female inflorescences of Humulus lupulus, where active ingredients are most concentrated. Mature and aromatic hops are preferred, and raw materials are mainly processed by low-temperature drying to retain effective components.<\/h4>\n<div class=\"container-Uxvbjy md-box-line-break wrapper-GYqxgQ undefined\"><\/div>\n<h4 class=\"auto-hide-last-sibling-br paragraph-pP9ZLC paragraph-element br-paragraph-space\">Product Mesh Size: 98% passes through 80-mesh sieve<\/h4>\n<div class=\"container-Uxvbjy md-box-line-break wrapper-GYqxgQ undefined\"><\/div>\n<h4 class=\"auto-hide-last-sibling-br paragraph-pP9ZLC paragraph-element br-paragraph-space\">Aspecto: Polvo marr\u00f3n<\/h4>\n<div class=\"container-Uxvbjy md-box-line-break wrapper-GYqxgQ undefined\"><\/div>\n<h4 class=\"auto-hide-last-sibling-br paragraph-pP9ZLC paragraph-element br-paragraph-space\">M\u00e9todo de detecci\u00f3n: TLC (cromatograf\u00eda en capa fina)<\/h4>\n<div class=\"container-Uxvbjy md-box-line-break wrapper-GYqxgQ undefined\"><\/div>\n<h4 class=\"auto-hide-last-sibling-br paragraph-pP9ZLC paragraph-element br-paragraph-space\">Application Dosage Forms: Widely applicable<\/h4>\n<div class=\"container-Uxvbjy md-box-line-break wrapper-GYqxgQ undefined\"><\/div>\n<h4 class=\"auto-hide-last-sibling-br paragraph-pP9ZLC paragraph-element br-paragraph-space\">Tiempo de suministro: todo el a\u00f1o<\/h4>\n<h4 class=\"header-iWP5WJ auto-hide-last-sibling-br\">Condiciones de compra<\/h4>\n<ul class=\"auto-hide-last-sibling-br\">\n<li>\n<h4>Packaging: 25kg per paper drum or aluminum foil bag; packaging can be adjusted according to actual needs or customer requirements.<\/h4>\n<\/li>\n<li>\n<h4>Storage Conditions: Seal tightly and protect from light. Store in a dry, cool and well-ventilated place.<\/h4>\n<\/li>\n<li>\n<h4>Vida \u00fatil: dos a\u00f1os<\/h4>\n<\/li>\n<li>\n<h4>Sample: 5-20g free samples are available for most products; a sample fee is charged for some products.<\/h4>\n<\/li>\n<li>\n<h4>Delivery Time: Non-customized products are shipped within 48 hours; delivery time for customized products is adjusted based on actual requirements.<\/h4>\n<\/li>\n<li>\n<h4>Transportation: Domestic express or logistics; the quotation includes transportation costs.<\/h4>\n<\/li>\n<\/ul>","protected":false},"featured_media":10579,"comment_status":"closed","ping_status":"closed","template":"","meta":[],"product_brand":[],"product_cat":[17,24],"product_tag":[],"class_list":{"0":"post-10578","1":"product","2":"type-product","3":"status-publish","4":"has-post-thumbnail","6":"product_cat-plant-extract","7":"product_cat-ratio-extract","9":"first","10":"instock","11":"shipping-taxable","12":"product-type-simple"},"_links":{"self":[{"href":"https:\/\/www.hvbio.com\/es\/wp-json\/wp\/v2\/product\/10578","targetHints":{"allow":["GET"]}}],"collection":[{"href":"https:\/\/www.hvbio.com\/es\/wp-json\/wp\/v2\/product"}],"about":[{"href":"https:\/\/www.hvbio.com\/es\/wp-json\/wp\/v2\/types\/product"}],"replies":[{"embeddable":true,"href":"https:\/\/www.hvbio.com\/es\/wp-json\/wp\/v2\/comments?post=10578"}],"wp:featuredmedia":[{"embeddable":true,"href":"https:\/\/www.hvbio.com\/es\/wp-json\/wp\/v2\/media\/10579"}],"wp:attachment":[{"href":"https:\/\/www.hvbio.com\/es\/wp-json\/wp\/v2\/media?parent=10578"}],"wp:term":[{"taxonomy":"product_brand","embeddable":true,"href":"https:\/\/www.hvbio.com\/es\/wp-json\/wp\/v2\/product_brand?post=10578"},{"taxonomy":"product_cat","embeddable":true,"href":"https:\/\/www.hvbio.com\/es\/wp-json\/wp\/v2\/product_cat?post=10578"},{"taxonomy":"product_tag","embeddable":true,"href":"https:\/\/www.hvbio.com\/es\/wp-json\/wp\/v2\/product_tag?post=10578"}],"curies":[{"name":"wp","href":"https:\/\/api.w.org\/{rel}","templated":true}]}}