{"id":10677,"date":"2026-01-08T15:02:07","date_gmt":"2026-01-08T07:02:07","guid":{"rendered":"https:\/\/www.hvbio.com\/?post_type=product&#038;p=10677"},"modified":"2026-01-08T15:02:07","modified_gmt":"2026-01-08T07:02:07","slug":"baicalin-85","status":"publish","type":"product","link":"https:\/\/www.hvbio.com\/es\/producto\/baicalin-85\/","title":{"rendered":"Baicalin 85%"},"content":{"rendered":"<div>\n<div>\n<div>\n<div dir=\"ltr\">\n<div>\n<div>\n<table style=\"height: 484px;\" width=\"900\">\n<thead>\n<tr>\n<th>Art\u00edculo<\/th>\n<th>Descripci\u00f3n<\/th>\n<\/tr>\n<\/thead>\n<tbody>\n<tr>\n<td>Nombre del producto<\/td>\n<td>Baicalin 85%<\/td>\n<\/tr>\n<tr>\n<td>Ingrediente activo<\/td>\n<td>Flavonoides<\/td>\n<\/tr>\n<tr>\n<td>Especificaci\u00f3n<\/td>\n<td>85%<\/td>\n<\/tr>\n<tr>\n<td>Color<\/td>\n<td>Polvo amarillo claro<\/td>\n<\/tr>\n<tr>\n<td>Parte usada<\/td>\n<td>Dried root of <em>Scutellaria baicalensis<\/em> Georgi (Lamiaceae)<\/td>\n<\/tr>\n<tr>\n<td>M\u00e9todo de prueba<\/td>\n<td>Cromatograf\u00eda l\u00edquida de alta resoluci\u00f3n (HPLC)<\/td>\n<\/tr>\n<tr>\n<td>Tama\u00f1o de part\u00edcula<\/td>\n<td>98% passes 80 mesh<\/td>\n<\/tr>\n<tr>\n<td>Forma de dosificaci\u00f3n de la aplicaci\u00f3n<\/td>\n<td>Wide range<\/td>\n<\/tr>\n<tr>\n<td>Supply Ability<\/td>\n<td>Available all year round<\/td>\n<\/tr>\n<tr>\n<td>Almacenamiento<\/td>\n<td>Store in a sealed container, in a cool, dry and dark place, away from heat and moisture<\/td>\n<\/tr>\n<tr>\n<td>Duraci\u00f3n<\/td>\n<td>2 a\u00f1os<\/td>\n<\/tr>\n<\/tbody>\n<\/table>\n<\/div>\n<\/div>\n<div><\/div>\n<\/div>\n<\/div>\n<\/div>\n<\/div>","protected":false},"excerpt":{"rendered":"<div>\n<div>\n<div>\n<div>\n<div>\n<div>\n<div>\n<div>\n<div>\n<div>\n<div dir=\"ltr\">\n<h4>Product Name: Baicalin 85%<\/h4>\n<div><\/div>\n<h4>Active Ingredient: Flavonoids<\/h4>\n<div><\/div>\n<h4>Specification: 85%<\/h4>\n<div><\/div>\n<h4>Color: Light yellow powder<\/h4>\n<div><\/div>\n<h4>Part Used: Dried root of <em>Scutellaria baicalensis<\/em> Georgi (Lamiaceae)<\/h4>\n<div><\/div>\n<h4>Test Method: High Performance Liquid Chromatography (HPLC)<\/h4>\n<div><\/div>\n<h4>Particle Size: 98% passes 80 mesh<\/h4>\n<div><\/div>\n<h4>Application Dosage Form: Wide range<\/h4>\n<div><\/div>\n<h4>Supply Time: Available all year round<\/h4>\n<h4><\/h4>\n<h4>Notas de compra<\/h4>\n<div><\/div>\n<h4>Packing Method: 25 kg per fiber drum or aluminum foil bag<\/h4>\n<div><\/div>\n<h4>Storage Conditions: Seal and protect from light; store in a dry, cool, and well\u2011ventilated place<\/h4>\n<div><\/div>\n<h4>Vida \u00fatil: 2 a\u00f1os<\/h4>\n<div><\/div>\n<h4>Sample: Generally 5\u201320 g samples are available; some products may charge a sample fee<\/h4>\n<div><\/div>\n<h4>Product Packaging: Fiber drum or aluminum foil bag (packaging can be customized according to customer requirements)<\/h4>\n<div><\/div>\n<h4>Delivery Time: Non\u2011customized products are shipped within 48 hours; customized products are adjusted according to actual needs<\/h4>\n<div><\/div>\n<h4>Transportation Method: Domestic courier or logistics; the quoted price includes shipping costs<\/h4>\n<h4><\/h4>\n<\/div>\n<\/div>\n<\/div>\n<\/div>\n<\/div>\n<\/div>\n<\/div>\n<\/div>\n<\/div>\n<\/div>\n<\/div>\n<div>\n<div>\n<div>\n<div>\n<div>\n<div>\n<div>\n<div>\n<div>\n<div>\n<h4><\/h4>\n<\/div>\n<\/div>\n<\/div>\n<\/div>\n<\/div>\n<\/div>\n<\/div>\n<\/div>\n<\/div>\n<\/div>","protected":false},"featured_media":10683,"comment_status":"closed","ping_status":"closed","template":"","meta":[],"product_brand":[],"product_cat":[17,23],"product_tag":[],"class_list":{"0":"post-10677","1":"product","2":"type-product","3":"status-publish","4":"has-post-thumbnail","6":"product_cat-plant-extract","7":"product_cat-standard-extract","9":"first","10":"instock","11":"shipping-taxable","12":"product-type-simple"},"_links":{"self":[{"href":"https:\/\/www.hvbio.com\/es\/wp-json\/wp\/v2\/product\/10677","targetHints":{"allow":["GET"]}}],"collection":[{"href":"https:\/\/www.hvbio.com\/es\/wp-json\/wp\/v2\/product"}],"about":[{"href":"https:\/\/www.hvbio.com\/es\/wp-json\/wp\/v2\/types\/product"}],"replies":[{"embeddable":true,"href":"https:\/\/www.hvbio.com\/es\/wp-json\/wp\/v2\/comments?post=10677"}],"wp:featuredmedia":[{"embeddable":true,"href":"https:\/\/www.hvbio.com\/es\/wp-json\/wp\/v2\/media\/10683"}],"wp:attachment":[{"href":"https:\/\/www.hvbio.com\/es\/wp-json\/wp\/v2\/media?parent=10677"}],"wp:term":[{"taxonomy":"product_brand","embeddable":true,"href":"https:\/\/www.hvbio.com\/es\/wp-json\/wp\/v2\/product_brand?post=10677"},{"taxonomy":"product_cat","embeddable":true,"href":"https:\/\/www.hvbio.com\/es\/wp-json\/wp\/v2\/product_cat?post=10677"},{"taxonomy":"product_tag","embeddable":true,"href":"https:\/\/www.hvbio.com\/es\/wp-json\/wp\/v2\/product_tag?post=10677"}],"curies":[{"name":"wp","href":"https:\/\/api.w.org\/{rel}","templated":true}]}}