{"id":10694,"date":"2026-01-08T15:29:36","date_gmt":"2026-01-08T07:29:36","guid":{"rendered":"https:\/\/www.hvbio.com\/?post_type=product&#038;p=10694"},"modified":"2026-01-08T15:29:37","modified_gmt":"2026-01-08T07:29:37","slug":"honeysuckle-flower-extract-5-chlorogenic-acid","status":"publish","type":"product","link":"https:\/\/www.hvbio.com\/es\/producto\/honeysuckle-flower-extract-5-chlorogenic-acid\/","title":{"rendered":"Honeysuckle Flower Extract 5% Chlorogenic Acid"},"content":{"rendered":"<div>\n<div>\n<div>\n<div>\n<div>\n<div>\n<div>\n<div>\n<div>\n<div>\n<div>\n<div dir=\"ltr\">\n<div>\n<div>\n<table style=\"height: 554px;\" width=\"854\">\n<thead>\n<tr>\n<th>Art\u00edculo<\/th>\n<th>Descripci\u00f3n<\/th>\n<\/tr>\n<\/thead>\n<tbody>\n<tr>\n<td>Nombre del producto<\/td>\n<td>Honeysuckle Flower Extract 5% Chlorogenic Acid<\/td>\n<\/tr>\n<tr>\n<td>Otros nombres<\/td>\n<td>Lonicera Japonica Flower Extract; Japanese Honeysuckle Extract<\/td>\n<\/tr>\n<tr>\n<td>Ingrediente activo<\/td>\n<td>Chlorogenic acid, flavonoids<\/td>\n<\/tr>\n<tr>\n<td>Especificaci\u00f3n<\/td>\n<td>5%<\/td>\n<\/tr>\n<tr>\n<td>Color<\/td>\n<td>Brownish yellow powder<\/td>\n<\/tr>\n<tr>\n<td>Parte usada<\/td>\n<td>Dried flower buds or flowers at early blooming stage<\/td>\n<\/tr>\n<tr>\n<td>M\u00e9todo de prueba<\/td>\n<td>Cromatograf\u00eda l\u00edquida de alta resoluci\u00f3n (HPLC)<\/td>\n<\/tr>\n<tr>\n<td>Tama\u00f1o de part\u00edcula<\/td>\n<td>98% passes 80 mesh<\/td>\n<\/tr>\n<tr>\n<td>Forma de dosificaci\u00f3n de la aplicaci\u00f3n<\/td>\n<td>Wide range<\/td>\n<\/tr>\n<tr>\n<td>Supply Ability<\/td>\n<td>Available all year round<\/td>\n<\/tr>\n<tr>\n<td>Almacenamiento<\/td>\n<td>Store in a sealed container, in a cool, dry and dark place, away from heat and moisture<\/td>\n<\/tr>\n<tr>\n<td>Duraci\u00f3n<\/td>\n<td>2 a\u00f1os<\/td>\n<\/tr>\n<\/tbody>\n<\/table>\n<\/div>\n<\/div>\n<div><\/div>\n<\/div>\n<\/div>\n<\/div>\n<\/div>\n<\/div>\n<\/div>\n<\/div>\n<\/div>\n<\/div>\n<\/div>\n<\/div>\n<\/div>","protected":false},"excerpt":{"rendered":"<div>\n<div>\n<div>\n<div>\n<div>\n<div>\n<div>\n<div>\n<div>\n<div>\n<div>\n<div dir=\"ltr\">\n<div>Product Name: Honeysuckle Flower Extract 5% Chlorogenic Acid<\/p>\n<div><\/div>\n<p>Other Names: Lonicera Japonica Flower Extract; Japanese Honeysuckle Extract<\/p>\n<div><\/div>\n<p>Active Ingredient: Chlorogenic acid, flavonoids<\/p>\n<div><\/div>\n<p>Specification: 5%<\/p>\n<div><\/div>\n<p>Color: Brownish yellow powder<\/p>\n<div><\/div>\n<p>Part Used: Dried flower buds or flowers at early blooming stage<\/p>\n<div><\/div>\n<p>Test Method: High Performance Liquid Chromatography (HPLC)<\/p>\n<div><\/div>\n<p>Particle Size: 98% passes 80 mesh<\/p>\n<div><\/div>\n<p>Application Dosage Form: Wide range<\/p>\n<div><\/div>\n<p>Supply Time: Available all year round<\/p><\/div>\n<div><\/div>\n<div>Notas de compra<\/p>\n<div><\/div>\n<p>Packing Method: 25 kg per fiber drum or aluminum foil bag<\/p>\n<div><\/div>\n<p>Storage Conditions: Seal and protect from light; store in a dry, cool, and well-ventilated place<\/p>\n<div><\/div>\n<p>Vida \u00fatil: 2 a\u00f1os<\/p>\n<div><\/div>\n<p>Sample: Generally 5\u201320 g samples are available; some products may charge a sample fee<\/p>\n<div><\/div>\n<p>Product Packaging: Fiber drum or aluminum foil bag (packaging can be customized according to customer requirements)<\/p>\n<div><\/div>\n<p>Delivery Time: Non-customized products are shipped within 48 hours; customized products are adjusted according to actual needs<\/p>\n<div><\/div>\n<p>Transportation Method: Domestic courier or logistics; the quoted price includes shipping costs<\/p><\/div>\n<div><\/div>\n<\/div>\n<\/div>\n<\/div>\n<\/div>\n<\/div>\n<\/div>\n<\/div>\n<\/div>\n<\/div>\n<\/div>\n<\/div>\n<\/div>","protected":false},"featured_media":10695,"comment_status":"closed","ping_status":"closed","template":"","meta":[],"product_brand":[],"product_cat":[17,23],"product_tag":[],"class_list":{"0":"post-10694","1":"product","2":"type-product","3":"status-publish","4":"has-post-thumbnail","6":"product_cat-plant-extract","7":"product_cat-standard-extract","9":"first","10":"instock","11":"shipping-taxable","12":"product-type-simple"},"_links":{"self":[{"href":"https:\/\/www.hvbio.com\/es\/wp-json\/wp\/v2\/product\/10694","targetHints":{"allow":["GET"]}}],"collection":[{"href":"https:\/\/www.hvbio.com\/es\/wp-json\/wp\/v2\/product"}],"about":[{"href":"https:\/\/www.hvbio.com\/es\/wp-json\/wp\/v2\/types\/product"}],"replies":[{"embeddable":true,"href":"https:\/\/www.hvbio.com\/es\/wp-json\/wp\/v2\/comments?post=10694"}],"wp:featuredmedia":[{"embeddable":true,"href":"https:\/\/www.hvbio.com\/es\/wp-json\/wp\/v2\/media\/10695"}],"wp:attachment":[{"href":"https:\/\/www.hvbio.com\/es\/wp-json\/wp\/v2\/media?parent=10694"}],"wp:term":[{"taxonomy":"product_brand","embeddable":true,"href":"https:\/\/www.hvbio.com\/es\/wp-json\/wp\/v2\/product_brand?post=10694"},{"taxonomy":"product_cat","embeddable":true,"href":"https:\/\/www.hvbio.com\/es\/wp-json\/wp\/v2\/product_cat?post=10694"},{"taxonomy":"product_tag","embeddable":true,"href":"https:\/\/www.hvbio.com\/es\/wp-json\/wp\/v2\/product_tag?post=10694"}],"curies":[{"name":"wp","href":"https:\/\/api.w.org\/{rel}","templated":true}]}}