{"id":10946,"date":"2026-04-03T11:07:13","date_gmt":"2026-04-03T03:07:13","guid":{"rendered":"https:\/\/www.hvbio.com\/?post_type=product&#038;p=10946"},"modified":"2026-04-03T14:13:31","modified_gmt":"2026-04-03T06:13:31","slug":"paeoniflorin-10","status":"publish","type":"product","link":"https:\/\/www.hvbio.com\/es\/producto\/paeoniflorin-10\/","title":{"rendered":"Paeoniflorin 10%"},"content":{"rendered":"<div>\n<table style=\"height: 625px;\" width=\"675\">\n<thead>\n<tr>\n<th>Art\u00edculo<\/th>\n<th>Detalles<\/th>\n<\/tr>\n<\/thead>\n<tbody>\n<tr>\n<td>Nombre del producto<\/td>\n<td>Paeoniflorin 10%<\/td>\n<\/tr>\n<tr>\n<td>Alias de productos<\/td>\n<td>Paeoniflorin, White Peony Root Extract, Peony Extract, Red Peony Root Extract<\/td>\n<\/tr>\n<tr>\n<td>Nombre en lat\u00edn<\/td>\n<td>Extractum Paeoniae, Paeoniflorin 10%<\/td>\n<\/tr>\n<tr>\n<td>Fuente de extracci\u00f3n<\/td>\n<td>Root<\/td>\n<\/tr>\n<tr>\n<td>M\u00e9todo de prueba<\/td>\n<td>Cromatograf\u00eda l\u00edquida de alta resoluci\u00f3n (HPLC)<\/td>\n<\/tr>\n<tr>\n<td>Apariencia<\/td>\n<td>Brownish yellow powder<\/td>\n<\/tr>\n<tr>\n<td>Tama\u00f1o de malla<\/td>\n<td>98% pasa a trav\u00e9s de un tamiz de malla 80<\/td>\n<\/tr>\n<tr>\n<td>Formas de dosificaci\u00f3n de aplicaci\u00f3n<\/td>\n<td>Widely applicable for multiple formulations<\/td>\n<\/tr>\n<tr>\n<td>Periodo de suministro<\/td>\n<td>Available all year round<\/td>\n<\/tr>\n<tr>\n<td>Almacenamiento<\/td>\n<td>Keep in sealed container; store in cool, dry and dark place, away from heat sources and moisture<\/td>\n<\/tr>\n<tr>\n<td>Duraci\u00f3n<\/td>\n<td>2 a\u00f1os<\/td>\n<\/tr>\n<\/tbody>\n<\/table>\n<\/div>","protected":false},"excerpt":{"rendered":"<div>\n<div>\n<div>\n<div>\n<div>\n<div>\n<div>\n<div>\n<div>\n<div>\n<div>\n<div>\n<div dir=\"ltr\">\n<h4>Product Name: Paeoniflorin 10%<\/h4>\n<div><\/div>\n<h4>Product Aliases: Paeoniflorin, White Peony Root Extract, Peony Extract, Red Peony Root Extract<\/h4>\n<div><\/div>\n<h4>Latin Name: Extractum Paeoniae, Paeoniflorin 10%<\/h4>\n<div><\/div>\n<h4>Extraction Source: Root<\/h4>\n<div><\/div>\n<h4>Test Method: HPLC detection<\/h4>\n<div><\/div>\n<h4>Product Appearance: Brownish yellow powder<\/h4>\n<div><\/div>\n<h4>Mesh Size: 98% passes through an 80-mesh sieve<\/h4>\n<div><\/div>\n<h4>Application Dosage Forms: Widely applicable<\/h4>\n<div><\/div>\n<h4>Supply Period: Available all year round<\/h4>\n<h4><\/h4>\n<h4>Instrucciones de compra<\/h4>\n<h4><\/h4>\n<h4>Packaging Method: 25 kilograms per fiber drum or aluminum foil bag<\/h4>\n<div><\/div>\n<h4>Storage Conditions: Keep sealed and away from light; store in a dry, cool and well-ventilated place<\/h4>\n<div><\/div>\n<h4>Validity Period: Two years<\/h4>\n<div><\/div>\n<h4>Sample Provision: 5-20 grams of samples are provided for most products; sample fee is charged for partial products<\/h4>\n<div><\/div>\n<h4>Product Packaging: Packed in fiber drums or aluminum foil bags, customized packaging is available as required by customers<\/h4>\n<div><\/div>\n<h4>Delivery Time: Non-customized products will be delivered within 48 hours; the delivery time of customized products can be adjusted according to actual needs<\/h4>\n<div><\/div>\n<h4>Packaging Specification: 25kg per fiber drum or aluminum foil bag, adjustable according to actual situations<\/h4>\n<div><\/div>\n<h4>Transportation Mode: Domestic express and logistics services are adopted, and the transportation fee is included in the quotation<\/h4>\n<div><\/div>\n<h4>Storage Requirements: Keep sealed and protected from light, and store in a dry, cool and well-ventilated place<\/h4>\n<\/div>\n<\/div>\n<\/div>\n<\/div>\n<\/div>\n<\/div>\n<\/div>\n<\/div>\n<\/div>\n<\/div>\n<\/div>\n<\/div>\n<\/div>","protected":false},"featured_media":10947,"comment_status":"closed","ping_status":"closed","template":"","meta":[],"product_brand":[],"product_cat":[17,23],"product_tag":[],"class_list":{"0":"post-10946","1":"product","2":"type-product","3":"status-publish","4":"has-post-thumbnail","6":"product_cat-plant-extract","7":"product_cat-standard-extract","9":"first","10":"instock","11":"shipping-taxable","12":"product-type-simple"},"_links":{"self":[{"href":"https:\/\/www.hvbio.com\/es\/wp-json\/wp\/v2\/product\/10946","targetHints":{"allow":["GET"]}}],"collection":[{"href":"https:\/\/www.hvbio.com\/es\/wp-json\/wp\/v2\/product"}],"about":[{"href":"https:\/\/www.hvbio.com\/es\/wp-json\/wp\/v2\/types\/product"}],"replies":[{"embeddable":true,"href":"https:\/\/www.hvbio.com\/es\/wp-json\/wp\/v2\/comments?post=10946"}],"wp:featuredmedia":[{"embeddable":true,"href":"https:\/\/www.hvbio.com\/es\/wp-json\/wp\/v2\/media\/10947"}],"wp:attachment":[{"href":"https:\/\/www.hvbio.com\/es\/wp-json\/wp\/v2\/media?parent=10946"}],"wp:term":[{"taxonomy":"product_brand","embeddable":true,"href":"https:\/\/www.hvbio.com\/es\/wp-json\/wp\/v2\/product_brand?post=10946"},{"taxonomy":"product_cat","embeddable":true,"href":"https:\/\/www.hvbio.com\/es\/wp-json\/wp\/v2\/product_cat?post=10946"},{"taxonomy":"product_tag","embeddable":true,"href":"https:\/\/www.hvbio.com\/es\/wp-json\/wp\/v2\/product_tag?post=10946"}],"curies":[{"name":"wp","href":"https:\/\/api.w.org\/{rel}","templated":true}]}}