{"id":24,"date":"2025-07-24T09:44:04","date_gmt":"2025-07-24T01:44:04","guid":{"rendered":"https:\/\/hvbio.com\/?post_type=product&#038;p=24"},"modified":"2025-08-13T14:52:45","modified_gmt":"2025-08-13T06:52:45","slug":"broccoli-pollen","status":"publish","type":"product","link":"https:\/\/www.hvbio.com\/es\/producto\/broccoli-pollen\/","title":{"rendered":"polen de br\u00f3coli"},"content":{"rendered":"<table class=\"wp-block-table\">\n<thead>\n<tr>\n<th colspan=\"2\">Informaci\u00f3n del producto de extracto de br\u00f3coli<\/th>\n<\/tr>\n<\/thead>\n<tbody>\n<tr>\n<td><strong>Nombre del producto<\/strong><\/td>\n<td>extracto de br\u00f3coli<\/td>\n<\/tr>\n<tr>\n<td><strong>Ingrediente activo<\/strong><\/td>\n<td>Sulforafano<\/td>\n<\/tr>\n<tr>\n<td><strong>Nombre qu\u00edmico<\/strong><\/td>\n<td>1-isotiocianato-4-metilsulfinilbutano<\/td>\n<\/tr>\n<tr>\n<td><strong>Fuente de extracci\u00f3n<\/strong><\/td>\n<td>Cabeza de flor<\/td>\n<\/tr>\n<tr>\n<td><strong>Indicadores f\u00edsicos y qu\u00edmicos<\/strong><\/td>\n<td>Polvo de color amarillo parduzco, f\u00e1cilmente soluble en agua.<\/td>\n<\/tr>\n<tr>\n<td><strong>M\u00e9todo de detecci\u00f3n<\/strong><\/td>\n<td>Detecci\u00f3n por TLC<\/td>\n<\/tr>\n<tr>\n<td><strong>Especificaciones del producto<\/strong><\/td>\n<td>Extracto de br\u00f3coli 10:1, otras especificaciones como 20:1, 30:1 se pueden personalizar seg\u00fan las necesidades del cliente.<\/td>\n<\/tr>\n<tr>\n<td><strong>F\u00f3rmula molecular<\/strong><\/td>\n<td>do<sub>6<\/sub>H<sub>11<\/sub>S<sub>2<\/sub>NO<\/td>\n<\/tr>\n<tr>\n<td><strong>N\u00famero CAS<\/strong><\/td>\n<td>142825-10-3<\/td>\n<\/tr>\n<tr>\n<td><strong>Peso molecular<\/strong><\/td>\n<td>177.29<\/td>\n<\/tr>\n<tr>\n<td><strong>Embalaje<\/strong><\/td>\n<td>1 kg-5 kg\/bolsa de papel de aluminio, m\u00e1s de 25 kg\/tambor de cart\u00f3n (bolsa interior de pl\u00e1stico de doble capa, tambor exterior de cart\u00f3n)<\/td>\n<\/tr>\n<tr>\n<td><strong>Duraci\u00f3n<\/strong><\/td>\n<td>24 meses<\/td>\n<\/tr>\n<\/tbody>\n<\/table>","protected":false},"excerpt":{"rendered":"<p>Broccoli Extract Product Information Product Name Broccoli Extract Active Ingredient Sulforaphane Chemical Name 1-Isothiocyanato-4-methylsulfinylbutane Extraction Source Flower Head Physical and<\/p>","protected":false},"featured_media":9381,"comment_status":"open","ping_status":"closed","template":"","meta":[],"product_brand":[],"product_cat":[18,19],"product_tag":[],"class_list":{"0":"post-24","1":"product","2":"type-product","3":"status-publish","4":"has-post-thumbnail","6":"product_cat-fruit-and-vegetable-powder","7":"product_cat-vegetable-powders","9":"first","10":"instock","11":"shipping-taxable","12":"product-type-simple"},"_links":{"self":[{"href":"https:\/\/www.hvbio.com\/es\/wp-json\/wp\/v2\/product\/24","targetHints":{"allow":["GET"]}}],"collection":[{"href":"https:\/\/www.hvbio.com\/es\/wp-json\/wp\/v2\/product"}],"about":[{"href":"https:\/\/www.hvbio.com\/es\/wp-json\/wp\/v2\/types\/product"}],"replies":[{"embeddable":true,"href":"https:\/\/www.hvbio.com\/es\/wp-json\/wp\/v2\/comments?post=24"}],"wp:featuredmedia":[{"embeddable":true,"href":"https:\/\/www.hvbio.com\/es\/wp-json\/wp\/v2\/media\/9381"}],"wp:attachment":[{"href":"https:\/\/www.hvbio.com\/es\/wp-json\/wp\/v2\/media?parent=24"}],"wp:term":[{"taxonomy":"product_brand","embeddable":true,"href":"https:\/\/www.hvbio.com\/es\/wp-json\/wp\/v2\/product_brand?post=24"},{"taxonomy":"product_cat","embeddable":true,"href":"https:\/\/www.hvbio.com\/es\/wp-json\/wp\/v2\/product_cat?post=24"},{"taxonomy":"product_tag","embeddable":true,"href":"https:\/\/www.hvbio.com\/es\/wp-json\/wp\/v2\/product_tag?post=24"}],"curies":[{"name":"wp","href":"https:\/\/api.w.org\/{rel}","templated":true}]}}