{"id":26,"date":"2025-07-24T09:46:58","date_gmt":"2025-07-24T01:46:58","guid":{"rendered":"https:\/\/hvbio.com\/?post_type=product&#038;p=26"},"modified":"2025-08-13T14:59:04","modified_gmt":"2025-08-13T06:59:04","slug":"coconut-powder","status":"publish","type":"product","link":"https:\/\/www.hvbio.com\/es\/producto\/coconut-powder\/","title":{"rendered":"polvo de coco"},"content":{"rendered":"<table class=\"wp-block-table\">\n<thead>\n<tr>\n<th colspan=\"2\">Informaci\u00f3n del producto de polvo de coco<\/th>\n<\/tr>\n<\/thead>\n<tbody>\n<tr>\n<td><strong>Descripci\u00f3n<\/strong><\/td>\n<td>Un l\u00edquido blanco presente en el interior del coco, lo que lo convierte en una excelente bebida refrescante y calmante. Cuanto m\u00e1s maduro est\u00e9 el coco, mayor ser\u00e1 su contenido de prote\u00ednas y grasas, lo que le da a la leche de coco un color m\u00e1s oscuro. Se presenta como un polvo de color claro.<\/td>\n<\/tr>\n<tr>\n<td><strong>Origen<\/strong><\/td>\n<td>Hainan, China<\/td>\n<\/tr>\n<tr>\n<td><strong>Opciones de embalaje<\/strong><\/td>\n<td>25 kg por bid\u00f3n de cart\u00f3n o bolsa de papel de aluminio<\/td>\n<\/tr>\n<tr>\n<td><strong>Condiciones de almacenamiento<\/strong><\/td>\n<td>Sellado, sombreado y almacenamiento en un \u00e1rea seca, fresca y bien ventilada.<\/td>\n<\/tr>\n<tr>\n<td><strong>Duraci\u00f3n<\/strong><\/td>\n<td>24 meses<\/td>\n<\/tr>\n<tr>\n<td><strong>Embalaje del producto<\/strong><\/td>\n<td>Bidones de cart\u00f3n o bolsas de aluminio (personalizables seg\u00fan requerimientos del cliente)<\/td>\n<\/tr>\n<\/tbody>\n<\/table>","protected":false},"excerpt":{"rendered":"<p>Coconut Powder Product Information Description A white liquid found inside coconuts, making it an excellent refreshing and thirst-quenching beverage. The<\/p>","protected":false},"featured_media":9386,"comment_status":"open","ping_status":"closed","template":"","meta":[],"product_brand":[],"product_cat":[18,20],"product_tag":[],"class_list":{"0":"post-26","1":"product","2":"type-product","3":"status-publish","4":"has-post-thumbnail","6":"product_cat-fruit-and-vegetable-powder","7":"product_cat-fruit-powder","9":"first","10":"instock","11":"shipping-taxable","12":"product-type-simple"},"_links":{"self":[{"href":"https:\/\/www.hvbio.com\/es\/wp-json\/wp\/v2\/product\/26","targetHints":{"allow":["GET"]}}],"collection":[{"href":"https:\/\/www.hvbio.com\/es\/wp-json\/wp\/v2\/product"}],"about":[{"href":"https:\/\/www.hvbio.com\/es\/wp-json\/wp\/v2\/types\/product"}],"replies":[{"embeddable":true,"href":"https:\/\/www.hvbio.com\/es\/wp-json\/wp\/v2\/comments?post=26"}],"wp:featuredmedia":[{"embeddable":true,"href":"https:\/\/www.hvbio.com\/es\/wp-json\/wp\/v2\/media\/9386"}],"wp:attachment":[{"href":"https:\/\/www.hvbio.com\/es\/wp-json\/wp\/v2\/media?parent=26"}],"wp:term":[{"taxonomy":"product_brand","embeddable":true,"href":"https:\/\/www.hvbio.com\/es\/wp-json\/wp\/v2\/product_brand?post=26"},{"taxonomy":"product_cat","embeddable":true,"href":"https:\/\/www.hvbio.com\/es\/wp-json\/wp\/v2\/product_cat?post=26"},{"taxonomy":"product_tag","embeddable":true,"href":"https:\/\/www.hvbio.com\/es\/wp-json\/wp\/v2\/product_tag?post=26"}],"curies":[{"name":"wp","href":"https:\/\/api.w.org\/{rel}","templated":true}]}}