{"id":46,"date":"2025-07-24T09:51:07","date_gmt":"2025-07-24T01:51:07","guid":{"rendered":"https:\/\/hvbio.com\/?post_type=product&#038;p=46"},"modified":"2025-08-13T14:47:53","modified_gmt":"2025-08-13T06:47:53","slug":"spinach-freeze-dried-powder","status":"publish","type":"product","link":"https:\/\/www.hvbio.com\/es\/producto\/spinach-freeze-dried-powder\/","title":{"rendered":"Polvo liofilizado de espinacas"},"content":{"rendered":"<table class=\"wp-block-table\">\n<thead>\n<tr>\n<th colspan=\"2\">Informaci\u00f3n del producto de polvo liofilizado de espinaca<\/th>\n<\/tr>\n<\/thead>\n<tbody>\n<tr>\n<td><strong>Nombre del producto<\/strong><\/td>\n<td>Polvo liofilizado de espinacas<\/td>\n<\/tr>\n<tr>\n<td><strong>Alias<\/strong><\/td>\n<td>Espinaca liofilizada en polvo<\/td>\n<\/tr>\n<tr>\n<td><strong>Disolvente de extracci\u00f3n y parte de uso<\/strong><\/td>\n<td>Generalmente se utilizan hojas frescas de espinaca y tallos tiernos, y el proceso de extracci\u00f3n emplea principalmente tecnolog\u00eda de liofilizaci\u00f3n.<\/td>\n<\/tr>\n<tr>\n<td><strong>Apariencia<\/strong><\/td>\n<td>Polvo mayoritariamente verde a verde oscuro, con un olor distintivo a espinaca, textura suelta.<\/td>\n<\/tr>\n<tr>\n<td><strong>M\u00e9todo de detecci\u00f3n<\/strong><\/td>\n<td>TLC<\/td>\n<\/tr>\n<tr>\n<td><strong>Condiciones de almacenamiento<\/strong><\/td>\n<td>Conservar sellado en un lugar fresco, seco y sombreado, evitando altas temperaturas y humedad.<\/td>\n<\/tr>\n<tr>\n<td><strong>Duraci\u00f3n<\/strong><\/td>\n<td>Dos a\u00f1os<\/td>\n<\/tr>\n<\/tbody>\n<\/table>","protected":false},"excerpt":{"rendered":"<p>Spinach Freeze-dried Powder Product Information Product Name Spinach Freeze-dried Powder Alias Freeze-dried Spinach Powder Extraction Solvent &amp; Usage Part Typically<\/p>","protected":false},"featured_media":9252,"comment_status":"open","ping_status":"closed","template":"","meta":[],"product_brand":[],"product_cat":[18,21],"product_tag":[],"class_list":{"0":"post-46","1":"product","2":"type-product","3":"status-publish","4":"has-post-thumbnail","6":"product_cat-fruit-and-vegetable-powder","7":"product_cat-lyophilized-powder","9":"first","10":"instock","11":"shipping-taxable","12":"product-type-simple"},"_links":{"self":[{"href":"https:\/\/www.hvbio.com\/es\/wp-json\/wp\/v2\/product\/46","targetHints":{"allow":["GET"]}}],"collection":[{"href":"https:\/\/www.hvbio.com\/es\/wp-json\/wp\/v2\/product"}],"about":[{"href":"https:\/\/www.hvbio.com\/es\/wp-json\/wp\/v2\/types\/product"}],"replies":[{"embeddable":true,"href":"https:\/\/www.hvbio.com\/es\/wp-json\/wp\/v2\/comments?post=46"}],"wp:featuredmedia":[{"embeddable":true,"href":"https:\/\/www.hvbio.com\/es\/wp-json\/wp\/v2\/media\/9252"}],"wp:attachment":[{"href":"https:\/\/www.hvbio.com\/es\/wp-json\/wp\/v2\/media?parent=46"}],"wp:term":[{"taxonomy":"product_brand","embeddable":true,"href":"https:\/\/www.hvbio.com\/es\/wp-json\/wp\/v2\/product_brand?post=46"},{"taxonomy":"product_cat","embeddable":true,"href":"https:\/\/www.hvbio.com\/es\/wp-json\/wp\/v2\/product_cat?post=46"},{"taxonomy":"product_tag","embeddable":true,"href":"https:\/\/www.hvbio.com\/es\/wp-json\/wp\/v2\/product_tag?post=46"}],"curies":[{"name":"wp","href":"https:\/\/api.w.org\/{rel}","templated":true}]}}