{"id":48,"date":"2025-07-24T09:52:43","date_gmt":"2025-07-24T01:52:43","guid":{"rendered":"https:\/\/hvbio.com\/?post_type=product&#038;p=48"},"modified":"2025-08-13T14:39:59","modified_gmt":"2025-08-13T06:39:59","slug":"corn-freeze-dried-powder","status":"publish","type":"product","link":"https:\/\/www.hvbio.com\/es\/producto\/corn-freeze-dried-powder\/","title":{"rendered":"Polvo liofilizado de ma\u00edz"},"content":{"rendered":"<table class=\"wp-block-table\">\n<thead>\n<tr>\n<th colspan=\"2\">Informaci\u00f3n del producto de ma\u00edz en polvo liofilizado<\/th>\n<\/tr>\n<\/thead>\n<tbody>\n<tr>\n<td><strong>Nombre del producto<\/strong><\/td>\n<td>Polvo de ma\u00edz liofilizado<\/td>\n<\/tr>\n<tr>\n<td><strong>Nombres alternativos<\/strong><\/td>\n<td>Ma\u00edz, mazorca de ma\u00edz, mijo, arroz perlado<\/td>\n<\/tr>\n<tr>\n<td><strong>Caracter\u00edsticas del producto<\/strong><\/td>\n<td>polvo amarillo<\/td>\n<\/tr>\n<tr>\n<td><strong>Presupuesto<\/strong><\/td>\n<td>Polvo de ma\u00edz liofilizado. Para otras especificaciones, como jugo de ma\u00edz en polvo o extracto de ma\u00edz en proporciones 4:1, 10:1 o 20:1, contacte con atenci\u00f3n al cliente.<\/td>\n<\/tr>\n<tr>\n<td><strong>Fuente<\/strong><\/td>\n<td>Semillas<\/td>\n<\/tr>\n<tr>\n<td><strong>M\u00e9todo de an\u00e1lisis<\/strong><\/td>\n<td>An\u00e1lisis TLC<\/td>\n<\/tr>\n<tr>\n<td><strong>Recuento de productos<\/strong><\/td>\n<td>98% pasa a trav\u00e9s de una malla de 80<\/td>\n<\/tr>\n<tr>\n<td><strong>M\u00e9todo de embalaje<\/strong><\/td>\n<td>25 kg\/barril de cart\u00f3n o bolsa de papel de aluminio<\/td>\n<\/tr>\n<tr>\n<td><strong>Condici\u00f3n de almacenamiento<\/strong><\/td>\n<td>Debe sellarse y protegerse con sombra, almacenarse en un lugar seco, fresco y bien ventilado.<\/td>\n<\/tr>\n<tr>\n<td><strong>Duraci\u00f3n<\/strong><\/td>\n<td>24 meses<\/td>\n<\/tr>\n<\/tbody>\n<\/table>","protected":false},"excerpt":{"rendered":"<p>Freeze-dried Corn Powder Product Information Product Name Freeze-dried Corn Powder Alternative Names Corn, corn cob, millet, pearl rice Product Characteristics<\/p>","protected":false},"featured_media":9356,"comment_status":"open","ping_status":"closed","template":"","meta":[],"product_brand":[],"product_cat":[18,21],"product_tag":[],"class_list":{"0":"post-48","1":"product","2":"type-product","3":"status-publish","4":"has-post-thumbnail","6":"product_cat-fruit-and-vegetable-powder","7":"product_cat-lyophilized-powder","9":"first","10":"instock","11":"shipping-taxable","12":"product-type-simple"},"_links":{"self":[{"href":"https:\/\/www.hvbio.com\/es\/wp-json\/wp\/v2\/product\/48","targetHints":{"allow":["GET"]}}],"collection":[{"href":"https:\/\/www.hvbio.com\/es\/wp-json\/wp\/v2\/product"}],"about":[{"href":"https:\/\/www.hvbio.com\/es\/wp-json\/wp\/v2\/types\/product"}],"replies":[{"embeddable":true,"href":"https:\/\/www.hvbio.com\/es\/wp-json\/wp\/v2\/comments?post=48"}],"wp:featuredmedia":[{"embeddable":true,"href":"https:\/\/www.hvbio.com\/es\/wp-json\/wp\/v2\/media\/9356"}],"wp:attachment":[{"href":"https:\/\/www.hvbio.com\/es\/wp-json\/wp\/v2\/media?parent=48"}],"wp:term":[{"taxonomy":"product_brand","embeddable":true,"href":"https:\/\/www.hvbio.com\/es\/wp-json\/wp\/v2\/product_brand?post=48"},{"taxonomy":"product_cat","embeddable":true,"href":"https:\/\/www.hvbio.com\/es\/wp-json\/wp\/v2\/product_cat?post=48"},{"taxonomy":"product_tag","embeddable":true,"href":"https:\/\/www.hvbio.com\/es\/wp-json\/wp\/v2\/product_tag?post=48"}],"curies":[{"name":"wp","href":"https:\/\/api.w.org\/{rel}","templated":true}]}}