{"id":49,"date":"2025-07-24T09:53:27","date_gmt":"2025-07-24T01:53:27","guid":{"rendered":"https:\/\/hvbio.com\/?post_type=product&#038;p=49"},"modified":"2025-08-13T14:36:21","modified_gmt":"2025-08-13T06:36:21","slug":"blueberry-freeze-dried-powder","status":"publish","type":"product","link":"https:\/\/www.hvbio.com\/es\/producto\/blueberry-freeze-dried-powder\/","title":{"rendered":"Polvo liofilizado de ar\u00e1ndanos"},"content":{"rendered":"<table class=\"wp-block-table\">\n<thead>\n<tr>\n<th colspan=\"2\">Informaci\u00f3n del producto de polvo liofilizado de ar\u00e1ndanos<\/th>\n<\/tr>\n<\/thead>\n<tbody>\n<tr>\n<td><strong>Nombre del producto<\/strong><\/td>\n<td>Polvo liofilizado de ar\u00e1ndanos<\/td>\n<\/tr>\n<tr>\n<td><strong>Nombres alternativos<\/strong><\/td>\n<td>Dudu, frijol negro, Doushi, Dianguo, Diguo<\/td>\n<\/tr>\n<tr>\n<td><strong>Nombre en lat\u00edn<\/strong><\/td>\n<td>Vaccinium spp.<\/td>\n<\/tr>\n<tr>\n<td><strong>Distribuci\u00f3n geogr\u00e1fica<\/strong><\/td>\n<td>China (Heilongjiang), Am\u00e9rica del Norte, Europa, Rusia<\/td>\n<\/tr>\n<tr>\n<td><strong>Apariencia<\/strong><\/td>\n<td>polvo morado<\/td>\n<\/tr>\n<tr>\n<td><strong>Especificaci\u00f3n<\/strong><\/td>\n<td>Este producto es polvo liofilizado de ar\u00e1ndano. Para otras especificaciones, como jugo de ar\u00e1ndano en polvo o extracto de ar\u00e1ndano, contacte con atenci\u00f3n al cliente.<\/td>\n<\/tr>\n<tr>\n<td><strong>Pieza de extracci\u00f3n<\/strong><\/td>\n<td>Pulpa de fruta<\/td>\n<\/tr>\n<tr>\n<td><strong>Tama\u00f1o de part\u00edcula<\/strong><\/td>\n<td>Pasa a trav\u00e9s de un tamiz de malla 80<\/td>\n<\/tr>\n<tr>\n<td><strong>Condiciones de almacenamiento<\/strong><\/td>\n<td>Conservar en un lugar fresco, seco, a la sombra y protegido de altas temperaturas. La vida \u00fatil es de 2 a\u00f1os.<\/td>\n<\/tr>\n<\/tbody>\n<\/table>","protected":false},"excerpt":{"rendered":"<p>Blueberry Freeze-Dried Powder Product Information Product Name Blueberry Freeze-Dried Powder Alternative Names Dudu, Black Bean Tree, Doushi, Dianguo, Diguo Latin<\/p>","protected":false},"featured_media":9340,"comment_status":"open","ping_status":"closed","template":"","meta":[],"product_brand":[],"product_cat":[18,21],"product_tag":[],"class_list":{"0":"post-49","1":"product","2":"type-product","3":"status-publish","4":"has-post-thumbnail","6":"product_cat-fruit-and-vegetable-powder","7":"product_cat-lyophilized-powder","9":"first","10":"instock","11":"shipping-taxable","12":"product-type-simple"},"_links":{"self":[{"href":"https:\/\/www.hvbio.com\/es\/wp-json\/wp\/v2\/product\/49","targetHints":{"allow":["GET"]}}],"collection":[{"href":"https:\/\/www.hvbio.com\/es\/wp-json\/wp\/v2\/product"}],"about":[{"href":"https:\/\/www.hvbio.com\/es\/wp-json\/wp\/v2\/types\/product"}],"replies":[{"embeddable":true,"href":"https:\/\/www.hvbio.com\/es\/wp-json\/wp\/v2\/comments?post=49"}],"wp:featuredmedia":[{"embeddable":true,"href":"https:\/\/www.hvbio.com\/es\/wp-json\/wp\/v2\/media\/9340"}],"wp:attachment":[{"href":"https:\/\/www.hvbio.com\/es\/wp-json\/wp\/v2\/media?parent=49"}],"wp:term":[{"taxonomy":"product_brand","embeddable":true,"href":"https:\/\/www.hvbio.com\/es\/wp-json\/wp\/v2\/product_brand?post=49"},{"taxonomy":"product_cat","embeddable":true,"href":"https:\/\/www.hvbio.com\/es\/wp-json\/wp\/v2\/product_cat?post=49"},{"taxonomy":"product_tag","embeddable":true,"href":"https:\/\/www.hvbio.com\/es\/wp-json\/wp\/v2\/product_tag?post=49"}],"curies":[{"name":"wp","href":"https:\/\/api.w.org\/{rel}","templated":true}]}}