{"id":64,"date":"2025-07-24T10:10:30","date_gmt":"2025-07-24T02:10:30","guid":{"rendered":"https:\/\/hvbio.com\/?post_type=product&#038;p=64"},"modified":"2025-08-13T14:34:03","modified_gmt":"2025-08-13T06:34:03","slug":"boswellic-acid-65","status":"publish","type":"product","link":"https:\/\/www.hvbio.com\/es\/producto\/boswellic-acid-65\/","title":{"rendered":"\u00c1cido bosw\u00e9lico 65%"},"content":{"rendered":"<table class=\"wp-block-table\">\n<thead>\n<tr>\n<th colspan=\"2\">Informaci\u00f3n del producto \u00c1cido bosw\u00e9lico 65%<\/th>\n<\/tr>\n<\/thead>\n<tbody>\n<tr>\n<td><strong>Nombre del producto<\/strong><\/td>\n<td>\u00c1cido bosw\u00e9lico 65%<\/td>\n<\/tr>\n<tr>\n<td><strong>Especificaci\u00f3n<\/strong><\/td>\n<td>65% Contenido de \u00e1cido del incienso (otras especificaciones disponibles a pedido)<\/td>\n<\/tr>\n<tr>\n<td><strong>Apariencia<\/strong><\/td>\n<td>Polvo blanquecino<\/td>\n<\/tr>\n<tr>\n<td><strong>Olor<\/strong><\/td>\n<td>Olor especial<\/td>\n<\/tr>\n<tr>\n<td><strong>F\u00f3rmula molecular<\/strong><\/td>\n<td>do<sub>30<\/sub>H<sub>48<\/sub>Oh<sub>3<\/sub><\/td>\n<\/tr>\n<tr>\n<td><strong>Peso molecular<\/strong><\/td>\n<td>456.7<\/td>\n<\/tr>\n<tr>\n<td><strong>N\u00famero CAS<\/strong><\/td>\n<td>471-66-9<\/td>\n<\/tr>\n<tr>\n<td><strong>Origen de la materia prima<\/strong><\/td>\n<td>\n<ul>\n<li>Incienso somal\u00ed (en cuentas y crudo)<\/li>\n<li>Incienso et\u00edope (en cuentas y crudo)<\/li>\n<\/ul>\n<\/td>\n<\/tr>\n<tr>\n<td><strong>Embalaje<\/strong><\/td>\n<td>\n<ul>\n<li>Bolsa de papel de aluminio de 1 kg<\/li>\n<li>Tambor de cart\u00f3n de 25 kg (bolsa de pl\u00e1stico interior de doble capa, tambor exterior de cart\u00f3n)<\/li>\n<\/ul>\n<\/td>\n<\/tr>\n<tr>\n<td><strong>Almacenamiento<\/strong><\/td>\n<td>Conservar en un lugar fresco, seco y protegido de la luz.<\/td>\n<\/tr>\n<tr>\n<td><strong>Duraci\u00f3n<\/strong><\/td>\n<td>2 a\u00f1os<\/td>\n<\/tr>\n<\/tbody>\n<\/table>","protected":false},"excerpt":{"rendered":"<p>Boswellic Acid 65% Product Information Product Name Boswellic Acid 65% Specification 65% Frankincense acid content (other specifications available upon request)<\/p>","protected":false},"featured_media":9336,"comment_status":"open","ping_status":"closed","template":"","meta":[],"product_brand":[],"product_cat":[17,23],"product_tag":[],"class_list":{"0":"post-64","1":"product","2":"type-product","3":"status-publish","4":"has-post-thumbnail","6":"product_cat-plant-extract","7":"product_cat-standard-extract","9":"first","10":"instock","11":"shipping-taxable","12":"product-type-simple"},"_links":{"self":[{"href":"https:\/\/www.hvbio.com\/es\/wp-json\/wp\/v2\/product\/64","targetHints":{"allow":["GET"]}}],"collection":[{"href":"https:\/\/www.hvbio.com\/es\/wp-json\/wp\/v2\/product"}],"about":[{"href":"https:\/\/www.hvbio.com\/es\/wp-json\/wp\/v2\/types\/product"}],"replies":[{"embeddable":true,"href":"https:\/\/www.hvbio.com\/es\/wp-json\/wp\/v2\/comments?post=64"}],"wp:featuredmedia":[{"embeddable":true,"href":"https:\/\/www.hvbio.com\/es\/wp-json\/wp\/v2\/media\/9336"}],"wp:attachment":[{"href":"https:\/\/www.hvbio.com\/es\/wp-json\/wp\/v2\/media?parent=64"}],"wp:term":[{"taxonomy":"product_brand","embeddable":true,"href":"https:\/\/www.hvbio.com\/es\/wp-json\/wp\/v2\/product_brand?post=64"},{"taxonomy":"product_cat","embeddable":true,"href":"https:\/\/www.hvbio.com\/es\/wp-json\/wp\/v2\/product_cat?post=64"},{"taxonomy":"product_tag","embeddable":true,"href":"https:\/\/www.hvbio.com\/es\/wp-json\/wp\/v2\/product_tag?post=64"}],"curies":[{"name":"wp","href":"https:\/\/api.w.org\/{rel}","templated":true}]}}